{"id":10009,"date":"2017-03-10T16:03:16","date_gmt":"2017-03-10T15:03:16","guid":{"rendered":"https:\/\/www.bionika.hu\/scandrea-implant-system\/"},"modified":"2026-05-08T11:12:08","modified_gmt":"2026-05-08T09:12:08","slug":"scandrea-implant-system-2","status":"publish","type":"page","link":"https:\/\/www.bionika.hu\/en\/scandrea-implant-system-2\/","title":{"rendered":"Scandrea Implant System"},"content":{"rendered":"\n<div class=\"et_pb_section_0 et_pb_section et_section_regular et_block_section\"><div class=\"et_pb_row_0 et_pb_row et_block_row\"><div class=\"et_pb_column_0 et_pb_column et_pb_column_4_4 et-last-child et_block_column et_pb_css_mix_blend_mode_passthrough\"><div class=\"et_pb_image_0 et_pb_image et_pb_module et_block_module\"><span class=\"et_pb_image_wrap\"><img loading=\"lazy\" decoding=\"async\" src=\"https:\/\/www.bionika.hu\/wp-content\/uploads\/scandrea_head_001.jpg\" width=\"1910\" height=\"520\" srcset=\"https:\/\/www.bionika.hu\/wp-content\/uploads\/scandrea_head_001.jpg 1910w, https:\/\/www.bionika.hu\/wp-content\/uploads\/scandrea_head_001-1280x348.jpg 1280w, https:\/\/www.bionika.hu\/wp-content\/uploads\/scandrea_head_001-980x267.jpg 980w, https:\/\/www.bionika.hu\/wp-content\/uploads\/scandrea_head_001-480x131.jpg 480w\" sizes=\"(min-width: 0px) and (max-width: 480px) 480px, (min-width: 481px) and (max-width: 980px) 980px, (min-width: 981px) and (max-width: 1280px) 1280px, (min-width: 1281px) 1910px, 100vw\" class=\"wp-image-52422\" title=\"scandrea_head_001\" \/><\/span><\/div><\/div><\/div><\/div><div class=\"et_pb_section_1 et_pb_section et_section_regular et_block_section\"><div class=\"et_pb_row_1 et_pb_row et_pb_equal_columns et_block_row\"><div class=\"et_pb_column_1 et_pb_column et_pb_column_1_2 et_block_column et_pb_css_mix_blend_mode_passthrough v-kozep\"><div class=\"et_pb_text_0 et_pb_text et_pb_bg_layout_light et_pb_module et_block_module\"><div class=\"et_pb_text_inner\"><blockquote>\n<p style=\"text-align: justify;\">Scandrea, one of our latest implant systems, is the result of the most excellent engineering work feasible. Being a premium category product of BIONIKA, Scandrea is sure to meet any and all expectations.\u00a0<\/p>\n<\/blockquote>\n<p style=\"text-align: justify;\">Regular Scandrea implants are perfectly suitable for average bone structures, ensuring long-term retention of dentures. Around 75% of patients may be treated with this type. Its base material is a high-strength titanium alloy with a homogeneous structure.<\/p>\n<p style=\"text-align: justify;\"><strong>Connection: Conical-Connection<\/strong><\/p>\n<p style=\"text-align: justify;\">The used fixation generates a micromotion-free power transmission and offers favorable conditions for accurate sampling. It superimposes any force deep into the implant.<\/p>\n<\/div><\/div><\/div><div class=\"et_pb_column_2 et_pb_column et_pb_column_1_2 et-last-child et_block_column et_pb_css_mix_blend_mode_passthrough\"><div class=\"et_pb_image_1 et_pb_image et_animated et_pb_module et_block_module\"><span class=\"et_pb_image_wrap\"><img loading=\"lazy\" decoding=\"async\" src=\"https:\/\/www.bionika.hu\/wp-content\/uploads\/2017\/04\/scandrea-csatlakozas-1.png\" width=\"1162\" height=\"977\" srcset=\"https:\/\/www.bionika.hu\/wp-content\/uploads\/2017\/04\/scandrea-csatlakozas-1.png 1162w, https:\/\/www.bionika.hu\/wp-content\/uploads\/2017\/04\/scandrea-csatlakozas-1-980x824.png 980w, https:\/\/www.bionika.hu\/wp-content\/uploads\/2017\/04\/scandrea-csatlakozas-1-480x404.png 480w\" sizes=\"(min-width: 0px) and (max-width: 480px) 480px, (min-width: 481px) and (max-width: 980px) 980px, (min-width: 981px) 1162px, 100vw\" class=\"wp-image-41396\" alt=\"Scandrea 6-sloth conical connaction\" \/><\/span><\/div><\/div><\/div><\/div><div class=\"et_pb_section_2 et_pb_section et_section_regular et_block_section\"><div class=\"et_pb_row_2 et_pb_row et_pb_equal_columns et_block_row\"><div class=\"et_pb_column_3 et_pb_column et_pb_column_1_2 et_block_column et_pb_css_mix_blend_mode_passthrough\"><div class=\"et_pb_image_2 et_pb_image et_animated et_pb_module et_block_module\"><span class=\"et_pb_image_wrap\"><img loading=\"lazy\" decoding=\"async\" src=\"https:\/\/www.bionika.hu\/wp-content\/uploads\/2017\/04\/scandrea-normal-emelt-implant.png\" width=\"1316\" height=\"720\" srcset=\"https:\/\/www.bionika.hu\/wp-content\/uploads\/2017\/04\/scandrea-normal-emelt-implant.png 1316w, https:\/\/www.bionika.hu\/wp-content\/uploads\/2017\/04\/scandrea-normal-emelt-implant-1280x700.png 1280w, https:\/\/www.bionika.hu\/wp-content\/uploads\/2017\/04\/scandrea-normal-emelt-implant-980x536.png 980w, https:\/\/www.bionika.hu\/wp-content\/uploads\/2017\/04\/scandrea-normal-emelt-implant-480x263.png 480w\" sizes=\"(min-width: 0px) and (max-width: 480px) 480px, (min-width: 481px) and (max-width: 980px) 980px, (min-width: 981px) and (max-width: 1280px) 1280px, (min-width: 1281px) 1316px, 100vw\" class=\"wp-image-41405\" alt=\"Minden Scandrea implant\u00e1tum kaphat\u00f3 norm\u00e1l- \u00e9s emeltkont\u00faros kivitelben is.\" \/><\/span><\/div><\/div><div class=\"et_pb_column_4 et_pb_column et_pb_column_1_2 et-last-child et_block_column et_pb_css_mix_blend_mode_passthrough v-kozep\"><div class=\"et_pb_text_1 et_pb_text et_pb_bg_layout_light et_pb_module et_block_module\"><div class=\"et_pb_text_inner\"><p style=\"text-align: justify;\"><strong>Cortical Level -\u00a0<\/strong>The chances of the implant's persistency are significantly improved by inserting the upper edge of the implant at the cortical level or below.<\/p>\n<p style=\"text-align: justify;\"><strong>Platform switching -<\/strong> The diameter of the abutment is smaller than the bone-bound outer portion of the implant. This allows the bone to \"crawl\" on the upper edge of the implant.<\/p>\n<\/div><\/div><\/div><\/div><\/div><div class=\"et_pb_section_3 et_pb_section et_section_regular et_block_section\"><div class=\"et_pb_row_3 et_pb_row et_pb_equal_columns et_block_row\"><div class=\"et_pb_column_5 et_pb_column et_pb_column_1_2 et_block_column et_pb_css_mix_blend_mode_passthrough v-kozep\"><div class=\"et_pb_text_2 et_pb_text et_pb_bg_layout_light et_pb_module et_block_module\"><div class=\"et_pb_text_inner\"><p style=\"text-align: justify;\"><strong>Spirally micro-grooved surface -<\/strong> The micro-grooved spiral surface functions as a significant load-bearing element. The self-locking thread structure and the cycloid cord thread ensure a micromotion-free state and quick installation.<\/p>\n<p style=\"text-align: justify;\"><strong>Anatomical tooth root shape - <\/strong>The implant has a bone-compacting effect due to its conicity and high thread pitch, thread depth, self-sealing and self-tapping design, and can be put under load immediately with due care.<\/p>\n<p style=\"text-align: justify;\"><strong>Rounded implant end - <\/strong>Facilitates minor direction changes during implantation.<\/p>\n<\/div><\/div><\/div><div class=\"et_pb_column_6 et_pb_column et_pb_column_1_2 et-last-child et_block_column et_pb_css_mix_blend_mode_passthrough\"><div class=\"et_pb_image_3 et_pb_image et_animated et_pb_module et_block_module\"><span class=\"et_pb_image_wrap\"><img loading=\"lazy\" decoding=\"async\" src=\"https:\/\/www.bionika.hu\/wp-content\/uploads\/2017\/04\/scandrea-implatrendszer-implant.png\" width=\"2278\" height=\"1321\" srcset=\"https:\/\/www.bionika.hu\/wp-content\/uploads\/2017\/04\/scandrea-implatrendszer-implant.png 2278w, https:\/\/www.bionika.hu\/wp-content\/uploads\/2017\/04\/scandrea-implatrendszer-implant-1280x742.png 1280w, https:\/\/www.bionika.hu\/wp-content\/uploads\/2017\/04\/scandrea-implatrendszer-implant-980x568.png 980w, https:\/\/www.bionika.hu\/wp-content\/uploads\/2017\/04\/scandrea-implatrendszer-implant-480x278.png 480w\" sizes=\"(min-width: 0px) and (max-width: 480px) 480px, (min-width: 481px) and (max-width: 980px) 980px, (min-width: 981px) and (max-width: 1280px) 1280px, (min-width: 1281px) 2278px, 100vw\" class=\"wp-image-41399\" alt=\"6 \u00e1tm\u00e9r\u0151b\u0151l v\u00e1laszthat.\" \/><\/span><\/div><\/div><\/div><\/div><div class=\"et_pb_section_4 et_pb_section et_section_regular et_block_section\"><div class=\"et_pb_row_4 et_pb_row et_pb_equal_columns et_block_row\"><div class=\"et_pb_column_7 et_pb_column et_pb_column_1_2 et_block_column et_pb_css_mix_blend_mode_passthrough\"><div class=\"et_pb_image_4 et_pb_image et_animated et_pb_module et_block_module\"><span class=\"et_pb_image_wrap\"><img loading=\"lazy\" decoding=\"async\" src=\"https:\/\/www.bionika.hu\/wp-content\/uploads\/2017\/04\/scandrea-43-emelt-meretek-1.png\" width=\"1844\" height=\"799\" srcset=\"https:\/\/www.bionika.hu\/wp-content\/uploads\/2017\/04\/scandrea-43-emelt-meretek-1.png 1844w, https:\/\/www.bionika.hu\/wp-content\/uploads\/2017\/04\/scandrea-43-emelt-meretek-1-1280x555.png 1280w, https:\/\/www.bionika.hu\/wp-content\/uploads\/2017\/04\/scandrea-43-emelt-meretek-1-980x425.png 980w, https:\/\/www.bionika.hu\/wp-content\/uploads\/2017\/04\/scandrea-43-emelt-meretek-1-480x208.png 480w\" sizes=\"(min-width: 0px) and (max-width: 480px) 480px, (min-width: 481px) and (max-width: 980px) 980px, (min-width: 981px) and (max-width: 1280px) 1280px, (min-width: 1281px) 1844px, 100vw\" class=\"wp-image-41393\" alt=\"Legal\u00e1bb 6 hosszm\u00e9ret \u00e1tm\u00e9rn\u0151nk\u00e9nt, a 7-es \u00e1tm\u00e9r\u0151 kiv\u00e9tel\u00e9vel.\" \/><\/span><\/div><\/div><div class=\"et_pb_column_8 et_pb_column et_pb_column_1_2 et-last-child et_block_column et_pb_css_mix_blend_mode_passthrough v-kozep\"><div class=\"et_pb_text_3 et_pb_text et_pb_bg_layout_light et_pb_module et_block_module\"><div class=\"et_pb_text_inner\"><p style=\"text-align: justify;\">The Scandrea Implant System consists of six implants, all different in diameter and available in a wide range of lengths, guaranteeing an adequate solution for every situation. Our implants are made of homogeneous, high-strength titanium alloy.<\/p>\n<blockquote>\n<p style=\"text-align: justify;\">All Scandrea implants are available in standard and elevated contour desgins (\"<strong>Scandrea+<\/strong>\").<\/p>\n<\/blockquote>\n<\/div><\/div><\/div><\/div><\/div><div class=\"et_pb_section_5 et_pb_section et_section_regular et_block_section\"><div class=\"et_pb_row_5 et_pb_row et_pb_equal_columns et_block_row\"><div class=\"et_pb_column_9 et_pb_column et_pb_column_1_2 et_block_column et_pb_css_mix_blend_mode_passthrough v-kozep\"><div class=\"et_pb_text_4 et_pb_text et_pb_bg_layout_light et_pb_module et_block_module\"><div class=\"et_pb_text_inner\"><h2 style=\"text-align: justify;\">Abutments<\/h2>\n<p style=\"text-align: justify;\">In accordance with the ISO 5832-4 ASTM F136 standard, we use alloyed, high-strength Grade 5 titanium for the production of all of our abutments. You can find abutments compatible with our implants in many different sizes and widths, and for unique cases we can even manufacture personalized solutions. We also offer implant heads for removable, scewed and adhesive dentures, as well as implant-level casting heads, temporary heads, healing caps and prosthetic &amp; CAD-CAM elements.\u00a0<\/p>\n<blockquote>\n<p style=\"text-align: justify;\"><strong>We have more than 40 types of geometries available for plastic, zirconium, titanium and cobalt-chrome based dentures. <\/strong><\/p>\n<\/blockquote>\n<\/div><\/div><\/div><div class=\"et_pb_column_10 et_pb_column et_pb_column_1_2 et-last-child et_block_column et_pb_css_mix_blend_mode_passthrough\"><div class=\"et_pb_image_5 et_pb_image et_animated et_pb_module et_block_module\"><span class=\"et_pb_image_wrap\"><img loading=\"lazy\" decoding=\"async\" src=\"https:\/\/www.bionika.hu\/wp-content\/uploads\/scandrea-felepitmenyek1.png\" width=\"3000\" height=\"2500\" srcset=\"https:\/\/www.bionika.hu\/wp-content\/uploads\/scandrea-felepitmenyek1.png 3000w, https:\/\/www.bionika.hu\/wp-content\/uploads\/scandrea-felepitmenyek1-1280x1067.png 1280w, https:\/\/www.bionika.hu\/wp-content\/uploads\/scandrea-felepitmenyek1-980x817.png 980w, https:\/\/www.bionika.hu\/wp-content\/uploads\/scandrea-felepitmenyek1-480x400.png 480w\" sizes=\"(min-width: 0px) and (max-width: 480px) 480px, (min-width: 481px) and (max-width: 980px) 980px, (min-width: 981px) and (max-width: 1280px) 1280px, (min-width: 1281px) 3000px, 100vw\" class=\"wp-image-52386\" title=\"scandrea-fel\u00e9p\u00edtm\u00e9nyek1\" alt=\"Scandrea Implantfejek\" \/><\/span><\/div><\/div><\/div><\/div><div class=\"et_pb_section_6 et_pb_section et_section_regular et_block_section\"><div class=\"et_pb_row_6 et_pb_row et_pb_equal_columns et_block_row\"><div class=\"et_pb_column_11 et_pb_column et_pb_column_1_2 et_block_column et_pb_css_mix_blend_mode_passthrough\"><div class=\"et_pb_image_6 et_pb_image et_animated et_pb_module et_block_module\"><a href=\"https:\/\/www.bionika.hu\/wp-content\/uploads\/2025\/04\/K-MD07-013-v03-250416-EN-scandrea-katalogus-2025_angol.pdf\" target=\"_blank\"><span class=\"et_pb_image_wrap\"><img loading=\"lazy\" decoding=\"async\" src=\"https:\/\/www.bionika.hu\/wp-content\/uploads\/2017\/03\/Scandrea-katalogus-letoltes.png\" width=\"928\" height=\"565\" srcset=\"https:\/\/www.bionika.hu\/wp-content\/uploads\/2017\/03\/Scandrea-katalogus-letoltes.png 928w, https:\/\/www.bionika.hu\/wp-content\/uploads\/2017\/03\/Scandrea-katalogus-letoltes-480x292.png 480w\" sizes=\"(min-width: 0px) and (max-width: 480px) 480px, (min-width: 481px) 928px, 100vw\" class=\"wp-image-40518\" title=\"T\u00f6ltse le Scandrea katal\u00f3gusunkat pdf form\u00e1tumban!\" alt=\"BIONIKA Scandrea Implant\u00e1ci\u00f3s Rendszer\" \/><\/span><\/a><\/div><\/div><div class=\"et_pb_column_12 et_pb_column et_pb_column_1_2 et-last-child et_block_column et_pb_css_mix_blend_mode_passthrough v-kozep\"><div class=\"et_pb_text_5 et_pb_text et_pb_bg_layout_light et_pb_module et_block_module et_pb_text_align_center\"><div class=\"et_pb_text_inner\"><p style=\"text-align: center;\"><span style=\"color: #02b5ec;\"><strong>For further information, <\/strong><\/span><\/p>\n<p style=\"text-align: center;\"><span style=\"color: #02b5ec;\"><strong>check out our catalogue!<\/strong><\/span><\/p>\n<\/div><\/div><div class=\"et_pb_module et_pb_button_module_wrapper et_pb_button_0_wrapper\"><a class=\"et_pb_button_0 et_pb_button et_pb_bg_layout_light et_pb_module et_block_module\" href=\"https:\/\/shop.en.bionika.hu\/collections\/bionika-scandrea\" target=\"_blank\" data-icon=\"\ue07a\">Visit webshop!<\/a><\/div><\/div><\/div><\/div>\n","protected":false},"excerpt":{"rendered":"","protected":false},"author":5,"featured_media":0,"parent":0,"menu_order":0,"comment_status":"closed","ping_status":"closed","template":"","meta":{"footnotes":""},"class_list":["post-10009","page","type-page","status-publish","hentry"],"_links":{"self":[{"href":"https:\/\/www.bionika.hu\/en\/wp-json\/wp\/v2\/pages\/10009","targetHints":{"allow":["GET"]}}],"collection":[{"href":"https:\/\/www.bionika.hu\/en\/wp-json\/wp\/v2\/pages"}],"about":[{"href":"https:\/\/www.bionika.hu\/en\/wp-json\/wp\/v2\/types\/page"}],"author":[{"embeddable":true,"href":"https:\/\/www.bionika.hu\/en\/wp-json\/wp\/v2\/users\/5"}],"replies":[{"embeddable":true,"href":"https:\/\/www.bionika.hu\/en\/wp-json\/wp\/v2\/comments?post=10009"}],"version-history":[{"count":9,"href":"https:\/\/www.bionika.hu\/en\/wp-json\/wp\/v2\/pages\/10009\/revisions"}],"predecessor-version":[{"id":61508,"href":"https:\/\/www.bionika.hu\/en\/wp-json\/wp\/v2\/pages\/10009\/revisions\/61508"}],"wp:attachment":[{"href":"https:\/\/www.bionika.hu\/en\/wp-json\/wp\/v2\/media?parent=10009"}],"curies":[{"name":"wp","href":"https:\/\/api.w.org\/{rel}","templated":true}]}}