{"id":10569,"date":"2017-03-13T15:37:19","date_gmt":"2017-03-13T14:37:19","guid":{"rendered":"https:\/\/www.bionika.hu\/hybrid-mini-implant-system\/"},"modified":"2026-05-08T11:12:31","modified_gmt":"2026-05-08T09:12:31","slug":"hybrid-2","status":"publish","type":"page","link":"https:\/\/www.bionika.hu\/en\/hybrid-2\/","title":{"rendered":"Hybrid mini Implant System"},"content":{"rendered":"\n<div class=\"et_pb_section_0 et_pb_section et_section_regular et_block_section\"><div class=\"et_pb_row_0 et_pb_row et_pb_equal_columns et_block_row\"><div class=\"et_pb_column_0 et_pb_column et_pb_column_2_3 et_block_column et_pb_css_mix_blend_mode_passthrough\"><div class=\"et_pb_image_0 et_pb_image et_animated et_pb_module et_block_module\"><span class=\"et_pb_image_wrap\"><img loading=\"lazy\" decoding=\"async\" src=\"https:\/\/www.bionika.hu\/wp-content\/uploads\/hybrid-mini-rendszer.png\" width=\"938\" height=\"543\" srcset=\"https:\/\/www.bionika.hu\/wp-content\/uploads\/hybrid-mini-rendszer.png 938w, https:\/\/www.bionika.hu\/wp-content\/uploads\/hybrid-mini-rendszer-480x278.png 480w\" sizes=\"(min-width: 0px) and (max-width: 480px) 480px, (min-width: 481px) 938px, 100vw\" class=\"wp-image-50732\" alt=\"Hybrid mini Implant System is a two-piece , outer hexed mini implant.\" \/><\/span><\/div><\/div><div class=\"et_pb_column_1 et_pb_column et_pb_column_1_3 et-last-child et_block_column et_pb_css_mix_blend_mode_passthrough v-kozep\"><div class=\"et_pb_text_0 et_pb_text et_pb_bg_layout_light et_animated et_pb_module et_block_module\"><div class=\"et_pb_text_inner\"><h1 style=\"text-align: center;\">Hybrid<\/h1>\n<h2 style=\"text-align: center;\"><strong>Implant System<\/strong><\/h2>\n<\/div><\/div><\/div><\/div><\/div><div class=\"et_pb_section_1 et_pb_section et_section_specialty et_pb_gutters3 et_block_section\"><div class=\"et_pb_row et_block_row\"><div class=\"et_pb_column_2 et_pb_column et_pb_column_single et_pb_column_1_3 et_block_column et_pb_css_mix_blend_mode_passthrough\"><div class=\"et_pb_image_1 et_pb_image et_animated et_pb_module et_block_module\"><span class=\"et_pb_image_wrap\"><img loading=\"lazy\" decoding=\"async\" src=\"https:\/\/www.bionika.hu\/wp-content\/uploads\/hybrid-classic-t.png\" width=\"864\" height=\"867\" srcset=\"https:\/\/www.bionika.hu\/wp-content\/uploads\/hybrid-classic-t.png 864w, https:\/\/www.bionika.hu\/wp-content\/uploads\/hybrid-classic-t-480x482.png 480w\" sizes=\"(min-width: 0px) and (max-width: 480px) 480px, (min-width: 481px) 864px, 100vw\" class=\"wp-image-50711\" alt=\"Hybrid Classic implants with Br\u00f6nemark type of hexagon cross-sectional head form.\" \/><\/span><\/div><\/div><div class=\"et_pb_column_3 et_pb_column et_pb_specialty_column et_pb_column_2_3 et-last-child et_block_column et_pb_css_mix_blend_mode_passthrough\"><div class=\"et_pb_row_inner_0 et_pb_row_inner et_block_row\"><div class=\"et_pb_column_inner_0 et_pb_column_inner et_pb_column et_pb_column_4_4 et-last-child et_block_column et_pb_css_mix_blend_mode_passthrough\"><div class=\"et_pb_text_1 et_pb_text et_pb_bg_layout_light et_pb_module et_block_module\"><div class=\"et_pb_text_inner\"><h1 style=\"text-align: center;\"><span style=\"color: #0099cc;\">\u00a0<strong>Hybrid Classic\u00a0<\/strong>-<span style=\"font-family: 'Yanone Kaffeesatz'; font-weight: normal;\">\u00a0With removable abutments<\/span><\/span><\/h1>\n<\/div><\/div><div class=\"et_pb_text_2 et_pb_text et_pb_bg_layout_light et_pb_module et_block_module\"><div class=\"et_pb_text_inner\"><p style=\"text-align: justify;\">The characteristics of the Hybrid Classic Implant: It is a Br\u00f6nemark type hexagonal cross section head with inner cone and screw thread. Micro thread structure with a four paragraphed cortical cord thread. Double paragraphed normal cord thread body part for dynamic force reduction. With increased contour and increased thread depth, the cycloid thread structure with primary stability, self-cutting edge and anti-rotation groove. Each element of the thread has a radius-shaped, continuously variable cross-section.<\/p>\n<\/div><\/div><\/div><\/div><\/div><\/div><\/div><div class=\"et_pb_section_2 et_pb_section et_section_specialty et_pb_gutters3 et_block_section\"><div class=\"et_pb_row et_block_row\"><div class=\"et_pb_column_4 et_pb_column et_pb_column_single et_pb_column_1_3 et_block_column et_pb_css_mix_blend_mode_passthrough\"><div class=\"et_pb_image_2 et_pb_image et_animated et_pb_module et_block_module\"><span class=\"et_pb_image_wrap\"><img loading=\"lazy\" decoding=\"async\" src=\"https:\/\/www.bionika.hu\/wp-content\/uploads\/hybrid-mini-t.png\" width=\"864\" height=\"867\" srcset=\"https:\/\/www.bionika.hu\/wp-content\/uploads\/hybrid-mini-t.png 864w, https:\/\/www.bionika.hu\/wp-content\/uploads\/hybrid-mini-t-480x482.png 480w\" sizes=\"(min-width: 0px) and (max-width: 480px) 480px, (min-width: 481px) 864px, 100vw\" class=\"wp-image-50735\" alt=\"Thinner, Hybrid mini implants\" \/><\/span><\/div><\/div><div class=\"et_pb_column_5 et_pb_column et_pb_specialty_column et_pb_column_2_3 et-last-child et_block_column et_pb_css_mix_blend_mode_passthrough\"><div class=\"et_pb_row_inner_1 et_pb_row_inner et_block_row\"><div class=\"et_pb_column_inner_1 et_pb_column_inner et_pb_column et_pb_column_4_4 et-last-child et_block_column et_pb_css_mix_blend_mode_passthrough\"><div class=\"et_pb_text_3 et_pb_text et_pb_bg_layout_light et_pb_module et_block_module\"><div class=\"et_pb_text_inner\"><h1 style=\"text-align: center;\"><span style=\"color: #0099cc;\">\u00a0<span style=\"color: #0099cc;\"><strong>Hybrid mini\u00a0- <\/strong><span style=\"font-family: 'Yanone Kaffeesatz';\">Versatile mini implant<\/span><\/span><\/span><\/h1>\n<\/div><\/div><div class=\"et_pb_text_4 et_pb_text et_pb_bg_layout_light et_pb_module et_block_module\"><div class=\"et_pb_text_inner\"><p style=\"text-align: justify;\">There are more and more patients with a small bone supply, who naturally have the needs of regaining the 100% function of their teeth. BIONIKA has developed the Hybrid mini implant system, which enables them to produce teethworks for versatile usage.<\/p>\n<p style=\"text-align: justify;\">The Hybrid mini implants are applied in the case of average hard and thin bone structure, for removable or screwed toothworks depending on the used abutments.<\/p>\n<\/div><\/div><\/div><\/div><\/div><\/div><\/div><div class=\"et_pb_section_3 et_pb_section et_section_specialty et_pb_gutters3 et_block_section\"><div class=\"et_pb_row et_block_row\"><div class=\"et_pb_column_6 et_pb_column et_pb_column_single et_pb_column_1_3 et_block_column et_pb_css_mix_blend_mode_passthrough\"><div class=\"et_pb_image_3 et_pb_image et_animated et_pb_module et_block_module\"><span class=\"et_pb_image_wrap\"><img loading=\"lazy\" decoding=\"async\" src=\"https:\/\/www.bionika.hu\/wp-content\/uploads\/zygomat-t.png\" width=\"864\" height=\"867\" srcset=\"https:\/\/www.bionika.hu\/wp-content\/uploads\/zygomat-t.png 864w, https:\/\/www.bionika.hu\/wp-content\/uploads\/zygomat-t-480x482.png 480w\" sizes=\"(min-width: 0px) and (max-width: 480px) 480px, (min-width: 481px) 864px, 100vw\" class=\"wp-image-53497\" alt=\"Extra long Hybrid Zygomat implants inserted into the yoke bone for extended bone deficiency.\" \/><\/span><\/div><\/div><div class=\"et_pb_column_7 et_pb_column et_pb_specialty_column et_pb_column_2_3 et-last-child et_block_column et_pb_css_mix_blend_mode_passthrough\"><div class=\"et_pb_row_inner_2 et_pb_row_inner et_block_row\"><div class=\"et_pb_column_inner_2 et_pb_column_inner et_pb_column et_pb_column_4_4 et-last-child et_block_column et_pb_css_mix_blend_mode_passthrough\"><div class=\"et_pb_text_5 et_pb_text et_pb_bg_layout_light et_pb_module et_block_module\"><div class=\"et_pb_text_inner\"><h1 style=\"text-align: center;\"><span style=\"color: #0099cc;\">\u00a0<span style=\"color: #0099cc\"><strong>Hybrid zygomat - <\/strong><span style=\"font-family: 'Yanone Kaffeesatz';\">Solution for extended bone deficit<\/span><\/span><\/span><\/h1>\n<\/div><\/div><div class=\"et_pb_text_6 et_pb_text et_pb_bg_layout_light et_pb_module et_block_module\"><div class=\"et_pb_text_inner\"><p style=\"text-align: justify;\">An implant family that ensures versatile solutions. The Hybrid Zygomat provides a solution for extended bone deficit without bone substitution. The irregularly long (we offer 35 to 55 mm length) implants is implanted into the yoke-bone (zygoma).<\/p>\n<p style=\"text-align: justify;\">The application of Zygomat implants offer an immediate solution with a single operation.<\/p>\n<\/div><\/div><\/div><\/div><\/div><\/div><\/div><div class=\"et_pb_section_4 et_pb_section et_section_regular et_block_section\"><div class=\"et_pb_row_1 et_pb_row et_pb_equal_columns et_block_row\"><div class=\"et_pb_column_8 et_pb_column et_pb_column_2_3 et_block_column et_pb_css_mix_blend_mode_passthrough v-kozep\"><div class=\"et_pb_text_7 et_pb_text et_pb_bg_layout_light et_pb_module et_block_module\"><div class=\"et_pb_text_inner\"><h4 style=\"text-align: justify;\"><strong>The geometry of the HYBRID implant<\/strong><\/h4>\n<p style=\"text-align: justify;\">1. It is a Br\u00f6nemark type hexagonal cross section head with inner cone and screw thread.<\/p>\n<p style=\"text-align: justify;\">2. Micro thread structure with a four paragraphed cortical cord thread.<\/p>\n<p style=\"text-align: justify;\">3. Double paragraphed normal cord thread body part for dynamic force reduction.<\/p>\n<p style=\"text-align: justify;\">4. With increased contour and increased thread depth, the cycloid thread structure with primary stability, self-cutting edge and anti-rotation groove.<\/p>\n<p style=\"text-align: justify;\">According to the natural analogy, each element of the screw thread has a radius-shaped, continuously variable cross-section.\u00a0<span style=\"font-size: 15px;\">The \u201e3\u201d cord thread screw section is a smaller diameter with \u201ek\u201d than the \"m\" thread formation of the apical part providing the primary stability with the sharper cycloid thread.<\/span><\/p>\n<\/div><\/div><\/div><div class=\"et_pb_column_9 et_pb_column et_pb_column_1_3 et-last-child et_block_column et_pb_css_mix_blend_mode_passthrough\"><div class=\"et_pb_image_4 et_pb_image et_animated et_pb_module et_block_module\"><span class=\"et_pb_image_wrap\"><img decoding=\"async\" src=\"http:\/\/bionika.hu\/wp-content\/uploads\/2017\/04\/hybrid_szamozassal.jpg\" alt=\"The introduction of the Hybrid two-paragraphed cord threaded design with colour marks.\" \/><\/span><\/div><\/div><\/div><\/div><div class=\"et_pb_section_5 et_pb_section et_section_regular et_block_section\"><div class=\"et_pb_row_2 et_pb_row et_pb_equal_columns et_block_row\"><div class=\"et_pb_column_10 et_pb_column et_pb_column_1_2 et_block_column et_pb_css_mix_blend_mode_passthrough\"><div class=\"et_pb_image_5 et_pb_image et_animated et_pb_module et_block_module\"><span class=\"et_pb_image_wrap\"><img decoding=\"async\" src=\"http:\/\/bionika.hu\/wp-content\/uploads\/2017\/04\/hybrid-felepitmenyek.png\" alt=\"The Hybrid mini abutments are round head, locator head and multi-unit heads.\" \/><\/span><\/div><\/div><div class=\"et_pb_column_11 et_pb_column et_pb_column_1_2 et-last-child et_block_column et_pb_css_mix_blend_mode_passthrough v-kozep\"><div class=\"et_pb_text_8 et_pb_text et_pb_bg_layout_light et_pb_module et_block_module\"><div class=\"et_pb_text_inner\"><h4 style=\"text-align: left;\"><strong>Abutments for removable and screwed toothworks<\/strong><\/h4>\n<p style=\"text-align: justify;\">The implants are able to function with round-headed, locator headed, conical, multi-unit headed abutments. Using removable toothworks is a popular tooth substitutional solution in the case of totally toothless patients. <strong>One of the great advantages of the Hybrid mini solution is the interchangeability of worn-out round and locator heads.<\/strong><\/p>\n<\/div><\/div><\/div><\/div><div class=\"et_pb_row_3 et_pb_row et_pb_equal_columns et_block_row\"><div class=\"et_pb_column_12 et_pb_column et_pb_column_1_2 et_block_column et_pb_css_mix_blend_mode_passthrough\"><div class=\"et_pb_image_6 et_pb_image et_animated et_pb_module et_block_module\"><a href=\"https:\/\/www.bionika.hu\/wp-content\/uploads\/K18-MD07-054-Hybrid-Mini-trifold-EN.pdf\" target=\"_blank\"><span class=\"et_pb_image_wrap\"><img loading=\"lazy\" decoding=\"async\" src=\"https:\/\/www.bionika.hu\/wp-content\/uploads\/hybrid_triff-updraft-pre-smush-original.png\" width=\"250\" height=\"250\" srcset=\"https:\/\/www.bionika.hu\/wp-content\/uploads\/hybrid_triff-updraft-pre-smush-original.png 250w, https:\/\/www.bionika.hu\/wp-content\/uploads\/hybrid_triff-updraft-pre-smush-original-150x150.png 150w\" sizes=\"(max-width: 250px) 100vw, 250px\" class=\"wp-image-50756\" title=\"hybrid_triff-updraft-pre-smush-original\" alt=\"T\u00f6ltse le Cortical katal\u00f3gusunkat pdf form\u00e1tumban!\" \/><\/span><\/a><\/div><\/div><div class=\"et_pb_column_13 et_pb_column et_pb_column_1_2 et-last-child et_block_column et_pb_css_mix_blend_mode_passthrough v-kozep\"><div class=\"et_pb_text_9 et_pb_text et_pb_bg_layout_light et_pb_module et_block_module et_pb_text_align_center\"><div class=\"et_pb_text_inner\"><p style=\"text-align: center;\"><span style=\"color: #02b5ec;\"><strong>For further information, <\/strong><\/span><\/p>\n<p style=\"text-align: center;\"><span style=\"color: #02b5ec;\"><strong>check out our catalogue!<\/strong><\/span><\/p>\n<\/div><\/div><div class=\"et_pb_module et_pb_button_module_wrapper et_pb_button_0_wrapper\"><a class=\"et_pb_button_0 et_pb_button et_pb_bg_layout_light et_pb_module et_block_module\" href=\"https:\/\/shop.en.bionika.hu\/search?q=Hybrid+Mini&#038;options%5Bprefix%5D=last\" target=\"_blank\" data-icon=\"\ue07a\">Visit webshop!<\/a><\/div><\/div><\/div><div class=\"et_pb_row_4 et_pb_row et_pb_equal_columns et_block_row\"><div class=\"et_pb_column_14 et_pb_column et_pb_column_1_2 et_block_column et_pb_css_mix_blend_mode_passthrough\"><div class=\"et_pb_image_7 et_pb_image et_animated et_pb_module et_block_module\"><a href=\"https:\/\/www.bionika.hu\/en\/loyalty-program-advantages\/hybrid-zygomat-en-2\/\" target=\"_blank\"><span class=\"et_pb_image_wrap\"><img loading=\"lazy\" decoding=\"async\" src=\"https:\/\/www.bionika.hu\/wp-content\/uploads\/HYBRID-ikon-kep-2.png\" width=\"250\" height=\"250\" srcset=\"https:\/\/www.bionika.hu\/wp-content\/uploads\/HYBRID-ikon-kep-2.png 250w, https:\/\/www.bionika.hu\/wp-content\/uploads\/HYBRID-ikon-kep-2-150x150.png 150w\" sizes=\"(max-width: 250px) 100vw, 250px\" class=\"wp-image-45505\" title=\"HYBRID-ikon-kep-2\" alt=\"T\u00f6ltse le Cortical katal\u00f3gusunkat pdf form\u00e1tumban!\" \/><\/span><\/a><\/div><\/div><div class=\"et_pb_column_15 et_pb_column et_pb_column_1_2 et-last-child et_block_column et_pb_css_mix_blend_mode_passthrough v-kozep\"><div class=\"et_pb_text_10 et_pb_text et_pb_bg_layout_light et_pb_module et_block_module et_pb_text_align_center\"><div class=\"et_pb_text_inner\"><p style=\"text-align: center;\"><span style=\"color: #02b5ec;\"><strong>For further information, <\/strong><\/span><\/p>\n<p style=\"text-align: center;\"><span style=\"color: #02b5ec;\"><strong>check out our catalogue!<\/strong><\/span><\/p>\n<\/div><\/div><div class=\"et_pb_module et_pb_button_module_wrapper et_pb_button_1_wrapper\"><a class=\"et_pb_button_1 et_pb_button et_pb_bg_layout_light et_pb_module et_block_module\" href=\"https:\/\/shop.en.bionika.hu\/search?q=Hybrid+Mini&#038;options%5Bprefix%5D=last\" target=\"_blank\" data-icon=\"\ue07a\">Visit webshop!<\/a><\/div><\/div><\/div><\/div>\n","protected":false},"excerpt":{"rendered":"","protected":false},"author":5,"featured_media":0,"parent":0,"menu_order":0,"comment_status":"closed","ping_status":"closed","template":"","meta":{"footnotes":""},"class_list":["post-10569","page","type-page","status-publish","hentry"],"_links":{"self":[{"href":"https:\/\/www.bionika.hu\/en\/wp-json\/wp\/v2\/pages\/10569","targetHints":{"allow":["GET"]}}],"collection":[{"href":"https:\/\/www.bionika.hu\/en\/wp-json\/wp\/v2\/pages"}],"about":[{"href":"https:\/\/www.bionika.hu\/en\/wp-json\/wp\/v2\/types\/page"}],"author":[{"embeddable":true,"href":"https:\/\/www.bionika.hu\/en\/wp-json\/wp\/v2\/users\/5"}],"replies":[{"embeddable":true,"href":"https:\/\/www.bionika.hu\/en\/wp-json\/wp\/v2\/comments?post=10569"}],"version-history":[{"count":8,"href":"https:\/\/www.bionika.hu\/en\/wp-json\/wp\/v2\/pages\/10569\/revisions"}],"predecessor-version":[{"id":61521,"href":"https:\/\/www.bionika.hu\/en\/wp-json\/wp\/v2\/pages\/10569\/revisions\/61521"}],"wp:attachment":[{"href":"https:\/\/www.bionika.hu\/en\/wp-json\/wp\/v2\/media?parent=10569"}],"curies":[{"name":"wp","href":"https:\/\/api.w.org\/{rel}","templated":true}]}}