{"id":11190,"date":"2017-03-24T08:17:44","date_gmt":"2017-03-24T07:17:44","guid":{"rendered":"http:\/\/www.bionika.hu\/comparative-analysis-of-surface-characteristics-of-implants\/"},"modified":"2026-05-08T11:15:58","modified_gmt":"2026-05-08T09:15:58","slug":"comparative-analysis-of-surface-characteristics-of-implants","status":"publish","type":"page","link":"https:\/\/www.bionika.hu\/en\/comparative-analysis-of-surface-characteristics-of-implants\/","title":{"rendered":"Comparative analysis of surface characteristics of implants"},"content":{"rendered":"<div class=\"et_pb_section_0 et_pb_section et_section_specialty et_pb_gutters3 et_block_section\"><div class=\"et_pb_row et_pb_row-3-4_1-4 et_block_row\"><div class=\"et_pb_column_0 et_pb_column et_pb_specialty_column et_pb_column_3_4 et_block_column et_pb_css_mix_blend_mode_passthrough\"><div class=\"et_pb_row_inner_0 et_pb_row_inner et_block_row\"><div class=\"et_pb_column_inner_0 et_pb_column_inner et_pb_column et_pb_column_4_4 et-last-child et_block_column et_pb_css_mix_blend_mode_passthrough\"><div class=\"et_pb_text_0 et_pb_text et_pb_bg_layout_light et_pb_module et_block_module\"><div class=\"et_pb_text_inner\"><h1 class=\"page-title margin-top-clear\" style=\"text-align: center;\">Comparative analysis of surface characteristics of implants<\/h1>\n<p class=\"kep-szoveg\" style=\"text-align: justify;\">The researchers of the Department of Dentistry at the University of Debrecen and Health Sciences, Department of Prosthodontics, Department of Solid State Physics at the Debrecen University and the Institute of Biophysics and Cell Biology at the University of Debrecen: DR. KATONA BERNADETT, DR. DAR\u00d3CZI LAJOS, DR. JENEI ATTILA, DR. J\u00d3ZSEF BAK\u00d3, DR. HEGED\u0170S CSABA has launched a serious comparative study on the surface design of the most well-known domestic and foreign implants types in Hungary. This project also involved BIONIKA Medline Orvostechnikai Kft. By choosing one of our successful systems, the CorticaL branded implant, I asked Professor Heged\u0171s Csaba, Dean of the University of Debrecen, to be able to participate in this project. I would like to thank you for this opportunity.<\/p>\n<\/div><\/div><\/div><\/div><div class=\"et_pb_row_inner_1 et_pb_row_inner et_block_row\"><div class=\"et_pb_column_inner_1 et_pb_column_inner et_pb_column et_pb_column_3_8 et_block_column et_pb_css_mix_blend_mode_passthrough\"><div class=\"et_pb_image_0 et_pb_image et_animated et_pb_module et_block_module\"><span class=\"et_pb_image_wrap\"><img decoding=\"async\" src=\"http:\/\/bionika.hu\/wp-content\/uploads\/2017\/03\/cikk-implantok-3a.jpg\" \/><\/span><\/div><div class=\"et_pb_text_1 et_pb_text et_pb_bg_layout_light et_pb_module et_block_module\"><div class=\"et_pb_text_inner\"><p>3b. Illustration of the Bionika CorticaL implant EM<\/p>\n<\/div><\/div><\/div><div class=\"et_pb_column_inner_2 et_pb_column_inner et_pb_column et_pb_column_3_8 et-last-child et_block_column et_pb_css_mix_blend_mode_passthrough\"><div class=\"et_pb_image_1 et_pb_image et_animated et_pb_module et_block_module\"><span class=\"et_pb_image_wrap\"><img decoding=\"async\" src=\"http:\/\/bionika.hu\/wp-content\/uploads\/2017\/03\/cikk-implantok-3c.jpg\" \/><\/span><\/div><div class=\"et_pb_text_2 et_pb_text et_pb_bg_layout_light et_pb_module et_block_module\"><div class=\"et_pb_text_inner\"><p>3c. Illustration of the Bionika CorticaL implant EM<\/p>\n<\/div><\/div><\/div><\/div><div class=\"et_pb_row_inner_2 et_pb_row_inner et_block_row\"><div class=\"et_pb_column_inner_3 et_pb_column_inner et_pb_column et_pb_column_4_4 et-last-child et_block_column et_pb_css_mix_blend_mode_passthrough\"><div class=\"et_pb_text_3 et_pb_text et_pb_bg_layout_light et_pb_module et_block_module\"><div class=\"et_pb_text_inner\"><p class=\"kep-szoveg\" style=\"text-align: justify;\">The most important aim of this study was to explain the fact that as a consequence of our special surface treatment technique, based on the experience of the past 25 years:<\/p>\n<ul style=\"text-align: justify;\">\n<li>It seems that our implants are extremely well integrated in contrast to the implants of our competitors. We often get feedback from our implantologist partners using our products.<\/li>\n<li>We also had an important goal not only to find differences but also about the same properties as compared with most commonly occurring implants distributed in Hungary.<\/li>\n<\/ul>\n<p class=\"kep-szoveg\" style=\"text-align: justify;\"><b>The researchers reported their findings in the Fogorvosi Szemle journal.<\/b> The full independent, most important test results and the extract of the article are published in the following quotation: \"The material composition and surface roughness of dental titanium implants are important in the osseointegration process and implants need to meet additional requirements such as biocompatibility, strength, corrosion stability and industrial producibility. In the course of the work of the authors, the surface morphology and material properties of seven known implants (Denti Bone Level, Denti Zirconium C, <b>Bionika CorticaL<\/b>, <b>Straumann SLA<\/b>, Straumann SLA Active, Dentsply Ankylos, Biotech Kontact implants) were investigated by a scanning electron microscope (Hitachi S-4300, Japan). During the sand blasting, the surfaces of the implant were roughened with high speed and hard particles. The physico-chemical properties of the material used are important because they can greatly influence the properties of the surface created, but they should not impede the osseointegration processes of the implant. By the technique of acid etching, it is immersed into a mixture of strong acids, <b>, micro cavity titanium surface is obtained.<\/b> The double acid etching may facilitate the adhesion of bone-forming cells and fibrin filaments to help bone formation on the implant surface. In their work, it was shown that - although the two most common surface treatment techniques described above (sandblasting, acid etching) have been applied to the types of implants examined, different surface morphological features are observed. Prior to performing electron microscopic investigations, the examined objects were embedded in cold and \/ or warm embedding materials, depending on how much the implant was provided with internal dispersion. Due to the surface characteristics, Denti Bone Level, Straumann SLA and Bionika CorticaL implants were vacuum impregnated in high pressure EpoFix resin in Cito Vac impregnating equipment...<\/p>\n<\/div><\/div><\/div><\/div><div class=\"et_pb_row_inner_3 et_pb_row_inner et_block_row\"><div class=\"et_pb_column_inner_4 et_pb_column_inner et_pb_column et_pb_column_3_8 et_block_column et_pb_css_mix_blend_mode_passthrough\"><div class=\"et_pb_image_2 et_pb_image et_animated et_pb_module et_block_module\"><span class=\"et_pb_image_wrap\"><img decoding=\"async\" src=\"http:\/\/bionika.hu\/wp-content\/uploads\/2017\/03\/cikk-implantok-3b.jpg\" \/><\/span><\/div><div class=\"et_pb_text_4 et_pb_text et_pb_bg_layout_light et_pb_module et_block_module\"><div class=\"et_pb_text_inner\"><p>3b. Illustration of the Bionika CorticaL implant EM<\/p>\n<\/div><\/div><\/div><div class=\"et_pb_column_inner_5 et_pb_column_inner et_pb_column et_pb_column_3_8 et-last-child et_block_column et_pb_css_mix_blend_mode_passthrough\"><div class=\"et_pb_image_3 et_pb_image et_animated et_pb_module et_block_module\"><span class=\"et_pb_image_wrap\"><img decoding=\"async\" src=\"http:\/\/bionika.hu\/wp-content\/uploads\/2017\/03\/cikk-implantok-3d.jpg\" \/><\/span><\/div><div class=\"et_pb_text_5 et_pb_text et_pb_bg_layout_light et_pb_module et_block_module\"><div class=\"et_pb_text_inner\"><p>4d. Illustration 2: Energy-dispersive X-ray Spectrometric Elemental Analysis of Bionika CorticaL Implant<\/p>\n<h3 style=\"text-align: center;\"><\/h3>\n<\/div><\/div><\/div><\/div><div class=\"et_pb_row_inner_4 et_pb_row_inner et_block_row\"><div class=\"et_pb_column_inner_6 et_pb_column_inner et_pb_column et_pb_column_4_4 et-last-child et_block_column et_pb_css_mix_blend_mode_passthrough\"><div class=\"et_pb_text_6 et_pb_text et_pb_bg_layout_light et_pb_module et_block_module\"><div class=\"et_pb_text_inner\"><h3 style=\"text-align: justify;\">Results<\/h3>\n<p class=\"kep-szoveg\" style=\"text-align: justify;\">The<b>Bionika CorticaL<\/b> implant has a high pitched, high threaded saw toothed screw profile. On the 3b illustration the surface is formed through acidification and electrochemical purification processes can be found. Surface electron microscopic images contain a number of black spots, which are not visible in the cross-sectional view (Illustration 3a). In the elemental analysis Al was present beside the Ti alloy (Illustration 3d).\u201d<\/p>\n<p class=\"kep-szoveg\" style=\"text-align: justify;\">Reflecting on the findings of the results, I would mention that the design of the <b>CorticaL implant<\/b> thread is a completely unique \"saw-toothed\" thread that is called an epoxy thread due to its characteristic profile. With this design, the strength and surface size of the thin parts of the implant continued to improve. Basically, we do not prefer the sharp radial solutions instead we prefer the solutions which are more suitable for the biological organization. As a result of this property, the spongy bone structure is better able to bear the dynamic forces.<\/p>\n<\/div><\/div><\/div><\/div><div class=\"et_pb_row_inner_5 et_pb_row_inner et_block_row\"><div class=\"et_pb_column_inner_7 et_pb_column_inner et_pb_column et_pb_column_3_8 et_block_column et_pb_css_mix_blend_mode_passthrough\"><div class=\"et_pb_image_4 et_pb_image et_animated et_pb_module et_block_module\"><span class=\"et_pb_image_wrap\"><img decoding=\"async\" src=\"http:\/\/bionika.hu\/wp-content\/uploads\/2017\/03\/cikk-implantok-4b.jpg\" alt=\"EM Illustration of the Straumann SLA implant surface\" \/><\/span><\/div><\/div><div class=\"et_pb_column_inner_8 et_pb_column_inner et_pb_column et_pb_column_3_8 et-last-child et_block_column et_pb_css_mix_blend_mode_passthrough\"><div class=\"et_pb_text_7 et_pb_text et_pb_bg_layout_light et_pb_module et_block_module\"><div class=\"et_pb_text_inner\"><p>4b. Illustration of EM Straumann SLA implant<\/p>\n<p class=\"kep-szoveg\" style=\"text-align: justify;\">Researchers also made objective statements about the surface structure. As an explanation, we need to state that our experimental experiences have been able to achieve depths of roughening and acid etching that appear on the illuminated surface in darker craters of several microns of magnitude. On the 3b. illustration it can be seen that the roughness of the surface consists of much larger craters than the Straumann SLA in illustration 4b.<\/p>\n<\/div><\/div><\/div><\/div><div class=\"et_pb_row_inner_6 et_pb_row_inner et_block_row\"><div class=\"et_pb_column_inner_9 et_pb_column_inner et_pb_column et_pb_column_4_4 et-last-child et_block_column et_pb_css_mix_blend_mode_passthrough\"><div class=\"et_pb_text_8 et_pb_text et_pb_bg_layout_light et_pb_module et_block_module\"><div class=\"et_pb_text_inner\"><p class=\"kep-szoveg\" style=\"text-align: justify;\">This greatly improves osseointegration. Surface treatment findings are also valid, and indeed the same technology is used for the Straumann SLA surface design technology. On the 3d illustration it can be seen that the energy-dispersive X-ray spectrometric analysis of the energy analysis is similar to the results made in the Bay Zolt\u00e1n Applied Research Public Nonprofit Ltd. in the Logistics and Production Engineering Institute. <b>Since Cortical<\/b> is a wide-spectrum dental implant system, therefore, it is necessary to use a high-strength titanium alloy implant material according to the ISO 5832-3 standard containing aluminium due to solidity deliberations. Without deteriorating the biocompatibility, a significant increase in strength can be achieved, which is particularly justified in the manufacture of implants with a diameter of 3 mm or less. <b>As a conclusion, we can sum up <\/b>, that the researchers' results confirm our previous investigations and our 25-year experience well. The formation of the surface structure of the implants begins to unit. Nearly the same technology is used for in the most renowned research and development companies, including <b>BIONIKA. <\/b> The choice of the applied implant raw materials is increasingly shifting towards biocompatible materials with higher strength.<\/p>\n<p class=\"kep-szoveg\" style=\"text-align: right;\"><i>Source: FOGORVOSI SZEMLE, year 106 No. 4 2013. 135-143<br \/>\n<\/i>Hajd\u00fa J\u00f3zsef<br \/>\nMsc Applied Mechanic Engineer<br \/>\nHealth Manager Economist<\/p>\n<\/div><\/div><\/div><\/div><\/div><div class=\"et_pb_column_1 et_pb_column et_pb_column_single et_pb_column_1_4 et-last-child et_block_column et_pb_css_mix_blend_mode_passthrough\"><div class=\"et_pb_text_9 et_pb_text et_pb_bg_layout_light et_pb_module et_block_module\"><div class=\"et_pb_text_inner\"><h3>Article information<\/h3>\n<ul class=\"list\">\n<li><strong class=\"vertical-divider\">Author |\u00a0<\/strong>Hajd\u00fa J\u00f3zsef<\/li>\n<li><strong class=\"vertical-divider\">Date |\u00a0<\/strong>2014.01.01<\/li>\n<li><strong class=\"vertical-divider\">URL |<\/strong> <a href=\"http:\/\/www.bionika.hu\/\">www.bionika.hu<\/a><\/li>\n<\/ul>\n<\/div><\/div><\/div><\/div><\/div>","protected":false},"excerpt":{"rendered":"","protected":false},"author":5,"featured_media":0,"parent":0,"menu_order":0,"comment_status":"closed","ping_status":"closed","template":"","meta":{"footnotes":""},"class_list":["post-11190","page","type-page","status-publish","hentry"],"_links":{"self":[{"href":"https:\/\/www.bionika.hu\/en\/wp-json\/wp\/v2\/pages\/11190","targetHints":{"allow":["GET"]}}],"collection":[{"href":"https:\/\/www.bionika.hu\/en\/wp-json\/wp\/v2\/pages"}],"about":[{"href":"https:\/\/www.bionika.hu\/en\/wp-json\/wp\/v2\/types\/page"}],"author":[{"embeddable":true,"href":"https:\/\/www.bionika.hu\/en\/wp-json\/wp\/v2\/users\/5"}],"replies":[{"embeddable":true,"href":"https:\/\/www.bionika.hu\/en\/wp-json\/wp\/v2\/comments?post=11190"}],"version-history":[{"count":2,"href":"https:\/\/www.bionika.hu\/en\/wp-json\/wp\/v2\/pages\/11190\/revisions"}],"predecessor-version":[{"id":61599,"href":"https:\/\/www.bionika.hu\/en\/wp-json\/wp\/v2\/pages\/11190\/revisions\/61599"}],"wp:attachment":[{"href":"https:\/\/www.bionika.hu\/en\/wp-json\/wp\/v2\/media?parent=11190"}],"curies":[{"name":"wp","href":"https:\/\/api.w.org\/{rel}","templated":true}]}}