{"id":11342,"date":"2017-03-24T13:49:25","date_gmt":"2017-03-24T12:49:25","guid":{"rendered":"http:\/\/www.bionika.hu\/investigating-an-unknown-case\/"},"modified":"2026-05-08T11:16:03","modified_gmt":"2026-05-08T09:16:03","slug":"investigating-an-unknown-case","status":"publish","type":"page","link":"https:\/\/www.bionika.hu\/en\/investigating-an-unknown-case\/","title":{"rendered":"Investigating an unknown case"},"content":{"rendered":"<div class=\"et_pb_section_0 et_pb_section et_section_specialty et_pb_gutters3 et_block_section\"><div class=\"et_pb_row et_pb_row-3-4_1-4 et_block_row\"><div class=\"et_pb_column_0 et_pb_column et_pb_specialty_column et_pb_column_3_4 et_block_column et_pb_css_mix_blend_mode_passthrough\"><div class=\"et_pb_row_inner_0 et_pb_row_inner et_block_row\"><div class=\"et_pb_column_inner_0 et_pb_column_inner et_pb_column et_pb_column_4_4 et-last-child et_block_column et_pb_css_mix_blend_mode_passthrough\"><div class=\"et_pb_text_0 et_pb_text et_pb_bg_layout_light et_pb_module et_block_module\"><div class=\"et_pb_text_inner\"><h1 class=\"page-title margin-top-clear\" style=\"text-align: left;\" data-mce-style=\"text-align: left;\">Investigating an unknown case<\/h1>\n<p><strong>...or the impossible is resolved immediately , we need to wait a few days for the miracles...<\/strong><\/p>\n<p class=\"kep-szoveg\" style=\"text-align: justify;\" data-mce-style=\"text-align: justify;\">A previous colleague of mine got in touch with me in 2011, to solve the long-standing dental problem of her friend, who lives in England. Despite the fact, to promise anybody anything before I saw it, is against my principles, I undertook to solve this case, due to the fact that I have always been attracted by special tasks.<\/p>\n<p class=\"kep-szoveg\" style=\"text-align: justify;\" data-mce-style=\"text-align: justify;\">The situation was the following: The patient, aged 55, was diagnosed with a slight prognathism and overbite ; her teeth were provided with old metal ceramic augmentations in the upper and right upper quadrants , which edge close was very criticisable. In the lower right region , there were tooth deficiencies in the 5-6 places and in the 7 place there was a remained tooth, with the old, single metal ceramic crown on it.<\/p>\n<\/div><\/div><\/div><\/div><div class=\"et_pb_row_inner_1 et_pb_row_inner et_pb_equal_columns et_block_row\"><div class=\"et_pb_column_inner_1 et_pb_column_inner et_pb_column et_pb_column_3_8 et_block_column et_pb_css_mix_blend_mode_passthrough\"><div class=\"et_pb_image_0 et_pb_image et_pb_module et_block_module\"><span class=\"et_pb_image_wrap\"><img decoding=\"async\" src=\"http:\/\/bionika.hu\/wp-content\/uploads\/2017\/03\/cikk-nyomozas-1.jpg\" \/><\/span><\/div><\/div><div class=\"et_pb_column_inner_2 et_pb_column_inner et_pb_column et_pb_column_3_8 et-last-child et_block_column et_pb_css_mix_blend_mode_passthrough v-kozep\"><div class=\"et_pb_text_1 et_pb_text et_pb_bg_layout_light et_pb_module et_block_module\"><div class=\"et_pb_text_inner\"><p class=\"center\" style=\"text-align: justify;\" data-mce-style=\"text-align: justify;\"><strong>1. image: Inserted implants with a ball head<\/strong><\/p>\n<p class=\"center\" style=\"text-align: justify;\" data-mce-style=\"text-align: justify;\">Two round locking screws could be found in the place of 5,6 , in the lower left region , from which the rear one proved to be very movable. There was a satisfying osseointegration and the axis of the two implants was not paralell at all on the radiogram (1. image).<\/p>\n<\/div><\/div><\/div><\/div><div class=\"et_pb_row_inner_2 et_pb_row_inner et_block_row\"><div class=\"et_pb_column_inner_3 et_pb_column_inner et_pb_column et_pb_column_4_4 et-last-child et_block_column et_pb_css_mix_blend_mode_passthrough\"><div class=\"et_pb_text_2 et_pb_text et_pb_bg_layout_light et_pb_module et_block_module\"><div class=\"et_pb_text_inner\"><p style=\"text-align: justify;\" data-mce-style=\"text-align: justify;\">According to the narration of the patient, the two implants were inserted approximately 11 years ago: they were provided with a fixed tooth augmentation for 2 months, which loosened and when she returned with her problem, the doctor simply removed the tooth crowns, implanted the locking screws and left the patient alone with her problem referring to praxis sale. The patient weren\u2019t bothered until she had seen the combined tooth augmentation in the mouth of her friend, which urged her to search us asking for the same restoration of chewing ability. Due to the short time of the consultation and caution, we have decided that the best solution would be if the revision and the possible removal were performed in England.<\/p>\n<p style=\"text-align: justify;\" data-mce-style=\"text-align: justify;\">&nbsp;Later, it turned out, that the patient had found her previous doctor , who stated, that the implants didn\u2019t have the need to be removed , because it was enough to fix them, but the doctor didn\u2019t recommend fixed tooth augmentation, but the removable one, which pressed the teeth and broke weekly and the patient didn\u2019t get accustomed to it , these were told by the patient.<\/p>\n<p class=\"kep-szoveg\" style=\"text-align: justify;\" data-mce-style=\"text-align: justify;\">All in all, the patient was in the same stuation in January 2012 as she was in 2011 summer ( except that she was provided with a root canal with removing her 47 teeth, which was exceptional, but because of excessive precaution she was told to not to have a bridge , because it is not suitable for bigger load-bearing. )The prosthetic rehabilitation was started in the upper regions of her mouth. The bridge of the metal ceramic was replaced; the pillars found under them were in an exceptional condition , thus the status wasn\u2019t practically changed.<\/p>\n<p class=\"kep-szoveg\" style=\"text-align: justify;\" data-mce-style=\"text-align: justify;\">The complications were in the lower regions!<\/p>\n<p class=\"kep-szoveg\" style=\"text-align: justify;\" data-mce-style=\"text-align: justify;\">Firstly, we had to convince the patient, that all of her 47 teeth would be suitable for bridge pillars on the long run: it was obvious after removing the old crown, thus the bridge was inserted here as well. The hardest situation was with the lower region and the time available was dangerously little. Naturally, during these works in the other regions of the mouth cavity , we were active in trying to find out the characteristics of the implants ( there was no passport to include these data) and find a same or a compatible system. With the help of the patient we managed to get in touch with doctor, who said these were \u201eDentos\u201d type implants, which are only produced in India nowadays.<\/p>\n<p class=\"kep-szoveg\" style=\"text-align: justify;\" data-mce-style=\"text-align: justify;\">According to the statement of the collegue, the system was compatible with the Nobel Biocare, but this was not the case. In my final despair , I turned to Dr. K\u00e1d\u00e1r L\u00e1szl\u00f3, whose instructions led me to the BIONIKA company. After this, the events had been accelerated!<\/p>\n<p class=\"kep-szoveg\" style=\"text-align: justify;\" data-mce-style=\"text-align: justify;\">We firstly \u201eremoved\u201d the already moving locking screw (2. image)at the advice of Hajd\u00fa J\u00f3zsef, the executive director, and we tried to mould the inside of the implant with a tapping imprint acquisition method (Uniklip root pin + Oranwash) (3.image).<\/p>\n<\/div><\/div><\/div><\/div><div class=\"et_pb_row_inner_3 et_pb_row_inner et_pb_equal_columns et_block_row\"><div class=\"et_pb_column_inner_4 et_pb_column_inner et_pb_column et_pb_column_3_8 et_block_column et_pb_css_mix_blend_mode_passthrough\"><div class=\"et_pb_image_1 et_pb_image et_pb_module et_block_module\"><span class=\"et_pb_image_wrap\"><img decoding=\"async\" src=\"http:\/\/bionika.hu\/wp-content\/uploads\/2017\/03\/cikk-nyomozas-2.jpg\" \/><\/span><\/div><div class=\"et_pb_text_3 et_pb_text et_pb_bg_layout_light et_pb_module et_block_module\"><div class=\"et_pb_text_inner\"><p class=\"center\" style=\"text-align: left;\" data-mce-style=\"text-align: left;\"><strong>2. image: &nbsp;The heads providing information about the implants<\/strong><\/p>\n<\/div><\/div><\/div><div class=\"et_pb_column_inner_5 et_pb_column_inner et_pb_column et_pb_column_3_8 et-last-child et_block_column et_pb_css_mix_blend_mode_passthrough\"><div class=\"et_pb_image_2 et_pb_image et_pb_module et_block_module\"><span class=\"et_pb_image_wrap\"><img decoding=\"async\" src=\"http:\/\/bionika.hu\/wp-content\/uploads\/2017\/03\/cikk-nyomozas-3.jpg\" \/><\/span><\/div><div class=\"et_pb_text_4 et_pb_text et_pb_bg_layout_light et_pb_module et_block_module\"><div class=\"et_pb_text_inner\"><p class=\"center\"><strong>3. image: The samples made of the implant inside<\/strong><\/p>\n<\/div><\/div><\/div><\/div><div class=\"et_pb_row_inner_4 et_pb_row_inner et_pb_equal_columns et_block_row\"><div class=\"et_pb_column_inner_6 et_pb_column_inner et_pb_column et_pb_column_3_8 et_block_column et_pb_css_mix_blend_mode_passthrough v-kozep\"><div class=\"et_pb_text_5 et_pb_text et_pb_bg_layout_light et_pb_module et_block_module\"><div class=\"et_pb_text_inner\"><p style=\"text-align: justify;\"><strong>1. illustration<\/strong><\/p>\n<p style=\"text-align: justify;\">The BIONIKA did a brilliant job based on the sent imprint , screw and radiogram.  They made  intermediate elements that transformed the implants into an exterior hexagonal system. In this way they became similar to the Br\u00f6nemark implants. These were fixed with screwed thread in the sheaths, the place of the through-bolt was ensured with a cavity part, which is suitable for accepting screw thead, which fixed the additional stub parts (1. illustration).<\/p>\n<\/div><\/div><\/div><div class=\"et_pb_column_inner_7 et_pb_column_inner et_pb_column et_pb_column_3_8 et-last-child et_block_column et_pb_css_mix_blend_mode_passthrough v-kozep\"><div class=\"et_pb_image_3 et_pb_image et_pb_module et_block_module\"><a href=\"http:\/\/bionika.hu\/wp-content\/uploads\/2017\/03\/cikk-nyomozas-abra1.jpg\" class=\"et_pb_lightbox_image\"><span class=\"et_pb_image_wrap\"><img decoding=\"async\" src=\"http:\/\/bionika.hu\/wp-content\/uploads\/2017\/03\/cikk-nyomozas-abra1.jpg\" \/><\/span><\/a><\/div><\/div><\/div><div class=\"et_pb_row_inner_5 et_pb_row_inner et_block_row\"><div class=\"et_pb_column_inner_8 et_pb_column_inner et_pb_column et_pb_column_3_8 et_block_column et_pb_css_mix_blend_mode_passthrough\"><div class=\"et_pb_image_4 et_pb_image et_pb_module et_block_module\"><span class=\"et_pb_image_wrap\"><img decoding=\"async\" src=\"http:\/\/bionika.hu\/wp-content\/uploads\/2017\/03\/cikk-nyomozas-4.jpg\" \/><\/span><\/div><div class=\"et_pb_text_6 et_pb_text et_pb_bg_layout_light et_pb_module et_block_module\"><\/div><\/div><div class=\"et_pb_column_inner_9 et_pb_column_inner et_pb_column et_pb_column_3_8 et-last-child et_block_column et_pb_css_mix_blend_mode_passthrough\"><div class=\"et_pb_text_7 et_pb_text et_pb_bg_layout_light et_pb_module et_block_module\"><div class=\"et_pb_text_inner\"><p style=\"text-align: justify;\"><strong>4. image: Straight and axle correctional heads inserted into the implant<\/strong><\/p>\n<p style=\"text-align: justify;\">Due to the axis deviation, the 36 abutments were made with axle correction(4. image).<\/p>\n<p style=\"text-align: justify;\">The stubs created in this way were sampled with closed canal method. ( Z\u00e9ta+ Oranwash). A separate key was made of plastic (Pattern resin) , which ensured the adequate position of the stubs in the mouth.<\/p>\n<\/div><\/div><\/div><\/div><div class=\"et_pb_row_inner_6 et_pb_row_inner et_block_row\"><div class=\"et_pb_column_inner_10 et_pb_column_inner et_pb_column et_pb_column_4_4 et-last-child et_block_column et_pb_css_mix_blend_mode_passthrough\"><div class=\"et_pb_text_8 et_pb_text et_pb_bg_layout_light et_pb_module et_block_module\"><div class=\"et_pb_text_inner\"><p>As not only the relative situation of the implants , but the distance of  the remained natural teeth was not according to the standard and the fact that these were without loadness for 11 years, thus we didn\u2019t know about the real loadness of them, and the principle was important to not to make fixed tooth augmentation with a mixed groove; lead the way to the solution, that for the 33, 34 teeth and for the 35,36 implants , the bridge parts were made separately, of course with a close contact point ( 5. image).<\/p>\n<\/div><\/div><\/div><\/div><div class=\"et_pb_row_inner_7 et_pb_row_inner et_pb_equal_columns et_block_row\">[et_pb_column_inner type=\"1_2\" saved_specialty_column_type=\"3_4\" custom_css_main=\"display: flex;||flex-direction: column;||justify-content: center;\" parallax=\"off\" parallax_method=\"on\"]<div class=\"et_pb_module et_d4_element et_pb_image et_pb_image_7 et_animated et-waypoint\">\n\t\t\t\t\n\t\t\t\t\n\t\t\t\t\n\t\t\t\t\n\t\t\t\t<span class=\"et_pb_image_wrap \"><img decoding=\"async\" src=\"http:\/\/bionika.hu\/wp-content\/uploads\/2017\/03\/cikk-nyomozas-5.jpg\" alt=\"\" title=\"\" \/><\/span>\n\t\t\t<\/div><div class=\"et_pb_module et_d4_element et_pb_text et_pb_text_14  et_pb_text_align_left et_pb_bg_layout_light\">\n\t\t\t\t\n\t\t\t\t\n\t\t\t\t\n\t\t\t\t\n\t\t\t\t<div class=\"et_pb_text_inner\">\n\n<strong>5. a-b images: The separate bridges that built on the teeth and the implants<\/strong>\n\n<\/div>\n\t\t\t<\/div><div class=\"et_pb_module et_d4_element et_pb_text et_pb_text_15  et_pb_text_align_left et_pb_bg_layout_light\">\n\t\t\t\t\n\t\t\t\t\n\t\t\t\t\n\t\t\t\t\n\t\t\t\t\n\t\t\t<\/div>[\/et_pb_column_inner]<div class=\"et_pb_column_inner_11 et_pb_column_inner et_pb_column et_pb_column_3_8 et-last-child et_block_column et_pb_css_mix_blend_mode_passthrough\"><div class=\"et_pb_image_5 et_pb_image et_pb_module et_block_module\"><span class=\"et_pb_image_wrap\"><img decoding=\"async\" src=\"http:\/\/bionika.hu\/wp-content\/uploads\/2017\/03\/cikk-nyomozas-7.jpg\" \/><\/span><\/div><div class=\"et_pb_text_9 et_pb_text et_pb_bg_layout_light et_pb_module et_block_module\"><\/div><\/div><\/div><div class=\"et_pb_row_inner_8 et_pb_row_inner et_block_row\"><div class=\"et_pb_column_inner_12 et_pb_column_inner et_pb_column et_pb_column_3_8 et_block_column et_pb_css_mix_blend_mode_passthrough\"><div class=\"et_pb_image_6 et_pb_image et_pb_module et_block_module\"><span class=\"et_pb_image_wrap\"><img decoding=\"async\" src=\"http:\/\/bionika.hu\/wp-content\/uploads\/2017\/03\/cikk-nyomozas-6.jpg\" \/><\/span><\/div><\/div><div class=\"et_pb_column_inner_13 et_pb_column_inner et_pb_column et_pb_column_3_8 et-last-child et_block_column et_pb_css_mix_blend_mode_passthrough\"><div class=\"et_pb_text_10 et_pb_text et_pb_bg_layout_light et_pb_module et_block_module\"><div class=\"et_pb_text_inner\"><p style=\"text-align: justify;\"><strong>6. image: The finished teeth<\/strong><\/p>\n<p style=\"text-align: justify;\">As shown in the picture, we were trying to uplift the bite during the restoration, with this and with the night bite lift, which was not exceptionally made for the upper but for the lower dentition, we tried to confirm the protection of the remaining natural teeth. According to our information, the patient is safe and sound, actively wears the bite liftand happy to be able to chew everything, with the finished teeth on the 6. image.<\/p>\n<\/div><\/div><\/div><\/div><div class=\"et_pb_row_inner_9 et_pb_row_inner et_block_row\"><div class=\"et_pb_column_inner_14 et_pb_column_inner et_pb_column et_pb_column_4_4 et-last-child et_block_column et_pb_css_mix_blend_mode_passthrough\"><div class=\"et_pb_text_11 et_pb_text et_pb_bg_layout_light et_pb_module et_block_module\"><div class=\"et_pb_text_inner\"><p style=\"text-align: justify;\">As described above, this is not only my merit. Hereby I want to thank you the BIONIKA Medline Orvostechnikai Kft,  Hajd\u00fa J\u00f3zsef, the execuitve director and my dental technicians: Lang\u00f3 Zolt\u00e1n and Sz\u00e9phalmi Csaba, for succesfully transacting the procedure despite the fact that the implants were unknown in the patient\u2019s mouth.<\/p>\n<\/div><\/div><\/div><\/div><div class=\"et_pb_row_inner_10 et_pb_row_inner et_block_row\"><div class=\"et_pb_column_inner_15 et_pb_column_inner et_pb_column et_pb_column_4_4 et-last-child et_block_column et_pb_css_mix_blend_mode_passthrough\"><div class=\"et_pb_text_12 et_pb_text et_pb_bg_layout_light et_pb_module et_block_module\"><div class=\"et_pb_text_inner\"><p class=\"jobbra\" style=\"text-align: right;\" data-mce-style=\"text-align: right;\">Dr.Tak\u00e1cs Krisztina<br \/> dentist<\/p>\n<\/div><\/div><\/div><\/div><\/div><div class=\"et_pb_column_1 et_pb_column et_pb_column_single et_pb_column_1_4 et-last-child et_block_column et_pb_css_mix_blend_mode_passthrough\"><div class=\"et_pb_text_13 et_pb_text et_pb_bg_layout_light et_pb_module et_block_module\"><div class=\"et_pb_text_inner\"><h3>Article information<\/h3>\n<ul class=\"list\">\n<li><strong class=\"vertical-divider\">Author |&nbsp;<\/strong>Dr. Tak\u00e1cs Krisztina<\/li>\n<li><strong class=\"vertical-divider\">Date |&nbsp;<\/strong>2012.03.28<\/li>\n<li><strong class=\"vertical-divider\">URL<\/strong>&nbsp;|&nbsp;<a href=\"http:\/\/www.bionika.hu\/\" data-mce-href=\"http:\/\/www.bionika.hu\/\">www.bionika.hu<\/a><\/li>\n<\/ul>\n<\/div><\/div><\/div><\/div><\/div>","protected":false},"excerpt":{"rendered":"","protected":false},"author":5,"featured_media":0,"parent":0,"menu_order":0,"comment_status":"closed","ping_status":"closed","template":"","meta":{"_et_pb_use_builder":"on","_et_pb_old_content":"","_et_gb_content_width":"","footnotes":""},"class_list":["post-11342","page","type-page","status-publish","hentry"],"_links":{"self":[{"href":"https:\/\/www.bionika.hu\/en\/wp-json\/wp\/v2\/pages\/11342","targetHints":{"allow":["GET"]}}],"collection":[{"href":"https:\/\/www.bionika.hu\/en\/wp-json\/wp\/v2\/pages"}],"about":[{"href":"https:\/\/www.bionika.hu\/en\/wp-json\/wp\/v2\/types\/page"}],"author":[{"embeddable":true,"href":"https:\/\/www.bionika.hu\/en\/wp-json\/wp\/v2\/users\/5"}],"replies":[{"embeddable":true,"href":"https:\/\/www.bionika.hu\/en\/wp-json\/wp\/v2\/comments?post=11342"}],"version-history":[{"count":2,"href":"https:\/\/www.bionika.hu\/en\/wp-json\/wp\/v2\/pages\/11342\/revisions"}],"predecessor-version":[{"id":61603,"href":"https:\/\/www.bionika.hu\/en\/wp-json\/wp\/v2\/pages\/11342\/revisions\/61603"}],"wp:attachment":[{"href":"https:\/\/www.bionika.hu\/en\/wp-json\/wp\/v2\/media?parent=11342"}],"curies":[{"name":"wp","href":"https:\/\/api.w.org\/{rel}","templated":true}]}}