{"id":11592,"date":"2017-03-14T16:09:18","date_gmt":"2017-03-14T15:09:18","guid":{"rendered":"http:\/\/www.bionika.hu\/compatible-br\/"},"modified":"2025-02-21T10:44:08","modified_gmt":"2025-02-21T09:44:08","slug":"compatible-br","status":"publish","type":"page","link":"https:\/\/www.bionika.hu\/en\/compatible-br\/","title":{"rendered":"COMPATIBLE BR"},"content":{"rendered":"<p>[et_pb_section fb_built=&#8221;1&#8243; admin_label=&#8221;section&#8221; _builder_version=&#8221;4.25.0&#8243; background_image=&#8221;https:\/\/www.bionika.hu\/wp-content\/uploads\/2018\/01\/compatible-br-bg.png&#8221; custom_margin=&#8221;|||&#8221; custom_padding=&#8221;100px||100px|&#8221; background_last_edited=&#8221;on|phone&#8221; background_position_phone=&#8221;center_left&#8221; background_horizontal_offset_phone=&#8221;31%&#8221; box_shadow_style=&#8221;preset6&#8243; global_colors_info=&#8221;{}&#8221;][et_pb_row column_structure=&#8221;1_2,1_2&#8243; make_equal=&#8221;on&#8221; admin_label=&#8221;row&#8221; _builder_version=&#8221;4.16&#8243; background_size=&#8221;initial&#8221; background_position=&#8221;top_left&#8221; background_repeat=&#8221;repeat&#8221; custom_margin=&#8221;|||&#8221; custom_padding=&#8221;|||&#8221; global_colors_info=&#8221;{}&#8221;][et_pb_column type=&#8221;1_2&#8243; _builder_version=&#8221;4.16&#8243; custom_padding=&#8221;|||&#8221; global_colors_info=&#8221;{}&#8221; custom_padding__hover=&#8221;|||&#8221;][\/et_pb_column][et_pb_column type=&#8221;1_2&#8243; module_class=&#8221;v-kozep&#8221; _builder_version=&#8221;4.16&#8243; custom_padding=&#8221;|||&#8221; global_colors_info=&#8221;{}&#8221; custom_padding__hover=&#8221;|||&#8221;][et_pb_text _builder_version=&#8221;4.25.0&#8243; text_font_size=&#8221;33px&#8221; header_font=&#8221;|||on|&#8221; header_font_size=&#8221;45px&#8221; background_size=&#8221;initial&#8221; background_position=&#8221;top_left&#8221; background_repeat=&#8221;repeat&#8221; custom_margin=&#8221;|||&#8221; custom_padding=&#8221;|||&#8221; text_text_shadow_style=&#8221;preset5&#8243; text_text_shadow_horizontal_length=&#8221;0.04em&#8221; text_text_shadow_vertical_length=&#8221;0.04em&#8221; text_text_shadow_color=&#8221;#FFFFFF&#8221; global_colors_info=&#8221;{}&#8221;]<\/p>\n<h1 style=\"text-align: center;\"><\/h1>\n<h1 style=\"text-align: center;\">UNIFORM (Compatible) <strong>BR<\/strong><\/h1>\n<h2 style=\"text-align: center;\">Compatibility: Br\u00e5nemark \u00ae<\/h2>\n<p>[\/et_pb_text][\/et_pb_column][\/et_pb_row][\/et_pb_section][et_pb_section fb_built=&#8221;1&#8243; _builder_version=&#8221;4.16&#8243; global_colors_info=&#8221;{}&#8221;][et_pb_row column_structure=&#8221;2_3,1_3&#8243; make_equal=&#8221;on&#8221; admin_label=&#8221;row&#8221; _builder_version=&#8221;4.16&#8243; background_size=&#8221;initial&#8221; background_position=&#8221;top_left&#8221; background_repeat=&#8221;repeat&#8221; global_colors_info=&#8221;{}&#8221;][et_pb_column type=&#8221;2_3&#8243; module_class=&#8221;v-kozep&#8221; _builder_version=&#8221;4.16&#8243; custom_padding=&#8221;|||&#8221; global_colors_info=&#8221;{}&#8221; custom_padding__hover=&#8221;|||&#8221;][et_pb_text _builder_version=&#8221;4.16&#8243; background_size=&#8221;initial&#8221; background_position=&#8221;top_left&#8221; background_repeat=&#8221;repeat&#8221; custom_margin=&#8221;||0px|&#8221; global_colors_info=&#8221;{}&#8221;]<\/p>\n<h2 style=\"text-align: justify;\"><span style=\"font-size: medium;\"><strong>Our COMPATIBLE abutments are designed to fit perfectly with other systems and instruments.<\/strong>\u00a0There is a wide range of abutment topside selection, whose interface can be selected according to the desired system. Our UNIFORM (Compatible) BR system is compatible with the following systems: B<\/span><span style=\"font-size: medium;\">r\u00e5nemark\u00a0<\/span><span style=\"font-size: medium;\">\u00ae<\/span><\/h2>\n<p>[\/et_pb_text][\/et_pb_column][et_pb_column type=&#8221;1_3&#8243; _builder_version=&#8221;4.16&#8243; custom_padding=&#8221;|||&#8221; global_colors_info=&#8221;{}&#8221; custom_padding__hover=&#8221;|||&#8221;][et_pb_image src=&#8221;https:\/\/www.bionika.hu\/wp-content\/uploads\/2017\/03\/BR.png&#8221; alt=&#8221;BIONIKA COMPATIBLE BR Implant System- Branemark type- connection&#8221; align=&#8221;right&#8221; align_tablet=&#8221;center&#8221; align_phone=&#8221;&#8221; align_last_edited=&#8221;on|desktop&#8221; _builder_version=&#8221;4.16&#8243; max_width=&#8221;89%&#8221; animation_style=&#8221;slide&#8221; animation_direction=&#8221;right&#8221; animation_duration=&#8221;500ms&#8221; animation_intensity_slide=&#8221;10%&#8221; animation=&#8221;right&#8221; global_colors_info=&#8221;{}&#8221;]&nbsp;[\/et_pb_image][\/et_pb_column][\/et_pb_row][\/et_pb_section][et_pb_section fb_built=&#8221;1&#8243; _builder_version=&#8221;4.16&#8243; background_color=&#8221;rgba(242,242,242,0.61)&#8221; custom_padding=&#8221;20px||20px|&#8221; box_shadow_style=&#8221;preset3&#8243; box_shadow_vertical=&#8221;1px&#8221; box_shadow_spread=&#8221;-5px&#8221; box_shadow_position=&#8221;inner&#8221; global_colors_info=&#8221;{}&#8221;][et_pb_row column_structure=&#8221;1_3,2_3&#8243; make_equal=&#8221;on&#8221; admin_label=&#8221;row&#8221; _builder_version=&#8221;4.16&#8243; background_size=&#8221;initial&#8221; background_position=&#8221;top_left&#8221; background_repeat=&#8221;repeat&#8221; global_colors_info=&#8221;{}&#8221;][et_pb_column type=&#8221;1_3&#8243; _builder_version=&#8221;4.16&#8243; custom_padding=&#8221;|||&#8221; global_colors_info=&#8221;{}&#8221; custom_padding__hover=&#8221;|||&#8221;][et_pb_image src=&#8221;https:\/\/www.bionika.hu\/wp-content\/uploads\/2018\/01\/br-csatlakozas2.png&#8221; alt=&#8221;BIONIKA COMPATIBLE BR Implant System &#8211; Br\u00e5nemark type- connection&#8221; align_tablet=&#8221;center&#8221; align_phone=&#8221;&#8221; align_last_edited=&#8221;on|desktop&#8221; _builder_version=&#8221;4.16&#8243; max_width=&#8221;80%&#8221; animation_style=&#8221;slide&#8221; animation_direction=&#8221;left&#8221; animation_duration=&#8221;500ms&#8221; animation_intensity_slide=&#8221;10%&#8221; animation=&#8221;right&#8221; global_colors_info=&#8221;{}&#8221;]&nbsp;[\/et_pb_image][\/et_pb_column][et_pb_column type=&#8221;2_3&#8243; module_class=&#8221;v-kozep&#8221; _builder_version=&#8221;4.16&#8243; custom_padding=&#8221;|||&#8221; global_colors_info=&#8221;{}&#8221; custom_padding__hover=&#8221;|||&#8221;][et_pb_text _builder_version=&#8221;4.16&#8243; background_size=&#8221;initial&#8221; background_position=&#8221;top_left&#8221; background_repeat=&#8221;repeat&#8221; custom_margin=&#8221;||0px|&#8221; global_colors_info=&#8221;{}&#8221;]<\/p>\n<h2>Kapcsolat:<\/h2>\n<p style=\"text-align: justify;\"><b>Outer hexagonal positioning connection.\u00a0<\/b>The 3,75 and 4,0 mm implant diameters have the same head sizes. Flat platform, perpendicular to the axial direction. The fixing screw has a torx key aperture.<\/p>\n<p class=\"\" style=\"text-align: justify;\">The design of the implant head is not always the same, only compatible with the original design. Customized solutions can also be ordered.<\/p>\n<p>[\/et_pb_text][\/et_pb_column][\/et_pb_row][\/et_pb_section][et_pb_section fb_built=&#8221;1&#8243; _builder_version=&#8221;4.16&#8243; custom_padding=&#8221;54px|0px|53px|0px&#8221; global_colors_info=&#8221;{}&#8221;][et_pb_row column_structure=&#8221;2_3,1_3&#8243; make_equal=&#8221;on&#8221; admin_label=&#8221;row&#8221; _builder_version=&#8221;4.16&#8243; background_size=&#8221;initial&#8221; background_position=&#8221;top_left&#8221; background_repeat=&#8221;repeat&#8221; global_colors_info=&#8221;{}&#8221;][et_pb_column type=&#8221;2_3&#8243; module_class=&#8221;v-kozep&#8221; _builder_version=&#8221;4.16&#8243; custom_padding=&#8221;|||&#8221; global_colors_info=&#8221;{}&#8221; custom_padding__hover=&#8221;|||&#8221;][et_pb_text _builder_version=&#8221;4.16&#8243; background_size=&#8221;initial&#8221; background_position=&#8221;top_left&#8221; background_repeat=&#8221;repeat&#8221; custom_margin=&#8221;|||&#8221; global_colors_info=&#8221;{}&#8221;]<\/p>\n<p style=\"text-align: justify;\">There are nearly 50 types of geometries for plastic, zirconium, titanium and cobalt chromium-based toothworks. The implant heads can be founded for removable, screwed and glued toothworks in our supply, as well as implant-level casting heads, temporary heads, gum-forming heads, prosthetic and CAD-CAM elements are available for You at your disposal.<\/p>\n<p>[\/et_pb_text][\/et_pb_column][et_pb_column type=&#8221;1_3&#8243; _builder_version=&#8221;4.16&#8243; custom_padding=&#8221;|||&#8221; global_colors_info=&#8221;{}&#8221; custom_padding__hover=&#8221;|||&#8221;][et_pb_image src=&#8221;https:\/\/www.bionika.hu\/wp-content\/uploads\/2018\/01\/felepitmeny-geometriak-korben.png&#8221; alt=&#8221;UNIFORM (Compatible) implant heads&#8221; align=&#8221;right&#8221; align_tablet=&#8221;center&#8221; align_phone=&#8221;&#8221; align_last_edited=&#8221;on|desktop&#8221; _builder_version=&#8221;4.16&#8243; max_width=&#8221;300px&#8221; custom_margin=&#8221;|||&#8221; custom_padding=&#8221;|||&#8221; animation_style=&#8221;slide&#8221; animation_direction=&#8221;right&#8221; animation_duration=&#8221;500ms&#8221; animation_intensity_slide=&#8221;10%&#8221; animation=&#8221;right&#8221; global_colors_info=&#8221;{}&#8221;]<\/p>\n<p>\u00a0<\/p>\n<p>[\/et_pb_image][\/et_pb_column][\/et_pb_row][\/et_pb_section][et_pb_section fb_built=&#8221;1&#8243; _builder_version=&#8221;4.16&#8243; background_color=&#8221;rgba(242,242,242,0.57)&#8221; custom_padding=&#8221;0px||0px|&#8221; box_shadow_style=&#8221;preset3&#8243; box_shadow_vertical=&#8221;1px&#8221; box_shadow_spread=&#8221;-5px&#8221; box_shadow_position=&#8221;inner&#8221; locked=&#8221;off&#8221; global_colors_info=&#8221;{}&#8221;][et_pb_row column_structure=&#8221;1_2,1_2&#8243; make_equal=&#8221;on&#8221; admin_label=&#8221;row&#8221; _builder_version=&#8221;4.16&#8243; background_size=&#8221;initial&#8221; background_position=&#8221;top_left&#8221; background_repeat=&#8221;repeat&#8221; global_colors_info=&#8221;{}&#8221;][et_pb_column type=&#8221;1_2&#8243; _builder_version=&#8221;4.16&#8243; custom_padding=&#8221;|||&#8221; global_colors_info=&#8221;{}&#8221; custom_padding__hover=&#8221;|||&#8221;][et_pb_image src=&#8221;https:\/\/www.bionika.hu\/wp-content\/uploads\/2024\/06\/uniform-a5-mag.-mockup.png&#8221; alt=&#8221;BIONIKA COMPATIBLE catalouge&#8221; title_text=&#8221;uniform a5 mag. mockup&#8221; url=&#8221;https:\/\/www.bionika.hu\/wp-content\/uploads\/2024\/06\/T-MD08-069-v02-240607-EN-UNIFORM-trifold-2024.pdf&#8221; url_new_window=&#8221;on&#8221; align_tablet=&#8221;center&#8221; align_phone=&#8221;&#8221; align_last_edited=&#8221;on|desktop&#8221; _builder_version=&#8221;4.25.1&#8243; animation_style=&#8221;slide&#8221; animation_direction=&#8221;left&#8221; animation_duration=&#8221;500ms&#8221; animation_intensity_slide=&#8221;10%&#8221; global_colors_info=&#8221;{}&#8221;][\/et_pb_image][\/et_pb_column][et_pb_column type=&#8221;1_2&#8243; module_class=&#8221;v-kozep&#8221; _builder_version=&#8221;4.16&#8243; custom_padding=&#8221;|||&#8221; global_colors_info=&#8221;{}&#8221; custom_padding__hover=&#8221;|||&#8221;][et_pb_text admin_label=&#8221;Sz\u00f6veg&#8221; _builder_version=&#8221;4.25.1&#8243; text_font=&#8221;||||||||&#8221; text_font_size=&#8221;24px&#8221; text_line_height=&#8221;0.4em&#8221; background_size=&#8221;initial&#8221; background_position=&#8221;top_left&#8221; background_repeat=&#8221;repeat&#8221; text_orientation=&#8221;center&#8221; width=&#8221;100%&#8221; custom_margin=&#8221;|-18px||||&#8221; custom_padding=&#8221;|||0px||&#8221; text_font_size_tablet=&#8221;&#8221; text_font_size_phone=&#8221;18px&#8221; text_font_size_last_edited=&#8221;on|phone&#8221; locked=&#8221;off&#8221; global_colors_info=&#8221;{}&#8221;]<\/p>\n<p style=\"text-align: center;\"><span style=\"color: #02b5ec;\"><strong>For further information, <\/strong><\/span><\/p>\n<p style=\"text-align: center;\"><span style=\"color: #02b5ec;\"><strong>check out our catalogue UNIFORM<\/strong><\/span><\/p>\n<p style=\"text-align: center;\"><span style=\"color: #02b5ec;\"><strong> (Compatible)!<\/strong><\/span><\/p>\n<p>[\/et_pb_text][et_pb_button button_url=&#8221;https:\/\/shop.en.bionika.hu\/collections\/nobel-branemark-br&#8221; url_new_window=&#8221;on&#8221; button_text=&#8221;Visit webshop!&#8221; button_alignment=&#8221;center&#8221; _builder_version=&#8221;4.27.4&#8243; custom_button=&#8221;on&#8221; button_text_color=&#8221;#ffffff&#8221; button_bg_color=&#8221;gcid-secondary-color&#8221; button_border_width=&#8221;0px&#8221; button_border_color=&#8221;#32b3ca&#8221; button_border_radius=&#8221;10px&#8221; button_icon=&#8221;&#xe07a;||divi||400&#8243; hover_enabled=&#8221;0&#8243; global_colors_info=&#8221;{%22gcid-secondary-color%22:%91%22button_bg_color%22%93}&#8221; button_text_size__hover_enabled=&#8221;off&#8221; button_one_text_size__hover_enabled=&#8221;off&#8221; button_two_text_size__hover_enabled=&#8221;off&#8221; button_text_color__hover_enabled=&#8221;off&#8221; button_one_text_color__hover_enabled=&#8221;off&#8221; button_two_text_color__hover_enabled=&#8221;off&#8221; button_border_width__hover_enabled=&#8221;off&#8221; button_one_border_width__hover_enabled=&#8221;off&#8221; button_two_border_width__hover_enabled=&#8221;off&#8221; button_border_color__hover_enabled=&#8221;off&#8221; button_one_border_color__hover_enabled=&#8221;off&#8221; button_two_border_color__hover_enabled=&#8221;off&#8221; button_border_radius__hover_enabled=&#8221;off&#8221; button_one_border_radius__hover_enabled=&#8221;off&#8221; button_two_border_radius__hover_enabled=&#8221;off&#8221; button_letter_spacing__hover_enabled=&#8221;off&#8221; button_one_letter_spacing__hover_enabled=&#8221;off&#8221; button_two_letter_spacing__hover_enabled=&#8221;off&#8221; button_bg_color__hover_enabled=&#8221;off&#8221; button_one_bg_color__hover_enabled=&#8221;off&#8221; button_two_bg_color__hover_enabled=&#8221;off&#8221; sticky_enabled=&#8221;0&#8243;][\/et_pb_button][\/et_pb_column][\/et_pb_row][\/et_pb_section]<\/p>\n","protected":false},"excerpt":{"rendered":"<p>UNIFORM (Compatible) BR Compatibility: Br\u00e5nemark \u00aeOur COMPATIBLE abutments are designed to fit perfectly with other systems and instruments.\u00a0There is a wide range of abutment topside selection, whose interface can be selected according to the desired system. Our UNIFORM (Compatible) BR system is compatible with the following systems: Br\u00e5nemark\u00a0\u00ae&nbsp;&nbsp;Kapcsolat: Outer hexagonal positioning connection.\u00a0The 3,75 and 4,0 [&hellip;]<\/p>\n","protected":false},"author":5,"featured_media":0,"parent":0,"menu_order":0,"comment_status":"closed","ping_status":"closed","template":"","meta":{"_et_pb_use_builder":"on","_et_pb_old_content":"<p>[et_pb_section bb_built=\"1\" admin_label=\"section\" custom_padding=\"0px|0px|0px|0px\"][et_pb_row admin_label=\"row\" custom_padding=\"||0px|\" custom_margin=\"||0px|\" make_equal=\"on\" padding_bottom_1=\"0px\" padding_bottom_2=\"0px\" parallax_method_1=\"off\" parallax_method_2=\"off\" custom_css_main_2=\"display:flex;||flex-direction: column;||justify-content: center;\"][et_pb_column type=\"1_2\"][et_pb_image admin_label=\"K\u00e9p\" src=\"http:\/\/bionika.hu\/wp-content\/uploads\/2017\/03\/BP.png\" max_width=\"400px\" custom_margin=\"0px|0px|0px|0px\" align=\"right\"]<\/p><p>[\/et_pb_image][\/et_pb_column][et_pb_column type=\"1_2\"][et_pb_text admin_label=\"Sz\u00f6veg\" header_font=\"|||on|\" header_font_size=\"72px\" custom_margin=\"|0px||-100px\" custom_padding=\"|||\"]<\/p><h1>\u00a0<\/h1><h1>Compatible <strong>BP<\/strong><\/h1><p>[\/et_pb_text][\/et_pb_column][\/et_pb_row][\/et_pb_section][et_pb_section bb_built=\"1\" admin_label=\"Szakasz\" background_color=\"#f2f2f2\"][et_pb_row admin_label=\"row\" make_equal=\"on\" custom_css_main_1=\"display:flex;||flex-direction: column;||justify-content: center;\"][et_pb_column type=\"1_2\"][et_pb_text admin_label=\"Sz\u00f6veg\" custom_margin=\"||0px|\"]<\/p><h2 style=\"text-align: justify;\">Kompatibilit\u00e1s: Pitt-Easy\u00ae, Bioplant\u00ae<\/h2><p><strong>Hatsz\u00f6glet\u0171 poz\u00edcion\u00e1l\u00f3 kapcsolat.\u00a0<\/strong><\/p><p style=\"text-align: justify;\">\u00c1tm\u00e9r\u0151 3,25 \u00e9s 3,75 mm-es m\u00e9retekn\u00e9l azonos, kisebb, a 4,10-4,90-6,50 m\u00e9retekn\u00e9l nagyobb lapt\u00e1v\u00fa hatsz\u00f6g haszn\u00e1latos.\u00a0Lapos platform, tengelyir\u00e1nyra mer\u0151leges.\u00a0A r\u00f6gz\u00edt\u0151 csavar 1,67mm kulcsny\u00edl\u00e1s\u00fa.<\/p><p style=\"text-align: justify;\">Az implant\u00e1tumfej kialak\u00edt\u00e1sa nem minden esetben egyezik meg, csak kompatibilis az eredeti konstrukci\u00f3val. Egyedi megold\u00e1sok is rendelhet\u0151k.<\/p><p>[\/et_pb_text][\/et_pb_column][et_pb_column type=\"1_2\"][et_pb_image admin_label=\"K\u00e9p\" src=\"http:\/\/bionika.hu\/wp-content\/uploads\/2017\/03\/bp-csatlakoz\u00e1s.png\" animation=\"right\" align=\"center\" max_width=\"300px\" custom_margin=\"|||\"]<\/p><p>[\/et_pb_image][\/et_pb_column][\/et_pb_row][\/et_pb_section][et_pb_section bb_built=\"1\" admin_label=\"Szakasz\"][et_pb_row admin_label=\"row\" make_equal=\"on\" custom_css_main_2=\"display:flex;||flex-direction: column;||justify-content: center;\"][et_pb_column type=\"1_2\"][et_pb_image admin_label=\"K\u00e9p\" src=\"http:\/\/bionika.hu\/wp-content\/uploads\/2017\/03\/compatible-katalogus.png\" url=\"http:\/\/bionika.hu\/wp-content\/uploads\/2017\/03\/compatible-katalogus.pdf\" url_new_window=\"on\" align=\"center\"]<\/p><p>[\/et_pb_image][\/et_pb_column][et_pb_column type=\"1_2\"][et_pb_text admin_label=\"Sz\u00f6veg\" text_orientation=\"justified\" text_font=\"Droid Sans||||\" text_font_size=\"24px\" text_line_height=\"1.3em\" custom_css_main_element=\"color: #dc0032;\"]<\/p><p style=\"text-align: center;\"><strong><a title=\"Scandrea katal\u00f3gus\" href=\"http:\/\/bionika.hu\/wp-content\/uploads\/2017\/03\/compatible-katalogus.pdf\" target=\"_blank\">Tov\u00e1bbi r\u00e9szletek\u00e9rt tekintse meg Compatible\u00a0katal\u00f3gusunkat!<\/a><\/strong><\/p><p>[\/et_pb_text][\/et_pb_column][\/et_pb_row][\/et_pb_section][et_pb_section bb_built=\"1\" admin_label=\"Szakasz\" background_color=\"#f2f2f2\" custom_padding=\"0px|0px|0px|0px\"][et_pb_row admin_label=\"row\"][et_pb_column type=\"4_4\"][et_pb_text admin_label=\"Sz\u00f6veg\" text_orientation=\"center\" text_font_size=\"14px\" text_line_height=\"1.5em\" custom_margin=\"||10px|\"]<\/p><p>V\u00e1s\u00e1rl\u00e1shoz kattinson ide:<\/p><p>[\/et_pb_text][et_pb_button admin_label=\"Gomb\" button_url=\"http:\/\/www.implantshop.hu\/\" button_text=\"www.implantshop.hu\" button_alignment=\"center\" background_color=\"#0060a3\"]<\/p><p>[\/et_pb_button][\/et_pb_column][\/et_pb_row][\/et_pb_section]<\/p>","_et_gb_content_width":"","footnotes":""},"class_list":["post-11592","page","type-page","status-publish","hentry"],"_links":{"self":[{"href":"https:\/\/www.bionika.hu\/en\/wp-json\/wp\/v2\/pages\/11592","targetHints":{"allow":["GET"]}}],"collection":[{"href":"https:\/\/www.bionika.hu\/en\/wp-json\/wp\/v2\/pages"}],"about":[{"href":"https:\/\/www.bionika.hu\/en\/wp-json\/wp\/v2\/types\/page"}],"author":[{"embeddable":true,"href":"https:\/\/www.bionika.hu\/en\/wp-json\/wp\/v2\/users\/5"}],"replies":[{"embeddable":true,"href":"https:\/\/www.bionika.hu\/en\/wp-json\/wp\/v2\/comments?post=11592"}],"version-history":[{"count":4,"href":"https:\/\/www.bionika.hu\/en\/wp-json\/wp\/v2\/pages\/11592\/revisions"}],"predecessor-version":[{"id":59937,"href":"https:\/\/www.bionika.hu\/en\/wp-json\/wp\/v2\/pages\/11592\/revisions\/59937"}],"wp:attachment":[{"href":"https:\/\/www.bionika.hu\/en\/wp-json\/wp\/v2\/media?parent=11592"}],"curies":[{"name":"wp","href":"https:\/\/api.w.org\/{rel}","templated":true}]}}