{"id":19547,"date":"2020-07-16T11:17:07","date_gmt":"2020-07-16T09:17:07","guid":{"rendered":"https:\/\/www.bionika.hu\/?page_id=19547"},"modified":"2026-05-08T11:20:02","modified_gmt":"2026-05-08T09:20:02","slug":"guide-system","status":"publish","type":"page","link":"https:\/\/www.bionika.hu\/en\/guide-system\/","title":{"rendered":"Guide System"},"content":{"rendered":"\n<div class=\"et_pb_section_0 et_pb_section et_section_regular et_block_section\"><div class=\"et_pb_row_0 et_pb_row et_block_row\"><div class=\"et_pb_column_0 et_pb_column et_pb_column_4_4 et-last-child et_block_column et_pb_css_mix_blend_mode_passthrough\"><div class=\"et_pb_text_0 et_pb_text et_pb_bg_layout_light et_pb_module et_block_module\"><div class=\"et_pb_text_inner\"><h1><span style=\"text-align: left;\"><b>Guide System<\/b><\/span><\/h1>\n<p>Using good-quality and sufficiently effective instruments is essential during implantation. The wide variety of sizes allows the wide usability of the kit. The trays are designed according to the order of the surgical technique, their usage is facilitated with labelling. The sterilisable tray and the box are manufactured using the modern CAD-CAM technology. The available sizes of the instruments are different for each implant system and can be changed according to individual discussion.<\/p>\n<\/div><\/div><\/div><\/div><div class=\"et_pb_row_1 et_pb_row et_pb_equal_columns et_block_row\"><div class=\"et_pb_column_1 et_pb_column et_pb_column_1_3 et_block_column et_pb_css_mix_blend_mode_passthrough v-kozep\"><div class=\"et_pb_image_0 et_pb_image et_pb_module et_block_module\"><span class=\"et_pb_image_wrap\"><img loading=\"lazy\" decoding=\"async\" src=\"https:\/\/www.bionika.hu\/wp-content\/uploads\/guide-system-.png\" width=\"500\" height=\"500\" srcset=\"https:\/\/www.bionika.hu\/wp-content\/uploads\/guide-system-.png 500w, https:\/\/www.bionika.hu\/wp-content\/uploads\/guide-system--480x480.png 480w\" sizes=\"(min-width: 0px) and (max-width: 480px) 480px, (min-width: 481px) 500px, 100vw\" class=\"wp-image-50414\" title=\"guide-system-\" \/><\/span><\/div><\/div><div class=\"et_pb_column_2 et_pb_column et_pb_column_1_3 et_block_column et_pb_css_mix_blend_mode_passthrough\"><div class=\"et_pb_image_1 et_pb_image et_pb_module et_block_module\"><span class=\"et_pb_image_wrap\"><img loading=\"lazy\" decoding=\"async\" src=\"https:\/\/www.bionika.hu\/wp-content\/uploads\/GUIDE-m\u0171t\u00e9ttechnika-1-1.png\" width=\"500\" height=\"500\" srcset=\"https:\/\/www.bionika.hu\/wp-content\/uploads\/GUIDE-m\u0171t\u00e9ttechnika-1-1.png 500w, https:\/\/www.bionika.hu\/wp-content\/uploads\/GUIDE-m\u0171t\u00e9ttechnika-1-1-300x300.png 300w, https:\/\/www.bionika.hu\/wp-content\/uploads\/GUIDE-m\u0171t\u00e9ttechnika-1-1-150x150.png 150w, https:\/\/www.bionika.hu\/wp-content\/uploads\/GUIDE-m\u0171t\u00e9ttechnika-1-1-480x480.png 480w\" sizes=\"(max-width: 500px) 100vw, 500px\" class=\"wp-image-45445\" title=\"GUIDE-m\u0171t\u00e9ttechnika-1\" \/><\/span><\/div><\/div><div class=\"et_pb_column_3 et_pb_column et_pb_column_1_3 et-last-child et_block_column et_pb_css_mix_blend_mode_passthrough\"><div class=\"et_pb_image_2 et_pb_image et_pb_module et_block_module\"><span class=\"et_pb_image_wrap\"><img loading=\"lazy\" decoding=\"async\" src=\"https:\/\/www.bionika.hu\/wp-content\/uploads\/GUIDE-m\u0171t\u00e9ttechnika-4.png\" width=\"499\" height=\"499\" srcset=\"https:\/\/www.bionika.hu\/wp-content\/uploads\/GUIDE-m\u0171t\u00e9ttechnika-4.png 499w, https:\/\/www.bionika.hu\/wp-content\/uploads\/GUIDE-m\u0171t\u00e9ttechnika-4-300x300.png 300w, https:\/\/www.bionika.hu\/wp-content\/uploads\/GUIDE-m\u0171t\u00e9ttechnika-4-150x150.png 150w, https:\/\/www.bionika.hu\/wp-content\/uploads\/GUIDE-m\u0171t\u00e9ttechnika-4-480x480.png 480w\" sizes=\"(max-width: 499px) 100vw, 499px\" class=\"wp-image-45451\" title=\"GUIDE-m\u0171t\u00e9ttechnika-4\" \/><\/span><\/div><\/div><\/div><\/div><div class=\"et_pb_section_1 et_pb_section et_section_regular et_block_section\"><div class=\"et_pb_row_2 et_pb_row et_pb_equal_columns et_block_row\"><div class=\"et_pb_column_4 et_pb_column et_pb_column_1_2 et_block_column et_pb_css_mix_blend_mode_passthrough\"><div class=\"et_pb_image_3 et_pb_image et_animated et_pb_module et_block_module\"><span class=\"et_pb_image_wrap\"><img loading=\"lazy\" decoding=\"async\" src=\"https:\/\/www.bionika.hu\/wp-content\/uploads\/gs_furok_en_v01.png\" width=\"684\" height=\"1000\" srcset=\"https:\/\/www.bionika.hu\/wp-content\/uploads\/gs_furok_en_v01.png 684w, https:\/\/www.bionika.hu\/wp-content\/uploads\/gs_furok_en_v01-480x702.png 480w\" sizes=\"(min-width: 0px) and (max-width: 480px) 480px, (min-width: 481px) 684px, 100vw\" class=\"wp-image-50408\" title=\"gs_furok_en_v01\" alt=\"guide system f\u00far\u00f3k m\u00e9retez\u00e9se\" \/><\/span><\/div><\/div><div class=\"et_pb_column_5 et_pb_column et_pb_column_1_2 et-last-child et_block_column et_pb_css_mix_blend_mode_passthrough v-kozep\"><div class=\"et_pb_text_1 et_pb_text et_pb_bg_layout_light et_pb_module et_block_module et_pb_text_align_justified\"><div class=\"et_pb_text_inner\"><h1 style=\"text-align: center;\"><span>Sizing of drills<\/span><\/h1>\n<\/div><\/div><div class=\"et_pb_text_2 et_pb_text et_pb_bg_layout_light et_pb_module et_block_module\"><div class=\"et_pb_text_inner\"><p style=\"text-align: center;\"><strong><br \/>Maximum permitted drilling speed<br \/><\/strong><\/p>\n<table style=\"width: 508px;\" height=\"445\">\n<tbody>\n<tr>\n<td style=\"width: 324px;\"><strong>Name of the instrument<\/strong><\/td>\n<td style=\"width: 183px; text-align: center;\"><strong>revolutions \/ minute<\/strong><\/td>\n<\/tr>\n<tr>\n<td style=\"width: 324px;\">Gingiva punch<\/td>\n<td style=\"width: 183px; text-align: center;\">15<\/td>\n<\/tr>\n<tr>\n<td style=\"width: 324px;\">Pilot drill<\/td>\n<td style=\"width: 183px; text-align: center;\">800<\/td>\n<\/tr>\n<tr>\n<td style=\"width: 324px;\">Pre-drill and threaded socket drill \u00d8 3.3 mm<\/td>\n<td style=\"width: 183px; text-align: center;\">550<\/td>\n<\/tr>\n<tr>\n<td style=\"width: 324px;\">Pre-drill and threaded socket drill \u00d8 3.8 mm<\/td>\n<td style=\"width: 183px; text-align: center;\">500<\/td>\n<\/tr>\n<tr>\n<td style=\"width: 324px;\">Pre-drill and threaded socket drill \u00d8 4.3 mm<\/td>\n<td style=\"width: 183px; text-align: center;\">400<\/td>\n<\/tr>\n<tr>\n<td style=\"width: 324px;\">Threaded socket drill for cortical bone<\/td>\n<td style=\"width: 183px; text-align: center;\">300<\/td>\n<\/tr>\n<\/tbody>\n<\/table>\n<p><span style=\"font-size: 15px;\"><\/span><\/p>\n<p>&nbsp;<\/p>\n<\/div><\/div><\/div><\/div><div class=\"et_pb_row_3 et_pb_row et_block_row\"><div class=\"et_pb_column_6 et_pb_column et_pb_column_4_4 et-last-child et_block_column et_pb_css_mix_blend_mode_passthrough\"><div class=\"et_pb_toggle_0 et_pb_toggle et_pb_toggle_item et_pb_toggle_close et_pb_module et_block_module\"><h5 class=\"et_pb_toggle_title\">Guide System instrument tray<\/h5><div class=\"et_pb_toggle_content clearfix\"><table width=\"595\" height=\"180\">\n<tbody>\n<tr>\n<td style=\"width: 141px;\">\n<p>Pilot drill D2 x L6<\/p>\n<p><img loading=\"lazy\" decoding=\"async\" src=\"https:\/\/www.bionika.hu\/wp-content\/uploads\/01-Vezet\u0151csatorna-f\u00far\u00f3-D2-x-L6-300x52-1.png\" width=\"300\" height=\"52\" alt=\"\" class=\"wp-image-19774 alignnone size-medium\" \/><\/p>\n<\/td>\n<td style=\"width: 142px;\">\n<p>Threaded socket drill D3,8 x L6<\/p>\n<p><img loading=\"lazy\" decoding=\"async\" src=\"https:\/\/www.bionika.hu\/wp-content\/uploads\/07-Menetf\u00e9szek-f\u00far\u00f3-D38-x-L6-300x52-1.png\" width=\"300\" height=\"52\" alt=\"\" class=\"wp-image-19792 alignnone size-medium\" \/><\/p>\n<\/td>\n<td style=\"width: 142px;\">\n<p>Threaded socket drill D3,3 x L6<\/p>\n<p><img loading=\"lazy\" decoding=\"async\" src=\"https:\/\/www.bionika.hu\/wp-content\/uploads\/13-Menetf\u00e9szek-f\u00far\u00f3-D33-x-L6-300x52-1.png\" width=\"300\" height=\"52\" alt=\"\" class=\"wp-image-19810 alignnone size-medium\" \/><\/p>\n<\/td>\n<td style=\"width: 142px;\">\n<p>Threaded socket drill D4,3 x L6<\/p>\n<p><img loading=\"lazy\" decoding=\"async\" src=\"https:\/\/www.bionika.hu\/wp-content\/uploads\/19-Menetf\u00e9szek-f\u00far\u00f3-D43-x-L6-300x52-1.png\" width=\"300\" height=\"52\" alt=\"\" class=\"wp-image-19828 alignnone size-medium\" \/><\/p>\n<\/td>\n<\/tr>\n<tr>\n<td style=\"width: 141px;\">\n<p>Pilot drill D2 x L7<\/p>\n<p><img loading=\"lazy\" decoding=\"async\" src=\"https:\/\/www.bionika.hu\/wp-content\/uploads\/02-Vezet\u0151csatorna-f\u00far\u00f3-D2-x-L7-300x50-1.png\" width=\"300\" height=\"50\" alt=\"\" class=\"wp-image-19777 alignnone size-medium\" \/><\/p>\n<\/td>\n<td style=\"width: 142px;\">\n<p>Threaded socket drill D3,8 x L7<\/p>\n<p><img loading=\"lazy\" decoding=\"async\" src=\"https:\/\/www.bionika.hu\/wp-content\/uploads\/08-Menetf\u00e9szek-f\u00far\u00f3-D38-x-L7-300x50-1.png\" width=\"300\" height=\"50\" alt=\"\" class=\"wp-image-19795 alignnone size-medium\" \/><\/p>\n<\/td>\n<td style=\"width: 142px;\">\n<p>Threaded socket drill D3,3 x L7<\/p>\n<p><img loading=\"lazy\" decoding=\"async\" src=\"https:\/\/www.bionika.hu\/wp-content\/uploads\/14-Menetf\u00e9szek-f\u00far\u00f3-D33-x-L7-300x44-1.png\" width=\"300\" height=\"44\" alt=\"\" class=\"wp-image-19813 alignnone size-medium\" \/><\/p>\n<\/td>\n<td style=\"width: 142px;\">\n<p>Threaded socket drill D4,3 x L7<\/p>\n<p><img loading=\"lazy\" decoding=\"async\" src=\"https:\/\/www.bionika.hu\/wp-content\/uploads\/20-Menetf\u00e9szek-f\u00far\u00f3-D43-x-L7-300x50-1.png\" width=\"300\" height=\"50\" alt=\"\" class=\"wp-image-19831 alignnone size-medium\" \/><\/p>\n<\/td>\n<\/tr>\n<tr>\n<td style=\"width: 141px;\">\n<p>Pilot drill D2 x L9<\/p>\n<p><img loading=\"lazy\" decoding=\"async\" src=\"https:\/\/www.bionika.hu\/wp-content\/uploads\/03-Vezet\u0151csatorna-f\u00far\u00f3-D2-x-L9-300x47-1.png\" width=\"300\" height=\"47\" alt=\"\" class=\"wp-image-19780 alignnone size-medium\" \/><\/p>\n<\/td>\n<td style=\"width: 142px;\">\n<p>Threaded socket drill D3,8 x L9<\/p>\n<p><img loading=\"lazy\" decoding=\"async\" src=\"https:\/\/www.bionika.hu\/wp-content\/uploads\/09-Menetf\u00e9szek-f\u00far\u00f3-D38-x-L9-300x47-1.png\" width=\"300\" height=\"47\" alt=\"\" class=\"wp-image-19798 alignnone size-medium\" \/><\/p>\n<\/td>\n<td style=\"width: 142px;\">\n<p>Threaded socket drill D3,3 x L9<\/p>\n<p><img loading=\"lazy\" decoding=\"async\" src=\"https:\/\/www.bionika.hu\/wp-content\/uploads\/15-Menetf\u00e9szek-f\u00far\u00f3-D33-x-L9-300x47-1.png\" width=\"300\" height=\"47\" alt=\"\" class=\"wp-image-19816 alignnone size-medium\" \/><\/p>\n<\/td>\n<td style=\"width: 142px;\">\n<p>Threaded socket drill D4,3 x L9<\/p>\n<p><img loading=\"lazy\" decoding=\"async\" src=\"https:\/\/www.bionika.hu\/wp-content\/uploads\/21-Menetf\u00e9szek-f\u00far\u00f3-D43-x-L9-300x47-1.png\" width=\"300\" height=\"47\" alt=\"\" class=\"wp-image-19834 alignnone size-medium\" \/><\/p>\n<\/td>\n<\/tr>\n<tr>\n<td style=\"width: 141px;\">\n<p>Pilot drill D2 x L11<\/p>\n<p><img loading=\"lazy\" decoding=\"async\" src=\"https:\/\/www.bionika.hu\/wp-content\/uploads\/04-Vezet\u0151csatorna-f\u00far\u00f3-D2-x-L11-300x45-1.png\" width=\"300\" height=\"45\" alt=\"\" class=\"wp-image-19783 alignnone size-medium\" \/><\/p>\n<\/td>\n<td style=\"width: 142px;\">\n<p>Threaded socket drill D3,8 x L11<\/p>\n<p><img loading=\"lazy\" decoding=\"async\" src=\"https:\/\/www.bionika.hu\/wp-content\/uploads\/10-Menetf\u00e9szek-f\u00far\u00f3-D38-x-L11-300x45-1.png\" width=\"300\" height=\"45\" alt=\"\" class=\"wp-image-19801 alignnone size-medium\" \/><\/p>\n<\/td>\n<td style=\"width: 142px;\">\n<p>Threaded socket drill D3,3 x L11<\/p>\n<p><img loading=\"lazy\" decoding=\"async\" src=\"https:\/\/www.bionika.hu\/wp-content\/uploads\/16-Menetf\u00e9szek-f\u00far\u00f3-D33-x-L11-300x45-1.png\" width=\"300\" height=\"45\" alt=\"\" class=\"wp-image-19819 alignnone size-medium\" \/><\/p>\n<\/td>\n<td style=\"width: 142px;\">\n<p>Threaded socket drill D4,3 x L11<\/p>\n<p><img loading=\"lazy\" decoding=\"async\" src=\"https:\/\/www.bionika.hu\/wp-content\/uploads\/22-Menetf\u00e9szek-f\u00far\u00f3-D43-x-L11-300x45-1.png\" width=\"300\" height=\"45\" alt=\"\" class=\"wp-image-19837 alignnone size-medium\" \/><\/p>\n<\/td>\n<\/tr>\n<tr>\n<td style=\"width: 141px;\">\n<p>Pilot drill D2 x L13<\/p>\n<p><img loading=\"lazy\" decoding=\"async\" src=\"https:\/\/www.bionika.hu\/wp-content\/uploads\/05-Vezet\u0151csatorna-f\u00far\u00f3-D2-x-L13-300x43-1.png\" width=\"300\" height=\"43\" alt=\"\" class=\"wp-image-19786 alignnone size-medium\" \/><\/p>\n<\/td>\n<td style=\"width: 142px;\">\n<p>Threaded socket drill D3,8 x L13<\/p>\n<p><img loading=\"lazy\" decoding=\"async\" src=\"https:\/\/www.bionika.hu\/wp-content\/uploads\/11-Menetf\u00e9szek-f\u00far\u00f3-D38-x-L13-300x43-1.png\" width=\"300\" height=\"43\" alt=\"\" class=\"wp-image-19804 alignnone size-medium\" \/><\/p>\n<\/td>\n<td style=\"width: 142px;\">\n<p>Threaded socket drill D3,3 x L13<\/p>\n<p><img loading=\"lazy\" decoding=\"async\" src=\"https:\/\/www.bionika.hu\/wp-content\/uploads\/17-Menetf\u00e9szek-f\u00far\u00f3-D33-x-L13-300x43-1.png\" width=\"300\" height=\"43\" alt=\"\" class=\"wp-image-19822 alignnone size-medium\" \/><\/p>\n<\/td>\n<td style=\"width: 142px;\">\n<p>Threaded socket drill D4,3 x L13<\/p>\n<p><img loading=\"lazy\" decoding=\"async\" src=\"https:\/\/www.bionika.hu\/wp-content\/uploads\/23-Menetf\u00e9szek-f\u00far\u00f3-D43-x-L13-300x43-1.png\" width=\"300\" height=\"43\" alt=\"\" class=\"wp-image-19840 alignnone size-medium\" \/><\/p>\n<\/td>\n<\/tr>\n<tr>\n<td style=\"width: 141px;\">\n<p>Pilot drill D2 x L16<\/p>\n<p><img loading=\"lazy\" decoding=\"async\" src=\"https:\/\/www.bionika.hu\/wp-content\/uploads\/06-Vezet\u0151csatorna-f\u00far\u00f3-D2-x-L16-300x39-1.png\" width=\"300\" height=\"39\" alt=\"\" class=\"wp-image-19789 alignnone size-medium\" \/><\/p>\n<\/td>\n<td style=\"width: 142px;\">\n<p>Threaded socket drill D3,8 x L16<\/p>\n<p><img loading=\"lazy\" decoding=\"async\" src=\"https:\/\/www.bionika.hu\/wp-content\/uploads\/12-Menetf\u00e9szek-f\u00far\u00f3-D38-x-L16-300x39-1.png\" width=\"300\" height=\"39\" alt=\"\" class=\"wp-image-19807 alignnone size-medium\" \/><\/p>\n<\/td>\n<td style=\"width: 142px;\">\n<p>Threaded socket drill D3,3 x L16<\/p>\n<p><img loading=\"lazy\" decoding=\"async\" src=\"https:\/\/www.bionika.hu\/wp-content\/uploads\/18-Menetf\u00e9szek-f\u00far\u00f3-D33-x-L16-300x39-1.png\" width=\"300\" height=\"39\" alt=\"\" class=\"wp-image-19825 alignnone size-medium\" \/><\/p>\n<\/td>\n<td style=\"width: 142px;\">\n<p>Threaded socket drill D4,3 x L16<\/p>\n<p><img loading=\"lazy\" decoding=\"async\" src=\"https:\/\/www.bionika.hu\/wp-content\/uploads\/24-Menetf\u00e9szek-f\u00far\u00f3-D43-x-L16-300x39-1.png\" width=\"300\" height=\"39\" alt=\"\" class=\"wp-image-19843 alignnone size-medium\" \/><\/p>\n<\/td>\n<\/tr>\n<\/tbody>\n<\/table>\n<p>&nbsp;<\/p>\n<\/div><\/div><\/div><\/div><div class=\"et_pb_row_4 et_pb_row et_block_row\"><div class=\"et_pb_column_7 et_pb_column et_pb_column_4_4 et-last-child et_block_column et_pb_css_mix_blend_mode_passthrough\"><div class=\"et_pb_text_3 et_pb_text et_pb_bg_layout_light et_pb_module et_block_module et_pb_text_align_justified\"><div class=\"et_pb_text_inner\"><h1 style=\"text-align: center;\"><\/h1>\n<h1 style=\"text-align: center;\"><strong>Guide System instrument tray<\/strong><\/h1>\n<\/div><\/div><div class=\"et_pb_image_4 et_pb_image et_animated et_pb_module et_block_module\"><span class=\"et_pb_image_wrap\"><img loading=\"lazy\" decoding=\"async\" src=\"https:\/\/www.bionika.hu\/wp-content\/uploads\/guide-system-muszertalca-szamos.png\" width=\"1000\" height=\"516\" srcset=\"https:\/\/www.bionika.hu\/wp-content\/uploads\/guide-system-muszertalca-szamos.png 1000w, https:\/\/www.bionika.hu\/wp-content\/uploads\/guide-system-muszertalca-szamos-980x506.png 980w, https:\/\/www.bionika.hu\/wp-content\/uploads\/guide-system-muszertalca-szamos-480x248.png 480w\" sizes=\"(min-width: 0px) and (max-width: 480px) 480px, (min-width: 481px) and (max-width: 980px) 980px, (min-width: 981px) 1000px, 100vw\" class=\"wp-image-50426\" title=\"guide-system-muszertalca-szamos\" \/><\/span><\/div><div class=\"et_pb_image_5 et_pb_image et_animated et_pb_module et_block_module\"><span class=\"et_pb_image_wrap\"><img loading=\"lazy\" decoding=\"async\" src=\"https:\/\/www.bionika.hu\/wp-content\/uploads\/muszertalca-guide-system-v2.png\" width=\"1100\" height=\"578\" srcset=\"https:\/\/www.bionika.hu\/wp-content\/uploads\/muszertalca-guide-system-v2.png 1100w, https:\/\/www.bionika.hu\/wp-content\/uploads\/muszertalca-guide-system-v2-980x515.png 980w, https:\/\/www.bionika.hu\/wp-content\/uploads\/muszertalca-guide-system-v2-480x252.png 480w\" sizes=\"(min-width: 0px) and (max-width: 480px) 480px, (min-width: 481px) and (max-width: 980px) 980px, (min-width: 981px) 1100px, 100vw\" class=\"wp-image-51845\" title=\"muszertalca-guide-system-v2\" alt=\"guide m\u0171szert\u00e1lca\" \/><\/span><\/div><div class=\"et_pb_toggle_1 et_pb_toggle et_pb_toggle_item et_pb_toggle_close et_pb_module et_block_module\"><h5 class=\"et_pb_toggle_title\">Guide System instrument tray<\/h5><div class=\"et_pb_toggle_content clearfix\"><table height=\"632\">\n<tbody>\n<tr>\n<td style=\"text-align: center; padding: 6px 14px;\">1<\/td>\n<td>\n<p>Gingiva punches D3.3, D3.8, D4.3<\/p>\n<p><img loading=\"lazy\" decoding=\"async\" src=\"https:\/\/www.bionika.hu\/wp-content\/uploads\/01-inyjukaszto-300x53-1.png\" width=\"300\" height=\"53\" alt=\"\" class=\"wp-image-19753 alignnone size-medium\" \/><\/p>\n<\/td>\n<td style=\"text-align: center; padding: 6px 14px;\">5<\/td>\n<td>\n<p>Pilot drills D2, L5-16D2, L5-16<\/p>\n<p><img loading=\"lazy\" decoding=\"async\" src=\"https:\/\/www.bionika.hu\/wp-content\/uploads\/05-vezetocsatorna-furo-300x47-1.png\" width=\"300\" height=\"47\" alt=\"\" class=\"wp-image-19741 alignnone size-medium\" \/><\/p>\n<\/td>\n<td style=\"text-align: center; padding: 6px 14px;\">9<\/td>\n<td>\n<p>Implant driver, mechanical, L5<\/p>\n<p><img loading=\"lazy\" decoding=\"async\" src=\"https:\/\/www.bionika.hu\/wp-content\/uploads\/09-implantatum-behajto-gepi-300x77-1.png\" width=\"132\" height=\"34\" alt=\"\" class=\"wp-image-19729 alignnone size-medium\" \/><\/p>\n<\/td>\n<td style=\"text-align: center; padding: 6px 14px;\">13<\/td>\n<td>\n<p>Multi-unit key<\/p>\n<p><img loading=\"lazy\" decoding=\"async\" src=\"https:\/\/www.bionika.hu\/wp-content\/uploads\/13-multi-unit-kulcs-300x110-1.png\" width=\"90\" height=\"33\" alt=\"\" class=\"wp-image-19717 alignnone size-medium\" \/><\/p>\n<\/td>\n<\/tr>\n<tr>\n<td style=\"text-align: center; padding: 6px 14px;\">2<\/td>\n<td>\n<p>Pre-drill D3.3<\/p>\n<p><img loading=\"lazy\" decoding=\"async\" src=\"https:\/\/www.bionika.hu\/wp-content\/uploads\/02-elofuro-300x56-1.png\" width=\"300\" height=\"56\" alt=\"\" class=\"wp-image-19750 alignnone size-medium\" \/><\/p>\n<\/td>\n<td style=\"text-align: center; padding: 6px 14px;\">6<\/td>\n<td>\n<p>Threaded socket drills D3.3, L6-16<\/p>\n<p><img loading=\"lazy\" decoding=\"async\" src=\"https:\/\/www.bionika.hu\/wp-content\/uploads\/06-menetfeszek-furo-300x47-1.png\" width=\"300\" height=\"47\" alt=\"\" class=\"wp-image-19738 alignnone size-medium\" \/><\/p>\n<\/td>\n<td style=\"text-align: center; padding: 6px 14px;\">10<\/td>\n<td>\n<p>Implant collector, manual, L5<\/p>\n<p><img loading=\"lazy\" decoding=\"async\" src=\"https:\/\/www.bionika.hu\/wp-content\/uploads\/10-implantatum-behajto-kezi-300x148-1.png\" width=\"71\" height=\"35\" alt=\"\" class=\"wp-image-19726 alignnone size-medium\" \/><\/p>\n<\/td>\n<td style=\"text-align: center; padding: 6px 14px;\">14<\/td>\n<td>\n<p>Torque wrench<\/p>\n<p><img loading=\"lazy\" decoding=\"async\" src=\"https:\/\/www.bionika.hu\/wp-content\/uploads\/14-nyomatekkulcs-300x36-1.png\" width=\"300\" height=\"36\" alt=\"\" class=\"wp-image-19667 alignnone size-medium\" \/><\/p>\n<\/td>\n<\/tr>\n<tr>\n<td style=\"text-align: center; padding: 6px 14px;\">3<\/td>\n<td>\n<p>Pre-drill D3.8<\/p>\n<p><img loading=\"lazy\" decoding=\"async\" src=\"https:\/\/www.bionika.hu\/wp-content\/uploads\/03-elofuro-300x56-1.png\" width=\"300\" height=\"56\" alt=\"\" class=\"wp-image-19747 alignnone size-medium\" \/><\/p>\n<\/td>\n<td style=\"text-align: center; padding: 6px 14px;\">7<\/td>\n<td>\n<p>Threaded socket drill D3.8, L6-16<\/p>\n<p><img loading=\"lazy\" decoding=\"async\" src=\"https:\/\/www.bionika.hu\/wp-content\/uploads\/07-menetfeszek-furo-300x47-1.png\" width=\"300\" height=\"47\" alt=\"\" class=\"wp-image-19735 alignnone size-medium\" \/><\/p>\n<\/td>\n<td style=\"text-align: center; padding: 6px 14px;\">11<\/td>\n<td>\n<p>Wrench, mechanical, 27x10<\/p>\n<p><img loading=\"lazy\" decoding=\"async\" src=\"https:\/\/www.bionika.hu\/wp-content\/uploads\/11-fejcsavarkulcs-gepi-300x29-1.png\" width=\"300\" height=\"29\" alt=\"\" class=\"wp-image-19723 alignnone size-medium\" \/><\/p>\n<\/td>\n<td style=\"text-align: center; padding: 6px 14px;\">15<\/td>\n<td>\n<p>Template fixing pins<\/p>\n<p><img loading=\"lazy\" decoding=\"async\" src=\"https:\/\/www.bionika.hu\/wp-content\/uploads\/15-sablonrogzito-csapszegek-300x65-1.png\" width=\"300\" height=\"65\" alt=\"\" class=\"wp-image-19714 alignnone size-medium\" \/><\/p>\n<\/td>\n<\/tr>\n<tr>\n<td style=\"text-align: center; padding: 6px 14px;\">4<\/td>\n<td>\n<p>Pre-drill D4.3<\/p>\n<p><img loading=\"lazy\" decoding=\"async\" src=\"https:\/\/www.bionika.hu\/wp-content\/uploads\/04-elofuro-300x56-1.png\" width=\"300\" height=\"56\" alt=\"\" class=\"wp-image-19744 alignnone size-medium\" \/><\/p>\n<\/td>\n<td style=\"text-align: center; padding: 6px 14px;\">8<\/td>\n<td>\n<p>Threaded socket drill D4.3, L6-16<\/p>\n<p><img loading=\"lazy\" decoding=\"async\" src=\"https:\/\/www.bionika.hu\/wp-content\/uploads\/08-menetfeszek-furo-300x47-1.png\" width=\"300\" height=\"47\" alt=\"\" class=\"wp-image-19732 alignnone size-medium\" \/><\/p>\n<\/td>\n<td style=\"text-align: center; padding: 6px 14px;\">12<\/td>\n<td>\n<p>Wrench, manual, 6Lt1.27x10<\/p>\n<p><img loading=\"lazy\" decoding=\"async\" src=\"https:\/\/www.bionika.hu\/wp-content\/uploads\/12-fejcsavarkulcs-kezi-300x85-1.png\" width=\"300\" height=\"85\" alt=\"\" class=\"wp-image-19720 alignnone size-medium\" \/><\/p>\n<\/td>\n<td style=\"text-align: center; padding: 6px 14px;\"><\/td>\n<td><\/td>\n<\/tr>\n<\/tbody>\n<\/table>\n<p>&nbsp;<\/p>\n<\/div><\/div><\/div><\/div><\/div><div class=\"et_pb_section_2 et_pb_section et_section_regular et_block_section\"><div class=\"et_pb_row_5 et_pb_row et_pb_equal_columns et_block_row\"><div class=\"et_pb_column_8 et_pb_column et_pb_column_1_2 et_block_column et_pb_css_mix_blend_mode_passthrough\"><div class=\"et_pb_image_6 et_pb_image et_animated et_pb_module et_block_module\"><a href=\"https:\/\/www.bionika.hu\/wp-content\/uploads\/Guide-System-1.pdf\" target=\"_blank\"><span class=\"et_pb_image_wrap\"><img loading=\"lazy\" decoding=\"async\" src=\"https:\/\/www.bionika.hu\/wp-content\/uploads\/guide-system-trifold.png\" width=\"836\" height=\"747\" srcset=\"https:\/\/www.bionika.hu\/wp-content\/uploads\/guide-system-trifold.png 836w, https:\/\/www.bionika.hu\/wp-content\/uploads\/guide-system-trifold-480x429.png 480w\" sizes=\"(min-width: 0px) and (max-width: 480px) 480px, (min-width: 481px) 836px, 100vw\" class=\"wp-image-50432\" title=\"guide-system-trifold\" alt=\"guide system trifold\" \/><\/span><\/a><\/div><\/div><div class=\"et_pb_column_9 et_pb_column et_pb_column_1_2 et-last-child et_block_column et_pb_css_mix_blend_mode_passthrough v-kozep\"><div class=\"et_pb_text_4 et_pb_text et_pb_bg_layout_light et_pb_module et_block_module et_pb_text_align_center\"><div class=\"et_pb_text_inner\"><p style=\"text-align: center;\"><span style=\"color: #02b5ec;\"><strong>For further information, <\/strong><\/span><\/p>\n<p style=\"text-align: center;\"><span style=\"color: #02b5ec;\"><strong>check out our catalogue!<\/strong><\/span><\/p>\n<\/div><\/div><div class=\"et_pb_module et_pb_button_module_wrapper et_pb_button_0_wrapper\"><a class=\"et_pb_button_0 et_pb_button et_pb_bg_layout_light et_pb_module et_block_module\" href=\"https:\/\/shop.en.bionika.hu\/collections\/dental-implantation-instruments?sort_by=manual&#038;filter.p.m.custom.instruments=Guide+system#fokategoria\" target=\"_blank\" data-icon=\"\ue07a\">Visit webshop!<\/a><\/div><\/div><\/div><\/div>\n","protected":false},"excerpt":{"rendered":"","protected":false},"author":9,"featured_media":19565,"parent":0,"menu_order":0,"comment_status":"closed","ping_status":"closed","template":"","meta":{"footnotes":""},"class_list":["post-19547","page","type-page","status-publish","has-post-thumbnail","hentry"],"_links":{"self":[{"href":"https:\/\/www.bionika.hu\/en\/wp-json\/wp\/v2\/pages\/19547","targetHints":{"allow":["GET"]}}],"collection":[{"href":"https:\/\/www.bionika.hu\/en\/wp-json\/wp\/v2\/pages"}],"about":[{"href":"https:\/\/www.bionika.hu\/en\/wp-json\/wp\/v2\/types\/page"}],"author":[{"embeddable":true,"href":"https:\/\/www.bionika.hu\/en\/wp-json\/wp\/v2\/users\/9"}],"replies":[{"embeddable":true,"href":"https:\/\/www.bionika.hu\/en\/wp-json\/wp\/v2\/comments?post=19547"}],"version-history":[{"count":11,"href":"https:\/\/www.bionika.hu\/en\/wp-json\/wp\/v2\/pages\/19547\/revisions"}],"predecessor-version":[{"id":61695,"href":"https:\/\/www.bionika.hu\/en\/wp-json\/wp\/v2\/pages\/19547\/revisions\/61695"}],"wp:featuredmedia":[{"embeddable":true,"href":"https:\/\/www.bionika.hu\/en\/wp-json\/"}],"wp:attachment":[{"href":"https:\/\/www.bionika.hu\/en\/wp-json\/wp\/v2\/media?parent=19547"}],"curies":[{"name":"wp","href":"https:\/\/api.w.org\/{rel}","templated":true}]}}