{"id":20017,"date":"2020-07-15T11:31:10","date_gmt":"2020-07-15T09:31:10","guid":{"rendered":"https:\/\/www.bionika.hu\/?page_id=20017"},"modified":"2024-05-16T11:05:32","modified_gmt":"2024-05-16T09:05:32","slug":"traumatology","status":"publish","type":"page","link":"https:\/\/www.bionika.hu\/en\/traumatology\/","title":{"rendered":"Traumatology"},"content":{"rendered":"<p>[et_pb_section fb_built=&#8221;1&#8243; disabled_on=&#8221;off|off|off&#8221; _builder_version=&#8221;4.25.1&#8243; background_image=&#8221;https:\/\/www.bionika.hu\/wp-content\/uploads\/fixateur-bg.jpg&#8221; max_height=&#8221;500px&#8221; custom_padding=&#8221;250px||250px|&#8221; link_option_url=&#8221;https:\/\/www.bionika.hu\/fixateur\/&#8221; hover_enabled=&#8221;0&#8243; global_colors_info=&#8221;{}&#8221; background_position=&#8221;bottom_left&#8221; sticky_enabled=&#8221;0&#8243;][et_pb_row column_structure=&#8221;1_2,1_2&#8243; _builder_version=&#8221;4.16&#8243; background_size=&#8221;initial&#8221; background_position=&#8221;top_left&#8221; background_repeat=&#8221;repeat&#8221; custom_margin=&#8221;-169px||||false|false&#8221; global_colors_info=&#8221;{}&#8221;][et_pb_column type=&#8221;1_2&#8243; _builder_version=&#8221;4.16&#8243; custom_padding=&#8221;|||&#8221; global_colors_info=&#8221;{}&#8221; custom_padding__hover=&#8221;|||&#8221;][\/et_pb_column][et_pb_column type=&#8221;1_2&#8243; _builder_version=&#8221;4.16&#8243; custom_padding=&#8221;|||&#8221; global_colors_info=&#8221;{}&#8221; custom_padding__hover=&#8221;|||&#8221;][et_pb_text _builder_version=&#8221;4.16&#8243; header_font=&#8221;|600|||||||&#8221; header_text_color=&#8221;#ffffff&#8221; header_font_size=&#8221;55px&#8221; header_letter_spacing=&#8221;2px&#8221; inline_fonts=&#8221;Yanone Kaffeesatz&#8221; global_colors_info=&#8221;{}&#8221;][\/et_pb_text][et_pb_text _builder_version=&#8221;4.16&#8243; text_font=&#8221;|300|||||||&#8221; text_font_size=&#8221;18px&#8221; text_line_height=&#8221;1.4em&#8221; header_font=&#8221;||||||||&#8221; text_orientation=&#8221;center&#8221; background_layout=&#8221;dark&#8221; module_alignment=&#8221;center&#8221; custom_padding=&#8221;||0px|||&#8221; inline_fonts=&#8221;Abel&#8221; global_colors_info=&#8221;{}&#8221;]<\/p>\n<h1 style=\"text-align: left;\"><span>BIONIKA Fixateur systems<\/span><\/h1>\n<p style=\"text-align: left;\"><span>\u00a0<\/span><\/p>\n<p style=\"text-align: left;\"><span>The BIONIKA Fixateur system is the sum of outer modular instruments for bone fixation, whose elements can be varied on request.<\/span><\/p>\n<p>[\/et_pb_text][et_pb_button button_url=&#8221;https:\/\/www.bionika.hu\/en\/fixateur\/&#8221; button_text=&#8221;More details&#8221; _builder_version=&#8221;4.16&#8243; _module_preset=&#8221;default&#8221; custom_button=&#8221;on&#8221; button_text_color=&#8221;#ffffff&#8221; button_border_radius=&#8221;11px&#8221; global_colors_info=&#8221;{}&#8221;][\/et_pb_button][\/et_pb_column][\/et_pb_row][\/et_pb_section][et_pb_section fb_built=&#8221;1&#8243; admin_label=&#8221;section&#8221; _builder_version=&#8221;4.16&#8243; custom_padding=&#8221;50px|0px|10px|0px&#8221; link_option_url=&#8221;https:\/\/www.bionika.hu\/kez-es-labsebeszeti-lemez-rendszer\/&#8221; global_colors_info=&#8221;{}&#8221;][et_pb_row column_structure=&#8221;1_2,1_2&#8243; make_equal=&#8221;on&#8221; admin_label=&#8221;row&#8221; _builder_version=&#8221;4.16&#8243; background_size=&#8221;initial&#8221; background_position=&#8221;top_left&#8221; background_repeat=&#8221;repeat&#8221; custom_padding=&#8221;0px|0px|57px|0px&#8221; global_colors_info=&#8221;{}&#8221;][et_pb_column type=&#8221;1_2&#8243; module_class=&#8221;v-kozep&#8221; _builder_version=&#8221;4.16&#8243; custom_padding=&#8221;|||&#8221; global_colors_info=&#8221;{}&#8221; custom_padding__hover=&#8221;|||&#8221;][et_pb_image src=&#8221;https:\/\/www.bionika.hu\/wp-content\/uploads\/2017\/12\/kez-es-labsebeszeti-lemez.png&#8221; alt=&#8221;K\u00e9z-\u00e9s l\u00e1bseb\u00e9szeti lemezek&#8221; align=&#8221;center&#8221; align_tablet=&#8221;center&#8221; align_phone=&#8221;&#8221; align_last_edited=&#8221;on|desktop&#8221; _builder_version=&#8221;4.16&#8243; custom_margin=&#8221;|-35px||-25px|false|false&#8221; custom_padding=&#8221;||||false|false&#8221; animation_style=&#8221;slide&#8221; animation_direction=&#8221;left&#8221; animation_duration=&#8221;500ms&#8221; animation_intensity_slide=&#8221;10%&#8221; global_colors_info=&#8221;{}&#8221;][\/et_pb_image][\/et_pb_column][et_pb_column type=&#8221;1_2&#8243; module_class=&#8221;v-kozep&#8221; _builder_version=&#8221;4.16&#8243; custom_padding=&#8221;|||&#8221; global_colors_info=&#8221;{}&#8221; custom_padding__hover=&#8221;|||&#8221;][et_pb_text _builder_version=&#8221;4.16&#8243; header_font=&#8221;|on|||&#8221; background_size=&#8221;initial&#8221; background_position=&#8221;top_left&#8221; background_repeat=&#8221;repeat&#8221; text_orientation=&#8221;justified&#8221; custom_margin=&#8221;|||-80px|false|false&#8221; global_colors_info=&#8221;{}&#8221;]<\/p>\n<h1 style=\"text-align: center;\"><\/h1>\n<h1 style=\"text-align: center;\">Hand and leg surgical plates<\/h1>\n<p>&nbsp;<\/p>\n<p>[\/et_pb_text][et_pb_button button_url=&#8221;https:\/\/www.bionika.hu\/en\/hand-and-leg-surgical-plates\/&#8221; button_text=&#8221;More details&#8221; _builder_version=&#8221;4.16&#8243; _module_preset=&#8221;default&#8221; custom_button=&#8221;on&#8221; button_border_radius=&#8221;11px&#8221; custom_margin=&#8221;-30px|||4px|false|false&#8221; global_colors_info=&#8221;{}&#8221;][\/et_pb_button][\/et_pb_column][\/et_pb_row][\/et_pb_section]<\/p>\n","protected":false},"excerpt":{"rendered":"<p>BIONIKA Fixateur systems \u00a0 The BIONIKA Fixateur system is the sum of outer modular instruments for bone fixation, whose elements can be varied on request. Hand and leg surgical plates &nbsp;<\/p>\n","protected":false},"author":10,"featured_media":0,"parent":0,"menu_order":0,"comment_status":"closed","ping_status":"closed","template":"","meta":{"_et_pb_use_builder":"on","_et_pb_old_content":"","_et_gb_content_width":"","footnotes":""},"class_list":["post-20017","page","type-page","status-publish","hentry"],"_links":{"self":[{"href":"https:\/\/www.bionika.hu\/en\/wp-json\/wp\/v2\/pages\/20017","targetHints":{"allow":["GET"]}}],"collection":[{"href":"https:\/\/www.bionika.hu\/en\/wp-json\/wp\/v2\/pages"}],"about":[{"href":"https:\/\/www.bionika.hu\/en\/wp-json\/wp\/v2\/types\/page"}],"author":[{"embeddable":true,"href":"https:\/\/www.bionika.hu\/en\/wp-json\/wp\/v2\/users\/10"}],"replies":[{"embeddable":true,"href":"https:\/\/www.bionika.hu\/en\/wp-json\/wp\/v2\/comments?post=20017"}],"version-history":[{"count":3,"href":"https:\/\/www.bionika.hu\/en\/wp-json\/wp\/v2\/pages\/20017\/revisions"}],"predecessor-version":[{"id":55878,"href":"https:\/\/www.bionika.hu\/en\/wp-json\/wp\/v2\/pages\/20017\/revisions\/55878"}],"wp:attachment":[{"href":"https:\/\/www.bionika.hu\/en\/wp-json\/wp\/v2\/media?parent=20017"}],"curies":[{"name":"wp","href":"https:\/\/api.w.org\/{rel}","templated":true}]}}