{"id":55723,"date":"2024-05-10T13:24:17","date_gmt":"2024-05-10T11:24:17","guid":{"rendered":"https:\/\/www.bionika.hu\/?page_id=55723"},"modified":"2026-05-08T11:23:28","modified_gmt":"2026-05-08T09:23:28","slug":"dental-articles","status":"publish","type":"page","link":"https:\/\/www.bionika.hu\/en\/dental-articles\/","title":{"rendered":"Dental articles"},"content":{"rendered":"<div class=\"et_pb_section_0 et_pb_section et_section_regular et_block_section\"><div class=\"et_pb_row_0 et_pb_row et_block_row\"><div class=\"et_pb_column_0 et_pb_column et_pb_column_4_4 et-last-child et_block_column et_pb_css_mix_blend_mode_passthrough\"><div class=\"et_pb_heading_0 et_pb_heading et_pb_module et_block_module\"><div class=\"et_pb_heading_container\"><h1 class=\"et_pb_module_header\">Dental articles<\/h1><\/div><\/div><\/div><\/div><div class=\"et_pb_row_1 et_pb_row et_block_row\"><div class=\"et_pb_column_1 et_pb_column et_pb_column_1_3 et_block_column et_pb_css_mix_blend_mode_passthrough\"><div class=\"et_pb_blurb_0 et_pb_blurb et_pb_bg_layout_light et_pb_blurb_position_top et_pb_module et_block_module\"><div class=\"et_pb_blurb_content\"><div class=\"et_pb_main_blurb_image\"><span class=\"et_pb_image_wrap et_pb_only_image_mode_wrap\"><img loading=\"lazy\" decoding=\"async\" src=\"https:\/\/www.bionika.hu\/wp-content\/uploads\/cad-cam-hogyan-keszult-5-1.png\" width=\"488\" height=\"332\" srcset=\"https:\/\/www.bionika.hu\/wp-content\/uploads\/cad-cam-hogyan-keszult-5-1.png 488w, https:\/\/www.bionika.hu\/wp-content\/uploads\/cad-cam-hogyan-keszult-5-1-480x327.png 480w\" sizes=\"(min-width: 0px) and (max-width: 480px) 480px, (min-width: 481px) 488px, 100vw\" class=\"et_animated wp-image-48200\" alt=\"CAD CAM 5\" \/><\/span><\/div><div class=\"et_pb_blurb_container\"><h3 class=\"et_pb_module_header\">BIONIKA FR\u00c9ZK\u00d6ZPONT<\/h3><div class=\"et_pb_blurb_description\"><p class=\"kep-szoveg\" style=\"text-align: justify;\"><span>A vil\u00e1g n\u00e9pess\u00e9g\u00e9nek mintegy 20%-a teljesen fogatlan \u00e9s m\u00e9g t\u00f6bben foghi\u00e1nyosak. Emiatt a fogp\u00f3tl\u00e1sok ut\u00e1ni ig\u00e9ny egyre csak n\u00f6vekszik, ez\u00e1ltal gyorsabban \u00e9s eredm\u00e9nyesebben szeretn\u00e9nk p\u00f3tolni p\u00e1cienseink fogait. Ha azt szeretn\u00e9<\/span>...<\/p>\n<\/div><\/div><\/div><\/div><div class=\"et_pb_module et_pb_button_module_wrapper et_pb_button_0_wrapper\"><a class=\"et_pb_button_0 et_pb_button et_pb_bg_layout_light et_pb_module et_block_module\" href=\"https:\/\/www.bionika.hu\/bionika-frezkozpont\/\" target=\"_blank\" data-icon=\"E\">Visit articles<\/a><\/div><\/div><div class=\"et_pb_column_2 et_pb_column et_pb_column_1_3 et_block_column et_pb_css_mix_blend_mode_passthrough\"><div class=\"et_pb_blurb_1 et_pb_blurb et_pb_bg_layout_light et_pb_blurb_position_top et_pb_module et_block_module\"><div class=\"et_pb_blurb_content\"><div class=\"et_pb_main_blurb_image\"><span class=\"et_pb_image_wrap et_pb_only_image_mode_wrap\"><img loading=\"lazy\" decoding=\"async\" src=\"https:\/\/www.bionika.hu\/wp-content\/uploads\/2017\/03\/cikk-szamitogep-maximalis-nyirofeszultseg.jpg\" width=\"882\" height=\"463\" srcset=\"https:\/\/www.bionika.hu\/wp-content\/uploads\/2017\/03\/cikk-szamitogep-maximalis-nyirofeszultseg.jpg 882w, https:\/\/www.bionika.hu\/wp-content\/uploads\/2017\/03\/cikk-szamitogep-maximalis-nyirofeszultseg-480x252.jpg 480w\" sizes=\"(min-width: 0px) and (max-width: 480px) 480px, (min-width: 481px) 882px, 100vw\" class=\"et_animated wp-image-40677\" alt=\"Az egyenes multi-unit fejek bemutat\u00e1sa metszeti \u00e1br\u00e1n. Becsavarhat\u00f3, \u00e1tmen\u0151csavaros \u00e9s duplacsavaros multi-unit fejmegold\u00e1sok.\" \/><\/span><\/div><div class=\"et_pb_blurb_container\"><h3 class=\"et_pb_module_header\"> Sz\u00e1m\u00edt\u00f3g\u00e9ppel seg\u00edtett tervez\u00e9s \u00e9s optimaliz\u00e1l\u00e1s a Bionik\u00e1n\u00e1l<\/h3><div class=\"et_pb_blurb_description\"><p class=\"kep-szoveg\" style=\"text-align: justify;\"><span>A digit\u00e1lis szimul\u00e1ci\u00f3 eszk\u00f6zei \u00e9vtizedek \u00f3ta haszn\u00e1lt \u00e9s bizony\u00edtott megold\u00e1st k\u00edn\u00e1lnak, melyek seg\u00edts\u00e9g\u00e9vel m\u00e1r a term\u00e9k \u00e9letciklus\u00e1nak kezdeti szakasz\u00e1n k\u00e9pet kaphatunk<\/span>...<\/p>\n<\/div><\/div><\/div><\/div><div class=\"et_pb_module et_pb_button_module_wrapper et_pb_button_1_wrapper\"><a class=\"et_pb_button_1 et_pb_button et_pb_bg_layout_light et_pb_module et_block_module\" href=\"https:\/\/www.bionika.hu\/szamitogeppel-segitett-tervezes-es-optimalizalas-a-bionikanal\/\" target=\"_blank\" data-icon=\"E\">Visit articles<\/a><\/div><\/div><div class=\"et_pb_column_3 et_pb_column et_pb_column_1_3 et-last-child et_block_column et_pb_css_mix_blend_mode_passthrough\"><div class=\"et_pb_blurb_2 et_pb_blurb et_pb_bg_layout_light et_pb_blurb_position_top et_pb_module et_block_module\"><div class=\"et_pb_blurb_content\"><div class=\"et_pb_main_blurb_image\"><span class=\"et_pb_image_wrap et_pb_only_image_mode_wrap\"><img loading=\"lazy\" decoding=\"async\" src=\"https:\/\/www.bionika.hu\/wp-content\/uploads\/cad-cam-hogyan-keszult-3-1.png\" width=\"1267\" height=\"743\" srcset=\"https:\/\/www.bionika.hu\/wp-content\/uploads\/cad-cam-hogyan-keszult-3-1.png 1267w, https:\/\/www.bionika.hu\/wp-content\/uploads\/cad-cam-hogyan-keszult-3-1-980x575.png 980w, https:\/\/www.bionika.hu\/wp-content\/uploads\/cad-cam-hogyan-keszult-3-1-480x281.png 480w\" sizes=\"(min-width: 0px) and (max-width: 480px) 480px, (min-width: 481px) and (max-width: 980px) 980px, (min-width: 981px) 1267px, 100vw\" class=\"et_animated wp-image-48182\" alt=\"Az egyenes multi-unit fejek bemutat\u00e1sa metszeti \u00e1br\u00e1n. Becsavarhat\u00f3, \u00e1tmen\u0151csavaros \u00e9s duplacsavaros multi-unit fejmegold\u00e1sok.\" \/><\/span><\/div><div class=\"et_pb_blurb_container\"><h3 class=\"et_pb_module_header\">Hogyan k\u00e9sz\u00fclt?<\/h3><div class=\"et_pb_blurb_description\"><p><strong>Az \u00e9n fogam t\u00f6rt\u00e9nete (Hajd\u00fa J\u00f3zsef)<\/strong><\/p>\n<p class=\"kep-szoveg\" style=\"text-align: justify;\"><span>Ki ne szeretn\u00e9 \u00f6nmag\u00e1nak a legjobbat? \u00c9n is \u00edgy vagyok vele. Ez\u00fattal a SCANDREA, saj\u00e1t fejleszt\u00e9s\u0171 pr\u00e9mium rendszer\u00fcnk \u201ctesztel\u00e9s\u00e9re\u201d v\u00e1llalkoztam<\/span>...<\/p>\n<\/div><\/div><\/div><\/div><div class=\"et_pb_module et_pb_button_module_wrapper et_pb_button_2_wrapper\"><a class=\"et_pb_button_2 et_pb_button et_pb_bg_layout_light et_pb_module et_block_module\" href=\"https:\/\/www.bionika.hu\/hogyan-keszult\/\" target=\"_blank\" data-icon=\"E\">Visit articles<\/a><\/div><\/div><\/div><div class=\"et_pb_row_2 et_pb_row et_block_row\"><div class=\"et_pb_column_4 et_pb_column et_pb_column_1_3 et_block_column et_pb_css_mix_blend_mode_passthrough\"><div class=\"et_pb_blurb_3 et_pb_blurb et_pb_bg_layout_light et_pb_blurb_position_top et_pb_module et_block_module\"><div class=\"et_pb_blurb_content\"><div class=\"et_pb_main_blurb_image\"><span class=\"et_pb_image_wrap et_pb_only_image_mode_wrap\"><img loading=\"lazy\" decoding=\"async\" src=\"https:\/\/www.bionika.hu\/wp-content\/uploads\/specialis-eset-2.png\" width=\"484\" height=\"280\" srcset=\"https:\/\/www.bionika.hu\/wp-content\/uploads\/specialis-eset-2.png 484w, https:\/\/www.bionika.hu\/wp-content\/uploads\/specialis-eset-2-480x278.png 480w\" sizes=\"(min-width: 0px) and (max-width: 480px) 480px, (min-width: 481px) 484px, 100vw\" class=\"et_animated wp-image-52657\" alt=\"Az egyenes multi-unit fejek bemutat\u00e1sa metszeti \u00e1br\u00e1n. Becsavarhat\u00f3, \u00e1tmen\u0151csavaros \u00e9s duplacsavaros multi-unit fejmegold\u00e1sok.\" \/><\/span><\/div><div class=\"et_pb_blurb_container\"><h3 class=\"et_pb_module_header\">Speci\u00e1lis esetek a DentCAM Fr\u00e9zk\u00f6zpontban!<\/h3><div class=\"et_pb_blurb_description\"><p class=\"kep-szoveg\" style=\"text-align: justify;\"><span>Egy fiatalember fels\u0151 fogsora s\u00falyos baleset k\u00f6vetkezt\u00e9ben megs\u00e9r\u00fclt. M\u0171t\u00e9tet hajtottak v\u00e9gre a p\u00e1ciensen, amelynek sor\u00e1n elt\u00e1vol\u00edtottak a maxill\u00e1b\u00f3l egy csont darabot. Ezt nem p\u00f3tolt\u00e1k, emiatt<\/span>...<\/p>\n<\/div><\/div><\/div><\/div><div class=\"et_pb_module et_pb_button_module_wrapper et_pb_button_3_wrapper\"><a class=\"et_pb_button_3 et_pb_button et_pb_bg_layout_light et_pb_module et_block_module\" href=\"https:\/\/www.bionika.hu\/specialis-esetek-a-bionika-frezkozpontban\/\" target=\"_blank\" data-icon=\"E\">Visit articles<\/a><\/div><\/div><div class=\"et_pb_column_5 et_pb_column et_pb_column_1_3 et_block_column et_pb_css_mix_blend_mode_passthrough\"><div class=\"et_pb_blurb_4 et_pb_blurb et_pb_bg_layout_light et_pb_blurb_position_top et_pb_module et_block_module\"><div class=\"et_pb_blurb_content\"><div class=\"et_pb_main_blurb_image\"><span class=\"et_pb_image_wrap et_pb_only_image_mode_wrap\"><img loading=\"lazy\" decoding=\"async\" src=\"https:\/\/www.bionika.hu\/wp-content\/uploads\/dental-hirborze-multi-unit-cikk-5.png\" width=\"446\" height=\"223\" srcset=\"https:\/\/www.bionika.hu\/wp-content\/uploads\/dental-hirborze-multi-unit-cikk-5.png 446w, https:\/\/www.bionika.hu\/wp-content\/uploads\/dental-hirborze-multi-unit-cikk-5-300x150.png 300w\" sizes=\"(max-width: 446px) 100vw, 446px\" class=\"et_animated wp-image-49031\" alt=\"\u00c1tmen\u0151csavaros SR fej, ki\u00e9gethet\u0151 m\u0171anyag fejr\u00e9sz, menetes belsej\u0171 SR \u00e1tmen\u0151csavar \u00e9s a belecsavarhat\u00f3 SR kicsavar.\" \/><\/span><\/div><div class=\"et_pb_blurb_container\"><h3 class=\"et_pb_module_header\">Sz\u00e9les v\u00e1laszt\u00e9k csavarr\u00f6gz\u00edt\u00e9s\u0171 fogm\u0171vekhez<\/h3><div class=\"et_pb_blurb_description\"><p class=\"kep-szoveg\" style=\"text-align: justify;\"><span>Manaps\u00e1g m\u00e1r rengeteg f\u00e9le m\u00f3dszer l\u00e9tezik arra, hogy az elveszett fogakat sikeresen p\u00f3toljuk. A hagyom\u00e1nyos kivehet\u0151 prot\u00e9zis f\u00e9nykora le\u00e1ldoz\u00f3ban van. Aki teheti ink\u00e1bb fix fogp\u00f3tl\u00e1st k\u00e9r<\/span>...<\/p>\n<\/div><\/div><\/div><\/div><div class=\"et_pb_module et_pb_button_module_wrapper et_pb_button_4_wrapper\"><a class=\"et_pb_button_4 et_pb_button et_pb_bg_layout_light et_pb_module et_block_module\" href=\"https:\/\/www.bionika.hu\/valasztek-csavarrogzitesu-fogmuvekhez\/\" target=\"_blank\" data-icon=\"E\">Visit articles<\/a><\/div><\/div><div class=\"et_pb_column_6 et_pb_column et_pb_column_1_3 et-last-child et_block_column et_pb_column_empty et_pb_css_mix_blend_mode_passthrough\"><\/div><\/div><\/div>","protected":false},"excerpt":{"rendered":"","protected":false},"author":13,"featured_media":0,"parent":0,"menu_order":0,"comment_status":"closed","ping_status":"closed","template":"","meta":{"footnotes":""},"class_list":["post-55723","page","type-page","status-publish","hentry"],"_links":{"self":[{"href":"https:\/\/www.bionika.hu\/en\/wp-json\/wp\/v2\/pages\/55723","targetHints":{"allow":["GET"]}}],"collection":[{"href":"https:\/\/www.bionika.hu\/en\/wp-json\/wp\/v2\/pages"}],"about":[{"href":"https:\/\/www.bionika.hu\/en\/wp-json\/wp\/v2\/types\/page"}],"author":[{"embeddable":true,"href":"https:\/\/www.bionika.hu\/en\/wp-json\/wp\/v2\/users\/13"}],"replies":[{"embeddable":true,"href":"https:\/\/www.bionika.hu\/en\/wp-json\/wp\/v2\/comments?post=55723"}],"version-history":[{"count":9,"href":"https:\/\/www.bionika.hu\/en\/wp-json\/wp\/v2\/pages\/55723\/revisions"}],"predecessor-version":[{"id":61769,"href":"https:\/\/www.bionika.hu\/en\/wp-json\/wp\/v2\/pages\/55723\/revisions\/61769"}],"wp:attachment":[{"href":"https:\/\/www.bionika.hu\/en\/wp-json\/wp\/v2\/media?parent=55723"}],"curies":[{"name":"wp","href":"https:\/\/api.w.org\/{rel}","templated":true}]}}