{"id":55882,"date":"2024-04-29T08:56:17","date_gmt":"2024-04-29T06:56:17","guid":{"rendered":"https:\/\/www.bionika.hu\/?page_id=55882"},"modified":"2026-05-08T11:22:58","modified_gmt":"2026-05-08T09:22:58","slug":"implie","status":"publish","type":"page","link":"https:\/\/www.bionika.hu\/en\/implie\/","title":{"rendered":"Implie"},"content":{"rendered":"\n<div class=\"et_pb_section_0 et_pb_section et_section_regular et_block_section\"><div class=\"et_pb_row_0 et_pb_row et_pb_equal_columns et_block_row\"><div class=\"et_pb_column_0 et_pb_column et_pb_column_1_2 et_block_column et_pb_css_mix_blend_mode_passthrough\"><div class=\"et_pb_image_0 et_pb_image et_animated et_pb_module et_block_module\"><span class=\"et_pb_image_wrap\"><img loading=\"lazy\" decoding=\"async\" src=\"https:\/\/www.bionika.hu\/wp-content\/uploads\/2024\/04\/impli_borito_renderv2-1.png\" width=\"532\" height=\"640\" srcset=\"https:\/\/www.bionika.hu\/wp-content\/uploads\/2024\/04\/impli_borito_renderv2-1.png 532w, https:\/\/www.bionika.hu\/wp-content\/uploads\/2024\/04\/impli_borito_renderv2-1-480x577.png 480w\" sizes=\"(min-width: 0px) and (max-width: 480px) 480px, (min-width: 481px) 532px, 100vw\" class=\"wp-image-54468\" title=\"impli_bor\u00edt\u00f3_renderv2\" alt=\"BIONIKA Corticon Implant\u00e1ci\u00f3s Rendszer\" \/><\/span><\/div><\/div><div class=\"et_pb_column_1 et_pb_column et_pb_column_1_2 et-last-child et_block_column et_pb_css_mix_blend_mode_passthrough v-kozep\"><div class=\"et_pb_text_0 et_pb_text et_pb_bg_layout_light et_pb_module et_block_module\"><div class=\"et_pb_text_inner\"><h1 style=\"text-align: center;\">IMPLIE<\/h1>\n<h2 style=\"text-align: center;\"><strong>Implant System<\/strong><\/h2>\n<\/div><\/div><\/div><\/div><\/div><div class=\"et_pb_section_1 et_pb_section et_section_regular et_block_section\"><div class=\"et_pb_row_1 et_pb_row et_pb_row_1-2_1-4_1-4 et_block_row et_block_row_1-2_1-4_1-4\"><div class=\"et_pb_column_2 et_pb_column et_pb_column_1_2 et_block_column et_pb_css_mix_blend_mode_passthrough\"><div class=\"et_pb_text_1 et_pb_text et_pb_bg_layout_light et_pb_module et_block_module\"><div class=\"et_pb_text_inner\"><h1 style=\"text-align: left;\"><strong>Connection: Cone &amp; Hex<\/strong><strong><\/strong><\/h1>\n<p><strong><\/strong><\/p>\n<p style=\"text-align: justify;\">This complex cone &amp; hexagonal prism geometry has been proved in the engineering practice and ensures the perfect fitting. We are using a 25-degree cone angle that provides a micro move-free load transmission and assures good conditions for accurate open or closed tray method. It superimposes the forces deep into the implant\u2019s inside.<\/p>\n<\/div><\/div><\/div><div class=\"et_pb_column_3 et_pb_column et_pb_column_1_4 et_block_column et_pb_css_mix_blend_mode_passthrough\"><div class=\"et_pb_image_1 et_pb_image et_pb_module et_block_module\"><span class=\"et_pb_image_wrap\"><img loading=\"lazy\" decoding=\"async\" src=\"https:\/\/www.bionika.hu\/wp-content\/uploads\/2024\/04\/in.png\" width=\"598\" height=\"598\" srcset=\"https:\/\/www.bionika.hu\/wp-content\/uploads\/2024\/04\/in.png 598w, https:\/\/www.bionika.hu\/wp-content\/uploads\/2024\/04\/in-480x480.png 480w\" sizes=\"(min-width: 0px) and (max-width: 480px) 480px, (min-width: 481px) 598px, 100vw\" class=\"wp-image-54471\" title=\"in\" \/><\/span><\/div><div class=\"et_pb_text_2 et_pb_text et_pb_bg_layout_light et_pb_module et_block_module\"><div class=\"et_pb_text_inner\"><p style=\"text-align: center;\"><strong>IMPLIE Narrow<\/strong><\/p>\n<\/div><\/div><\/div><div class=\"et_pb_column_4 et_pb_column et_pb_column_1_4 et-last-child et_block_column et_pb_css_mix_blend_mode_passthrough\"><div class=\"et_pb_image_2 et_pb_image et_pb_module et_block_module\"><span class=\"et_pb_image_wrap\"><img loading=\"lazy\" decoding=\"async\" src=\"https:\/\/www.bionika.hu\/wp-content\/uploads\/2024\/04\/IS.png\" width=\"595\" height=\"594\" srcset=\"https:\/\/www.bionika.hu\/wp-content\/uploads\/2024\/04\/IS.png 595w, https:\/\/www.bionika.hu\/wp-content\/uploads\/2024\/04\/IS-480x479.png 480w\" sizes=\"(min-width: 0px) and (max-width: 480px) 480px, (min-width: 481px) 595px, 100vw\" class=\"wp-image-54474\" title=\"IS\" \/><\/span><\/div><div class=\"et_pb_text_3 et_pb_text et_pb_bg_layout_light et_pb_module et_block_module\"><div class=\"et_pb_text_inner\"><p style=\"text-align: left;\"><strong>IMPLIE Standard<\/strong><\/p>\n<\/div><\/div><\/div><\/div><\/div><div class=\"et_pb_section_2 et_pb_section et_section_regular et_block_section\"><div class=\"et_pb_row_2 et_pb_row et_pb_equal_columns et_block_row\"><div class=\"et_pb_column_5 et_pb_column et_pb_column_1_3 et_block_column et_pb_css_mix_blend_mode_passthrough\"><div class=\"et_pb_image_3 et_pb_image et_animated et_pb_module et_block_module\"><span class=\"et_pb_image_wrap\"><img loading=\"lazy\" decoding=\"async\" src=\"https:\/\/www.bionika.hu\/wp-content\/uploads\/2024\/04\/implrender1.png\" width=\"500\" height=\"1000\" srcset=\"https:\/\/www.bionika.hu\/wp-content\/uploads\/2024\/04\/implrender1.png 500w, https:\/\/www.bionika.hu\/wp-content\/uploads\/2024\/04\/implrender1-480x960.png 480w\" sizes=\"(min-width: 0px) and (max-width: 480px) 480px, (min-width: 481px) 500px, 100vw\" class=\"wp-image-54478\" title=\"implrender1\" alt=\"\u00e1tm\u00e9r\u0151k szerinti sz\u00ednk\u00f3dol\u00e1s\" \/><\/span><\/div><\/div><div class=\"et_pb_column_6 et_pb_column et_pb_column_2_3 et-last-child et_block_column et_pb_css_mix_blend_mode_passthrough v-kozep\"><div class=\"et_pb_text_4 et_pb_text et_pb_bg_layout_light et_pb_module et_block_module\"><div class=\"et_pb_text_inner\"><h3 style=\"text-align: left;\"><strong>Specifications of the IMPLIE Implant System:<\/strong><\/h3>\n<p><strong><\/strong><\/p>\n<p style=\"text-align: justify;\"><strong>Platform switching<\/strong> \u2013 The fitting diameter of the abutment is smaller than the outside part of the implant connecting to the bone. The bone may slide on to the top flange of the implant, and in turn the soft tissue will close in around the ingoing aperture of the bone nest and the implant\u2019s connecting surface, covering and sealing it up like a sealing ring.<\/p>\n<p style=\"text-align: justify;\"><strong>Spiral, micro-grooved corticalis surface \u2013 <\/strong>Holding on to the corticalis, the multi-start micro-grooved spiral surface functions as a significant load-bearing element both in the primary and later stage. Due to the cycloid knuckle thread geometry, this selflocking thread structure facilitates deducting the dynamic effects and facilitates the micro move-free conditions and assures a fast incorporation.<\/p>\n<p style=\"text-align: justify;\"><strong>Anatomical tooth root-shape, high pitch selfcompressing spongiosa thread \u2013<\/strong> The IMPLIE follows the anatomical shape of the root. Due to the epsilon thread profile, the tapered thread and the high pitch, large thread depth, and the self-locking and self-cutting formation of the implant, it has a bone-compacting effect. As a result of the high primary stability, this enables the implant to be promptly loadable if needed.<\/p>\n<p style=\"text-align: justify;\"><strong>Rounded implant end \u2013<\/strong> It facilitates the smaller direction changes during the implant insertion.<\/p>\n<\/div><\/div><\/div><\/div><\/div><div class=\"et_pb_section_3 et_pb_section et_section_regular et_block_section\"><div class=\"et_pb_row_3 et_pb_row et_pb_equal_columns et_block_row\"><div class=\"et_pb_column_7 et_pb_column et_pb_column_1_2 et_block_column et_pb_css_mix_blend_mode_passthrough\"><div class=\"et_pb_image_4 et_pb_image et_animated et_pb_module et_block_module\"><a href=\"https:\/\/www.bionika.hu\/wp-content\/uploads\/2025\/04\/T-MD07-089-v02-250408-EN-Implie2025-en.pdf\" target=\"_blank\"><span class=\"et_pb_image_wrap\"><img loading=\"lazy\" decoding=\"async\" src=\"https:\/\/www.bionika.hu\/wp-content\/uploads\/implie_brossura.png\" width=\"250\" height=\"250\" srcset=\"https:\/\/www.bionika.hu\/wp-content\/uploads\/implie_brossura.png 250w, https:\/\/www.bionika.hu\/wp-content\/uploads\/implie_brossura-150x150.png 150w\" sizes=\"(max-width: 250px) 100vw, 250px\" class=\"wp-image-51017\" title=\"implie_brossura\" alt=\"T\u00f6ltse le Corticon katal\u00f3gusunkat pdf form\u00e1tumban!\" \/><\/span><\/a><\/div><\/div><div class=\"et_pb_column_8 et_pb_column et_pb_column_1_2 et-last-child et_block_column et_pb_css_mix_blend_mode_passthrough v-kozep\"><div class=\"et_pb_text_5 et_pb_text et_pb_bg_layout_light et_pb_module et_block_module et_pb_text_align_center\"><div class=\"et_pb_text_inner\"><p style=\"text-align: center;\"><span style=\"color: #02b5ec;\"><strong>For further information, <\/strong><\/span><\/p>\n<p style=\"text-align: center;\"><span style=\"color: #02b5ec;\"><strong>check out our catalogue!<\/strong><\/span><\/p>\n<\/div><\/div><div class=\"et_pb_module et_pb_button_module_wrapper et_pb_button_0_wrapper\"><a class=\"et_pb_button_0 et_pb_button et_pb_bg_layout_light et_pb_module et_block_module\" href=\"https:\/\/shop.en.bionika.hu\/\" target=\"_blank\" data-icon=\"\ue07a\">Visit webshop!<\/a><\/div><\/div><\/div><\/div>\n","protected":false},"excerpt":{"rendered":"","protected":false},"author":13,"featured_media":0,"parent":0,"menu_order":0,"comment_status":"closed","ping_status":"closed","template":"","meta":{"footnotes":""},"class_list":["post-55882","page","type-page","status-publish","hentry"],"_links":{"self":[{"href":"https:\/\/www.bionika.hu\/en\/wp-json\/wp\/v2\/pages\/55882","targetHints":{"allow":["GET"]}}],"collection":[{"href":"https:\/\/www.bionika.hu\/en\/wp-json\/wp\/v2\/pages"}],"about":[{"href":"https:\/\/www.bionika.hu\/en\/wp-json\/wp\/v2\/types\/page"}],"author":[{"embeddable":true,"href":"https:\/\/www.bionika.hu\/en\/wp-json\/wp\/v2\/users\/13"}],"replies":[{"embeddable":true,"href":"https:\/\/www.bionika.hu\/en\/wp-json\/wp\/v2\/comments?post=55882"}],"version-history":[{"count":9,"href":"https:\/\/www.bionika.hu\/en\/wp-json\/wp\/v2\/pages\/55882\/revisions"}],"predecessor-version":[{"id":61764,"href":"https:\/\/www.bionika.hu\/en\/wp-json\/wp\/v2\/pages\/55882\/revisions\/61764"}],"wp:attachment":[{"href":"https:\/\/www.bionika.hu\/en\/wp-json\/wp\/v2\/media?parent=55882"}],"curies":[{"name":"wp","href":"https:\/\/api.w.org\/{rel}","templated":true}]}}