{"id":55895,"date":"2024-04-26T15:47:17","date_gmt":"2024-04-26T13:47:17","guid":{"rendered":"https:\/\/www.bionika.hu\/?page_id=55895"},"modified":"2026-05-08T11:22:55","modified_gmt":"2026-05-08T09:22:55","slug":"dentum","status":"publish","type":"page","link":"https:\/\/www.bionika.hu\/en\/dentum\/","title":{"rendered":"Dentum"},"content":{"rendered":"\n<div class=\"et_pb_section_0 et_pb_section et_section_regular et_block_section\"><div class=\"et_pb_row_0 et_pb_row et_pb_equal_columns et_block_row\"><div class=\"et_pb_column_0 et_pb_column et_pb_column_1_2 et_block_column et_pb_css_mix_blend_mode_passthrough\"><div class=\"et_pb_image_0 et_pb_image et_animated et_pb_module et_block_module\"><span class=\"et_pb_image_wrap\"><img loading=\"lazy\" decoding=\"async\" src=\"https:\/\/www.bionika.hu\/wp-content\/uploads\/2024\/04\/dentum-cimlap-composite.png\" width=\"972\" height=\"1107\" srcset=\"https:\/\/www.bionika.hu\/wp-content\/uploads\/2024\/04\/dentum-cimlap-composite.png 972w, https:\/\/www.bionika.hu\/wp-content\/uploads\/2024\/04\/dentum-cimlap-composite-480x547.png 480w\" sizes=\"(min-width: 0px) and (max-width: 480px) 480px, (min-width: 481px) 972px, 100vw\" class=\"wp-image-54361\" title=\"dentum-cimlap-composite\" alt=\"BIONIKA Cortical Implant\u00e1ci\u00f3s Rendszer\" \/><\/span><\/div><\/div><div class=\"et_pb_column_1 et_pb_column et_pb_column_1_2 et-last-child et_block_column et_pb_css_mix_blend_mode_passthrough v-kozep\"><div class=\"et_pb_text_0 et_pb_text et_pb_bg_layout_light et_pb_module et_block_module et_pb_text_align_justified\"><div class=\"et_pb_text_inner\"><h1 style=\"text-align: center;\">Dentum<\/h1>\n<p style=\"text-align: center;\"><strong>Implant System<\/strong><\/p>\n<\/div><\/div><div class=\"et_pb_text_1 et_pb_text et_pb_bg_layout_light et_pb_module et_block_module\"><div class=\"et_pb_text_inner\"><p style=\"text-align: center;\">The Swedish Bioharmony<\/p>\n<\/div><\/div><\/div><\/div><\/div><div class=\"et_pb_section_1 et_pb_section et_section_regular et_block_section\"><div class=\"et_pb_row_1 et_pb_row et_pb_equal_columns et_block_row\"><div class=\"et_pb_column_2 et_pb_column et_pb_column_1_2 et_block_column et_pb_css_mix_blend_mode_passthrough v-kozep\"><div class=\"et_pb_text_2 et_pb_text et_pb_bg_layout_light et_pb_module et_block_module\"><div class=\"et_pb_text_inner\"><p style=\"text-align: justify;\"><strong>Implant diameters (mm):<\/strong><\/p>\n<p style=\"text-align: justify;\"><strong>\u00f83.0<\/strong> mm, <strong>\u00f83.5<\/strong> mm, <strong>\u00f84.0<\/strong> mm, <strong>\u00f84.5<\/strong> mm, <strong>\u00f85.0<\/strong> mm \u00e9s <strong>\u00f86.0<\/strong> mm.<\/p>\n<\/div><\/div><\/div><div class=\"et_pb_column_3 et_pb_column et_pb_column_1_2 et-last-child et_block_column et_pb_css_mix_blend_mode_passthrough\"><div class=\"et_pb_image_1 et_pb_image et_animated et_pb_module et_block_module\"><span class=\"et_pb_image_wrap\"><img loading=\"lazy\" decoding=\"async\" src=\"https:\/\/www.bionika.hu\/wp-content\/uploads\/2024\/04\/dentum-composite.png\" width=\"1666\" height=\"999\" srcset=\"https:\/\/www.bionika.hu\/wp-content\/uploads\/2024\/04\/dentum-composite.png 1666w, https:\/\/www.bionika.hu\/wp-content\/uploads\/2024\/04\/dentum-composite-1280x768.png 1280w, https:\/\/www.bionika.hu\/wp-content\/uploads\/2024\/04\/dentum-composite-980x588.png 980w, https:\/\/www.bionika.hu\/wp-content\/uploads\/2024\/04\/dentum-composite-480x288.png 480w\" sizes=\"(min-width: 0px) and (max-width: 480px) 480px, (min-width: 481px) and (max-width: 980px) 980px, (min-width: 981px) and (max-width: 1280px) 1280px, (min-width: 1281px) 1666px, 100vw\" class=\"wp-image-54376\" title=\"dentum-composite\" alt=\"A BioLevel rendszerben 8 k\u00fcl\u00f6nb\u00f6z\u0151 \u00e1tm\u00e9r\u0151j\u0171 implant\u00e1tum \u00e1ll rendelkez\u00e9s\u00e9re.\" \/><\/span><\/div><\/div><\/div><\/div><div class=\"et_pb_section_2 et_pb_section et_section_regular et_block_section\"><div class=\"et_pb_row_2 et_pb_row et_pb_row_1-4_3-4 et_pb_equal_columns et_block_row et_block_row_1-4_3-4\"><div class=\"et_pb_column_4 et_pb_column et_pb_column_1_4 et_block_column et_pb_css_mix_blend_mode_passthrough\"><div class=\"et_pb_image_2 et_pb_image et_animated et_pb_module et_block_module\"><span class=\"et_pb_image_wrap\"><img loading=\"lazy\" decoding=\"async\" src=\"https:\/\/www.bionika.hu\/wp-content\/uploads\/2024\/04\/dentum-METSZET-2.png\" width=\"483\" height=\"2560\" srcset=\"https:\/\/www.bionika.hu\/wp-content\/uploads\/2024\/04\/dentum-METSZET-2.png 483w, https:\/\/www.bionika.hu\/wp-content\/uploads\/2024\/04\/dentum-METSZET-2-480x2544.png 480w\" sizes=\"(min-width: 0px) and (max-width: 480px) 480px, (min-width: 481px) 483px, 100vw\" class=\"wp-image-54370\" title=\"dentum-METSZET-2\" alt=\"BioLevel\" \/><\/span><\/div><\/div><div class=\"et_pb_column_5 et_pb_column et_pb_column_3_4 et-last-child et_block_column et_pb_css_mix_blend_mode_passthrough v-kozep\"><div class=\"et_pb_text_3 et_pb_text et_pb_bg_layout_light et_pb_module et_block_module\"><div class=\"et_pb_text_inner\"><p class=\"\" style=\"text-align: justify;\"><span style=\"font-size: large;\"><strong>The distinctive characteristics of the Dentum system:<\/strong><\/span><\/p>\n<p style=\"text-align: justify;\"><strong>Connection: Cone &amp; hex <\/strong>- The perfect cone and hexagonal prism geometry ensures a perfect fixation.<\/p>\n<p style=\"text-align: justify;\"><strong>Cortical Level<\/strong> - The chances of the implant persistency are significantly improved by inserting the upper edge of the implant at the cortical level or below.<\/p>\n<p style=\"text-align: justify;\"><strong>Platform switching<\/strong>\u00a0 - The diameter of the abutment is smaller than the outer part of the implant which is connected to the bone. The bone can creep onto the upper edge of the implant.<\/p>\n<p style=\"text-align: justify;\"><strong>Spirally microstriated cortical surface -<\/strong> The microstriated spiral surface can function as a significant weight bearing element. The self-closing thread structure and the cycloid cord thread geometry ensure a micromotor-free condition for fast insertion.<\/p>\n<p style=\"text-align: justify;\"><strong>Anatomical root form - <\/strong>Due to the conicity, high thread pitch, high thread deepness, self-closing and self-tapping shaping of the implant screw thread, it has a bone-compacting effect, it can be immediately loaded with a due diligence.\u00a0<\/p>\n<\/div><\/div><\/div><\/div><\/div><div class=\"et_pb_section_3 et_pb_section et_section_regular et_block_section\"><div class=\"et_pb_row_3 et_pb_row et_pb_equal_columns et_block_row\"><div class=\"et_pb_column_6 et_pb_column et_pb_column_1_2 et_block_column et_pb_css_mix_blend_mode_passthrough\"><div class=\"et_pb_image_3 et_pb_image et_animated et_pb_module et_block_module\"><a href=\"https:\/\/www.bionika.hu\/wp-content\/uploads\/2025\/04\/T-MD07-095-v02-250408-EN-Dentum-en2025.pdf\" target=\"_blank\"><span class=\"et_pb_image_wrap\"><img loading=\"lazy\" decoding=\"async\" src=\"https:\/\/www.bionika.hu\/wp-content\/uploads\/2024\/05\/Dentum-en-mockup.png\" width=\"836\" height=\"747\" srcset=\"https:\/\/www.bionika.hu\/wp-content\/uploads\/2024\/05\/Dentum-en-mockup.png 836w, https:\/\/www.bionika.hu\/wp-content\/uploads\/2024\/05\/Dentum-en-mockup-480x429.png 480w\" sizes=\"(min-width: 0px) and (max-width: 480px) 480px, (min-width: 481px) 836px, 100vw\" class=\"wp-image-55914\" title=\"Dentum en mockup\" alt=\"T\u00f6ltse le Cortical katal\u00f3gusunkat pdf form\u00e1tumban!\" \/><\/span><\/a><\/div><\/div><div class=\"et_pb_column_7 et_pb_column et_pb_column_1_2 et-last-child et_block_column et_pb_css_mix_blend_mode_passthrough v-kozep\"><div class=\"et_pb_text_4 et_pb_text et_pb_bg_layout_light et_pb_module et_block_module et_pb_text_align_center\"><div class=\"et_pb_text_inner\"><p style=\"text-align: center;\"><span style=\"color: #02b5ec;\"><strong>For further information, <\/strong><\/span><\/p>\n<p style=\"text-align: center;\"><span style=\"color: #02b5ec;\"><strong>check out our catalogue!<\/strong><\/span><\/p>\n<\/div><\/div><div class=\"et_pb_module et_pb_button_module_wrapper et_pb_button_0_wrapper\"><a class=\"et_pb_button_0 et_pb_button et_pb_bg_layout_light et_pb_module et_block_module\" href=\"https:\/\/shop.en.bionika.hu\/\" target=\"_blank\" data-icon=\"\ue07a\">Visit webshop<\/a><\/div><\/div><\/div><\/div>\n","protected":false},"excerpt":{"rendered":"","protected":false},"author":13,"featured_media":0,"parent":0,"menu_order":0,"comment_status":"closed","ping_status":"closed","template":"","meta":{"footnotes":""},"class_list":["post-55895","page","type-page","status-publish","hentry"],"_links":{"self":[{"href":"https:\/\/www.bionika.hu\/en\/wp-json\/wp\/v2\/pages\/55895","targetHints":{"allow":["GET"]}}],"collection":[{"href":"https:\/\/www.bionika.hu\/en\/wp-json\/wp\/v2\/pages"}],"about":[{"href":"https:\/\/www.bionika.hu\/en\/wp-json\/wp\/v2\/types\/page"}],"author":[{"embeddable":true,"href":"https:\/\/www.bionika.hu\/en\/wp-json\/wp\/v2\/users\/13"}],"replies":[{"embeddable":true,"href":"https:\/\/www.bionika.hu\/en\/wp-json\/wp\/v2\/comments?post=55895"}],"version-history":[{"count":11,"href":"https:\/\/www.bionika.hu\/en\/wp-json\/wp\/v2\/pages\/55895\/revisions"}],"predecessor-version":[{"id":61762,"href":"https:\/\/www.bionika.hu\/en\/wp-json\/wp\/v2\/pages\/55895\/revisions\/61762"}],"wp:attachment":[{"href":"https:\/\/www.bionika.hu\/en\/wp-json\/wp\/v2\/media?parent=55895"}],"curies":[{"name":"wp","href":"https:\/\/api.w.org\/{rel}","templated":true}]}}