{"id":55932,"date":"2024-05-17T12:20:03","date_gmt":"2024-05-17T10:20:03","guid":{"rendered":"https:\/\/www.bionika.hu\/?page_id=55932"},"modified":"2026-05-08T11:23:33","modified_gmt":"2026-05-08T09:23:33","slug":"bioss","status":"publish","type":"page","link":"https:\/\/www.bionika.hu\/en\/bioss\/","title":{"rendered":"Bioss"},"content":{"rendered":"\n<div class=\"et_pb_section_0 et_pb_section et_section_regular et_block_section\"><div class=\"et_pb_row_0 et_pb_row et_pb_equal_columns et_block_row\"><div class=\"et_pb_column_0 et_pb_column et_pb_column_1_2 et_block_column et_pb_css_mix_blend_mode_passthrough\"><div class=\"et_pb_image_0 et_pb_image et_animated et_pb_module et_block_module\"><span class=\"et_pb_image_wrap\"><img loading=\"lazy\" decoding=\"async\" src=\"https:\/\/www.bionika.hu\/wp-content\/uploads\/2024\/04\/bioss.png\" width=\"1187\" height=\"754\" srcset=\"https:\/\/www.bionika.hu\/wp-content\/uploads\/2024\/04\/bioss.png 1187w, https:\/\/www.bionika.hu\/wp-content\/uploads\/2024\/04\/bioss-980x623.png 980w, https:\/\/www.bionika.hu\/wp-content\/uploads\/2024\/04\/bioss-480x305.png 480w\" sizes=\"(min-width: 0px) and (max-width: 480px) 480px, (min-width: 481px) and (max-width: 980px) 980px, (min-width: 981px) 1187px, 100vw\" class=\"wp-image-54310\" title=\"bioss\" alt=\"BIONIKA Cortical Implant\u00e1ci\u00f3s Rendszer\" \/><\/span><\/div><\/div><div class=\"et_pb_column_1 et_pb_column et_pb_column_1_2 et-last-child et_block_column et_pb_css_mix_blend_mode_passthrough v-kozep\"><div class=\"et_pb_text_0 et_pb_text et_pb_bg_layout_light et_pb_module et_block_module et_pb_text_align_justified\"><div class=\"et_pb_text_inner\"><h1 style=\"text-align: center;\">BIOSS<\/h1>\n<p style=\"text-align: center;\"><strong>Implant System<\/strong><\/p>\n<\/div><\/div><div class=\"et_pb_text_1 et_pb_text et_pb_bg_layout_light et_pb_module et_block_module\"><div class=\"et_pb_text_inner\"><p style=\"text-align: center;\"><span class=\"ui-provider a b c d e f g h i j k l m n o p q r s t u v w x y z ab ac ae af ag ah ai aj ak\" dir=\"ltr\">Superhero Assists with Soft Bones<\/span><\/p>\n<\/div><\/div><\/div><\/div><\/div><div class=\"et_pb_section_1 et_pb_section et_section_regular et_block_section\"><div class=\"et_pb_row_1 et_pb_row et_pb_row_3-5_1-5_1-5 et_block_row et_block_row_3-5_1-5_1-5\"><div class=\"et_pb_column_2 et_pb_column et_pb_column_3_5 et_block_column et_pb_css_mix_blend_mode_passthrough\"><div class=\"et_pb_text_2 et_pb_text et_pb_bg_layout_light et_pb_module et_block_module\"><div class=\"et_pb_text_inner\"><h4><span><strong><span class=\"ui-provider a b c d e f g h i j k l m n o p q r s t u v w x y z ab ac ae af ag ah ai aj ak\" dir=\"ltr\">Features of the BIOSS Implant System:<\/span><\/strong><\/span><\/h4>\n<p>&nbsp;<\/p>\n<ul>\n<li>UNIFORM (Compatible) with several systems in terms of implantation instruments.<\/li>\n<li>UNIFORM (Compatible) with various implant systems, but it is not a replica.<\/li>\n<li>Functions as an excellent ossifying construct with high primary stability, even in soft bone.<\/li>\n<li>Manufactured with high precision, ensuring structures are free of micromovements.<\/li>\n<\/ul>\n<\/div><\/div><\/div><div class=\"et_pb_column_3 et_pb_column et_pb_column_1_5 et_block_column et_pb_css_mix_blend_mode_passthrough\"><div class=\"et_pb_image_1 et_pb_image et_pb_module et_block_module\"><span class=\"et_pb_image_wrap\"><img loading=\"lazy\" decoding=\"async\" src=\"https:\/\/www.bionika.hu\/wp-content\/uploads\/2024\/04\/biosssarga.png\" width=\"258\" height=\"679\" srcset=\"https:\/\/www.bionika.hu\/wp-content\/uploads\/2024\/04\/biosssarga.png 258w, https:\/\/www.bionika.hu\/wp-content\/uploads\/2024\/04\/biosssarga-114x300.png 114w\" sizes=\"(max-width: 258px) 100vw, 258px\" class=\"wp-image-54323\" title=\"biosss\u00e1rga\" \/><\/span><\/div><\/div><div class=\"et_pb_column_4 et_pb_column et_pb_column_1_5 et-last-child et_block_column et_pb_css_mix_blend_mode_passthrough\"><div class=\"et_pb_image_2 et_pb_image et_pb_module et_block_module\"><span class=\"et_pb_image_wrap\"><img loading=\"lazy\" decoding=\"async\" src=\"https:\/\/www.bionika.hu\/wp-content\/uploads\/2024\/04\/biosslila.png\" width=\"244\" height=\"679\" srcset=\"https:\/\/www.bionika.hu\/wp-content\/uploads\/2024\/04\/biosslila.png 244w, https:\/\/www.bionika.hu\/wp-content\/uploads\/2024\/04\/biosslila-108x300.png 108w\" sizes=\"(max-width: 244px) 100vw, 244px\" class=\"wp-image-54324\" title=\"biosslila\" \/><\/span><\/div><\/div><\/div><\/div><div class=\"et_pb_section_2 et_pb_section et_section_regular et_block_section\"><div class=\"et_pb_row_2 et_pb_row et_pb_equal_columns et_block_row\"><div class=\"et_pb_column_5 et_pb_column et_pb_column_1_2 et_block_column et_pb_css_mix_blend_mode_passthrough\"><div class=\"et_pb_image_3 et_pb_image et_animated et_pb_module et_block_module\"><a href=\"https:\/\/www.bionika.hu\/wp-content\/uploads\/2025\/04\/T-MD07-096-v02-250408-EN-Bioss-Trifold-2025-angol.pdf\" target=\"_blank\"><span class=\"et_pb_image_wrap\"><img loading=\"lazy\" decoding=\"async\" src=\"https:\/\/www.bionika.hu\/wp-content\/uploads\/bioss-trifold.png\" width=\"250\" height=\"250\" srcset=\"https:\/\/www.bionika.hu\/wp-content\/uploads\/bioss-trifold.png 250w, https:\/\/www.bionika.hu\/wp-content\/uploads\/bioss-trifold-150x150.png 150w\" sizes=\"(max-width: 250px) 100vw, 250px\" class=\"wp-image-47783\" title=\"bioss-trifold\" alt=\"T\u00f6ltse le Cortical katal\u00f3gusunkat pdf form\u00e1tumban!\" \/><\/span><\/a><\/div><\/div><div class=\"et_pb_column_6 et_pb_column et_pb_column_1_2 et-last-child et_block_column et_pb_css_mix_blend_mode_passthrough v-kozep\"><div class=\"et_pb_text_3 et_pb_text et_pb_bg_layout_light et_pb_module et_block_module et_pb_text_align_center\"><div class=\"et_pb_text_inner\"><p style=\"text-align: center;\"><span style=\"color: #02b5ec;\"><strong>For further information, <\/strong><\/span><\/p>\n<p style=\"text-align: center;\"><span style=\"color: #02b5ec;\"><strong>check out our catalogue!<\/strong><\/span><\/p>\n<\/div><\/div><div class=\"et_pb_module et_pb_button_module_wrapper et_pb_button_0_wrapper\"><a class=\"et_pb_button_0 et_pb_button et_pb_bg_layout_light et_pb_module et_block_module\" href=\"https:\/\/shop.en.bionika.hu\/search?sort_by=relevance&#038;q=bionika+bioss&#038;options%5Bprefix%5D=last\" target=\"_blank\" data-icon=\"\ue07a\">Visit webshop!<\/a><\/div><\/div><\/div><\/div>\n","protected":false},"excerpt":{"rendered":"","protected":false},"author":13,"featured_media":0,"parent":0,"menu_order":0,"comment_status":"closed","ping_status":"closed","template":"","meta":{"footnotes":""},"class_list":["post-55932","page","type-page","status-publish","hentry"],"_links":{"self":[{"href":"https:\/\/www.bionika.hu\/en\/wp-json\/wp\/v2\/pages\/55932","targetHints":{"allow":["GET"]}}],"collection":[{"href":"https:\/\/www.bionika.hu\/en\/wp-json\/wp\/v2\/pages"}],"about":[{"href":"https:\/\/www.bionika.hu\/en\/wp-json\/wp\/v2\/types\/page"}],"author":[{"embeddable":true,"href":"https:\/\/www.bionika.hu\/en\/wp-json\/wp\/v2\/users\/13"}],"replies":[{"embeddable":true,"href":"https:\/\/www.bionika.hu\/en\/wp-json\/wp\/v2\/comments?post=55932"}],"version-history":[{"count":11,"href":"https:\/\/www.bionika.hu\/en\/wp-json\/wp\/v2\/pages\/55932\/revisions"}],"predecessor-version":[{"id":61773,"href":"https:\/\/www.bionika.hu\/en\/wp-json\/wp\/v2\/pages\/55932\/revisions\/61773"}],"wp:attachment":[{"href":"https:\/\/www.bionika.hu\/en\/wp-json\/wp\/v2\/media?parent=55932"}],"curies":[{"name":"wp","href":"https:\/\/api.w.org\/{rel}","templated":true}]}}