{"id":9662,"date":"2017-03-17T15:00:16","date_gmt":"2017-03-17T14:00:16","guid":{"rendered":"https:\/\/www.bionika.hu\/3d-builder-titanium-mesh\/"},"modified":"2024-06-25T14:10:12","modified_gmt":"2024-06-25T12:10:12","slug":"3d-builder-titanium-membrane","status":"publish","type":"page","link":"https:\/\/www.bionika.hu\/en\/3d-builder-titanium-membrane\/","title":{"rendered":"3D Builder titanium membrane"},"content":{"rendered":"<p>[et_pb_section fb_built=&#8221;1&#8243; _builder_version=&#8221;4.18.0&#8243; _module_preset=&#8221;default&#8221; custom_padding=&#8221;11px||15px|||&#8221; global_colors_info=&#8221;{}&#8221;][et_pb_row _builder_version=&#8221;4.18.0&#8243; _module_preset=&#8221;default&#8221; custom_padding=&#8221;||0px|||&#8221; global_colors_info=&#8221;{}&#8221;][et_pb_column type=&#8221;4_4&#8243; _builder_version=&#8221;4.18.0&#8243; _module_preset=&#8221;default&#8221; global_colors_info=&#8221;{}&#8221;][et_pb_text _builder_version=&#8221;4.25.1&#8243; _module_preset=&#8221;default&#8221; custom_margin=&#8221;||-2px|||&#8221; custom_padding=&#8221;||11px|||&#8221; hover_enabled=&#8221;0&#8243; global_colors_info=&#8221;{}&#8221; locked=&#8221;off&#8221; sticky_enabled=&#8221;0&#8243;]<\/p>\n<p style=\"text-align: center;\"><span style=\"color: #1dbadf;\"><strong><span style=\"font-size: x-large;\"><span style=\"font-size: xx-large; color: #e09900;\">3D BUILDER TITANIUM MEMBRANE<\/span><\/span><\/strong><\/span><\/p>\n<p style=\"text-align: justify;\"><span><\/span><\/p>\n<p>[\/et_pb_text][\/et_pb_column][\/et_pb_row][\/et_pb_section][et_pb_section fb_built=&#8221;1&#8243; _builder_version=&#8221;4.18.0&#8243; background_enable_color=&#8221;off&#8221; custom_padding=&#8221;0px||0px|&#8221; global_colors_info=&#8221;{}&#8221;][et_pb_row column_structure=&#8221;2_3,1_3&#8243; make_equal=&#8221;on&#8221; admin_label=&#8221;row&#8221; _builder_version=&#8221;4.18.0&#8243; background_size=&#8221;initial&#8221; background_position=&#8221;top_left&#8221; background_repeat=&#8221;repeat&#8221; custom_margin=&#8221;-11px|auto||auto|false|false&#8221; custom_padding=&#8221;2px|0px|0px|0px|false|false&#8221; global_colors_info=&#8221;{}&#8221;][et_pb_column type=&#8221;2_3&#8243; module_class=&#8221;v-kozep&#8221; _builder_version=&#8221;4.16&#8243; custom_padding=&#8221;|||&#8221; global_colors_info=&#8221;{}&#8221; custom_padding__hover=&#8221;|||&#8221;][et_pb_text _builder_version=&#8221;4.16&#8243; background_size=&#8221;initial&#8221; background_position=&#8221;top_left&#8221; background_repeat=&#8221;repeat&#8221; custom_margin=&#8221;|||&#8221; custom_padding=&#8221;|||&#8221; locked=&#8221;off&#8221; global_colors_info=&#8221;{}&#8221;]<\/p>\n<h4 style=\"text-align: justify;\">3D Builder titanium membrane &#8211; A new generation of titanium membranes in bone augmentation<\/h4>\n<p style=\"text-align: justify;\">It is often necessary to replace thinned bone before implantation. <strong>One of the most effective methods for bone grafting is to use a titanium membrane.<\/strong> The 3D Builder titanium membrane by BIONIKA is available in 4 different geometrical forms. The membranes are engineered to best match the physical properties of the most common types of bone loss and surgical techniques.<\/p>\n<p class=\"\" style=\"text-align: justify;\"><strong>Main characteristics:<\/strong>\u25cf strong, yet easily bendable material \u25cf customized, pre-formed shape \u25cf exceptional biocompatibility \u25cf simple fixation with an implant locking screw<\/p>\n<p style=\"text-align: justify;\">\n<p>[\/et_pb_text][\/et_pb_column][et_pb_column type=&#8221;1_3&#8243; _builder_version=&#8221;4.16&#8243; custom_padding=&#8221;|||&#8221; global_colors_info=&#8221;{}&#8221; custom_padding__hover=&#8221;|||&#8221;][et_pb_image src=&#8221;https:\/\/www.bionika.hu\/wp-content\/uploads\/3d-buildrrrr-1.png&#8221; alt=&#8221;3D builder tit\u00e1nium membr\u00e1n h\u00e1l\u00f3 alkalmaz\u00e1s, csontp\u00f3tl\u00e1s&#8221; title_text=&#8221;3d buildrrrr&#8221; align=&#8221;center&#8221; align_tablet=&#8221;center&#8221; align_phone=&#8221;&#8221; align_last_edited=&#8221;on|desktop&#8221; disabled_on=&#8221;off|off|off&#8221; _builder_version=&#8221;4.25.1&#8243; width=&#8221;38%&#8221; max_width=&#8221;300px&#8221; module_alignment=&#8221;center&#8221; custom_margin=&#8221;4px||2px|||&#8221; custom_padding=&#8221;12px||0px|0px||&#8221; animation_style=&#8221;slide&#8221; animation_direction=&#8221;right&#8221; animation_duration=&#8221;500ms&#8221; animation_intensity_slide=&#8221;10%&#8221; hover_enabled=&#8221;0&#8243; animation=&#8221;right&#8221; global_colors_info=&#8221;{}&#8221; sticky_enabled=&#8221;0&#8243;][\/et_pb_image][\/et_pb_column][\/et_pb_row][et_pb_row _builder_version=&#8221;4.24.1&#8243; custom_margin=&#8221;|||&#8221; custom_padding=&#8221;14px||0px|||&#8221; global_colors_info=&#8221;{}&#8221;][et_pb_column type=&#8221;4_4&#8243; _builder_version=&#8221;4.16&#8243; custom_padding=&#8221;|||&#8221; global_colors_info=&#8221;{}&#8221; custom_padding__hover=&#8221;|||&#8221;][et_pb_text _builder_version=&#8221;4.25.1&#8243; text_font=&#8221;||||||||&#8221; text_font_size=&#8221;24px&#8221; header_font=&#8221;||||||||&#8221; header_font_size=&#8221;0px&#8221; custom_margin=&#8221;-16px||9px|||&#8221; custom_padding=&#8221;20px||0px|||&#8221; hover_enabled=&#8221;0&#8243; global_colors_info=&#8221;{}&#8221; locked=&#8221;off&#8221; sticky_enabled=&#8221;0&#8243; header_4_text_color=&#8221;#E09900&#8243;]<\/p>\n<h4 style=\"text-align: left;\"><span style=\"color: #e09900;\"><strong>The opinion of a professional regarding<\/strong><strong> the utilization of the BIONIKA 3D Builder titanium membrane<\/strong><\/span><\/h4>\n<p>[\/et_pb_text][et_pb_text _builder_version=&#8221;4.25.1&#8243; hover_enabled=&#8221;0&#8243; locked=&#8221;off&#8221; global_colors_info=&#8221;{}&#8221; sticky_enabled=&#8221;0&#8243;]<\/p>\n<p style=\"text-align: justify;\"><em>&#8220;In everyday practice, we are often forced to apply some type of bone graft when working with enosseal implants. We speak of lateral augmentation when the width of the processus alveolaris is not sufficient to accommodate the implant, therefore making bone grafting necessary. If the bone volumes are enough to provide adequate primary stability, but the side of the implant &#8211; generally the vestibular side &#8211; is not covered by bone, the uncovered titanium surface must be covered with autologous or alloplastic bone substitutes. <\/em><\/p>\n<p style=\"text-align: justify;\"><em>The use of own spongiosa shavings, in contrast to mixtures of titanium alloplastic and alloplastic-autologous material, clearly leads to the best results when it comes to the restoration of the supplemented augmentatio, both in terms of healing time and bone consistency. However, the disadvantage compared to the previous two is that, during the healing period (3 months), the purely properietary bone augmentatio can encounter significant loss to its volume, therefore the crestally implanted and augmented implant can become relatively supracrestal.\u00a0<\/em><\/p>\n<p style=\"text-align: justify;\"><em>The previously used titanium membranes were unable to overcharge the augmentatio without the support of separate spacers and extra subparts, therefore they were not suitable for the compensation of the volume involution. This deficiency is eliminated by BIONIKA&#8217;s 3D Builder, which enables the &#8220;over-augmentation\u201d of the implant to become relatively subcrestal. Thus, even with the incorporation of purely autologous spongiosa shavings, the implant will be in the crestal position after the osseointegration time has elapsed and the titanium membrane has been removed.<\/em><\/p>\n<p style=\"text-align: justify;\"><em><strong> Based on my experience, in accordance with the current state of technology, I consider the 3D Builder titanium membrane produced by BIONIKA Medline Kft., which can be fixed using the implant&#8217;s locking screw, as the best solution, and I recommend it to the attention of all implantologists for day-to-day practical applications, and for cases when bone grafting is done at the same as implantation.\u00a0<\/strong><\/em><\/p>\n<p style=\"text-align: left;\"><i>Debrecen, 2017.05.10<\/i><i><strong class=\"et_pb_testimonial_author et-fb-editable-element et-fb-editable-element et-fb-editable-element__editing\" contenteditable=\"true\" data-shortcode-id=\"5.0.0.0-1522828126735\">Dr. \u00c1ron Becsky<br \/><i style=\"font-size: 15px; font-weight: 500;\"><strong class=\"et_pb_testimonial_author et-fb-editable-element et-fb-editable-element et-fb-editable-element__editing\" style=\"display: inline !important;\" data-shortcode-id=\"5.0.0.0-1522828126735\">dentist and dental surgeon, <\/strong><\/i><i style=\"font-size: 15px; font-weight: 500;\"><strong class=\"et_pb_testimonial_author et-fb-editable-element et-fb-editable-element et-fb-editable-element__editing\" style=\"display: inline !important;\" data-shortcode-id=\"5.0.0.0-1522828126735\"><i style=\"font-size: 15px; font-weight: 500;\"><strong class=\"et_pb_testimonial_author et-fb-editable-element et-fb-editable-element et-fb-editable-element__editing\" style=\"display: inline !important;\" data-shortcode-id=\"5.0.0.0-1522828126735\">dental preservation and prosthetic specialist, dentoalveolar surgeon, active member of MAFIT<\/strong><\/i><\/strong><\/i><\/strong><\/i><\/p>\n<p style=\"text-align: left;\">[\/et_pb_text][\/et_pb_column][\/et_pb_row][et_pb_row column_structure=&#8221;1_4,1_4,1_4,1_4&#8243; _builder_version=&#8221;4.18.0&#8243; _module_preset=&#8221;default&#8221; custom_padding=&#8221;9px|||||&#8221; locked=&#8221;off&#8221; global_colors_info=&#8221;{}&#8221;][et_pb_column type=&#8221;1_4&#8243; _builder_version=&#8221;4.18.0&#8243; _module_preset=&#8221;default&#8221; global_colors_info=&#8221;{}&#8221;][et_pb_image src=&#8221;https:\/\/www.bionika.hu\/wp-content\/uploads\/Builder-A-1.png&#8221; title_text=&#8221;Builder- A&#8221; _builder_version=&#8221;4.24.1&#8243; _module_preset=&#8221;default&#8221; width=&#8221;95%&#8221; global_colors_info=&#8221;{}&#8221;][\/et_pb_image][\/et_pb_column][et_pb_column type=&#8221;1_4&#8243; _builder_version=&#8221;4.18.0&#8243; _module_preset=&#8221;default&#8221; global_colors_info=&#8221;{}&#8221;][et_pb_image src=&#8221;https:\/\/www.bionika.hu\/wp-content\/uploads\/Builder-B-1.png&#8221; title_text=&#8221;Builder- B&#8221; _builder_version=&#8221;4.24.1&#8243; _module_preset=&#8221;default&#8221; width=&#8221;95%&#8221; global_colors_info=&#8221;{}&#8221;][\/et_pb_image][\/et_pb_column][et_pb_column type=&#8221;1_4&#8243; _builder_version=&#8221;4.18.0&#8243; _module_preset=&#8221;default&#8221; global_colors_info=&#8221;{}&#8221;][et_pb_image src=&#8221;https:\/\/www.bionika.hu\/wp-content\/uploads\/Builder-C-1.png&#8221; title_text=&#8221;Builder- C&#8221; _builder_version=&#8221;4.24.1&#8243; _module_preset=&#8221;default&#8221; width=&#8221;95%&#8221; global_colors_info=&#8221;{}&#8221;][\/et_pb_image][\/et_pb_column][et_pb_column type=&#8221;1_4&#8243; _builder_version=&#8221;4.18.0&#8243; _module_preset=&#8221;default&#8221; global_colors_info=&#8221;{}&#8221;][et_pb_image src=&#8221;https:\/\/www.bionika.hu\/wp-content\/uploads\/Builder-D-1.png&#8221; title_text=&#8221;Builder- D&#8221; _builder_version=&#8221;4.24.1&#8243; _module_preset=&#8221;default&#8221; width=&#8221;95%&#8221; global_colors_info=&#8221;{}&#8221;][\/et_pb_image][\/et_pb_column][\/et_pb_row][et_pb_row _builder_version=&#8221;4.22.0&#8243; _module_preset=&#8221;default&#8221; custom_padding=&#8221;||7px|||&#8221; global_colors_info=&#8221;{}&#8221;][et_pb_column type=&#8221;4_4&#8243; _builder_version=&#8221;4.22.0&#8243; _module_preset=&#8221;default&#8221; global_colors_info=&#8221;{}&#8221;][et_pb_text _builder_version=&#8221;4.25.1&#8243; text_font=&#8221;||||||||&#8221; text_font_size=&#8221;24px&#8221; header_font=&#8221;||||||||&#8221; header_font_size=&#8221;0px&#8221; hover_enabled=&#8221;0&#8243; locked=&#8221;off&#8221; global_colors_info=&#8221;{}&#8221; sticky_enabled=&#8221;0&#8243;]<\/p>\n<p style=\"text-align: center;\">The application of 3D Builder<\/p>\n<h4 style=\"text-align: center;\"><span style=\"font-size: medium;\">\u00a0Our 3D Builder Titanium membrane was manufactured with the help of Dr. \u00c1ron Becsky<\/span><\/h4>\n<p style=\"text-align: justify;\">[\/et_pb_text][et_pb_video src=&#8221;https:\/\/www.bionika.hu\/wp-content\/uploads\/2018\/02\/3D-Builder-Anim\u00e1ci\u00f3.mp4&#8243; _builder_version=&#8221;4.25.0&#8243; custom_margin=&#8221;||0px||false|false&#8221; custom_padding=&#8221;||||false|false&#8221; locked=&#8221;off&#8221; global_colors_info=&#8221;{}&#8221;][\/et_pb_video][\/et_pb_column][\/et_pb_row][\/et_pb_section][et_pb_section fb_built=&#8221;1&#8243; disabled_on=&#8221;off|off|off&#8221; _builder_version=&#8221;4.16&#8243; custom_margin=&#8221;-26px|||||&#8221; custom_padding=&#8221;0px||0px|||&#8221; global_colors_info=&#8221;{}&#8221;][et_pb_row _builder_version=&#8221;4.18.0&#8243; _module_preset=&#8221;default&#8221; custom_margin=&#8221;|auto|-17px|auto||&#8221; custom_padding=&#8221;9px||0px|||&#8221; global_colors_info=&#8221;{}&#8221;][et_pb_column type=&#8221;4_4&#8243; _builder_version=&#8221;4.18.0&#8243; _module_preset=&#8221;default&#8221; global_colors_info=&#8221;{}&#8221;][et_pb_text _builder_version=&#8221;4.25.1&#8243; text_font=&#8221;||||||||&#8221; text_font_size=&#8221;24px&#8221; header_font=&#8221;||||||||&#8221; header_font_size=&#8221;0px&#8221; custom_margin=&#8221;-16px||9px|||&#8221; custom_padding=&#8221;80px||0px|||&#8221; global_colors_info=&#8221;{}&#8221;]<\/p>\n<h2 style=\"text-align: left;\"><span style=\"color: #1dbadf; font-size: large;\"><strong>3D Builder membranes<\/strong><\/span><\/h2>\n<p style=\"text-align: justify;\">[\/et_pb_text][et_pb_text _builder_version=&#8221;4.25.1&#8243; _module_preset=&#8221;default&#8221; custom_margin=&#8221;-6px||10px|||&#8221; custom_padding=&#8221;||12px|||&#8221; global_colors_info=&#8221;{}&#8221;]<\/p>\n<p style=\"text-align: justify;\">Our 3D Builder membranes are available in four shapes (A, B, C, D). They are delivered in a <strong>pre-formed shape<\/strong>, ensuring easy use.<\/p>\n<p style=\"text-align: justify;\"><strong>The 3D Builder can easily be fixed with an implant locking screw.<\/strong><\/p>\n<p>[\/et_pb_text][et_pb_image src=&#8221;https:\/\/www.bionika.hu\/wp-content\/uploads\/2024\/06\/builder-mutet-scaled.jpg&#8221; title_text=&#8221;builder-m\u0171t\u00e9t&#8221; align=&#8221;center&#8221; _builder_version=&#8221;4.25.1&#8243; _module_preset=&#8221;default&#8221; module_alignment=&#8221;right&#8221; custom_margin=&#8221;10px||12px|||&#8221; custom_padding=&#8221;0px|||||&#8221; global_colors_info=&#8221;{}&#8221; locked=&#8221;off&#8221;][\/et_pb_image][\/et_pb_column][\/et_pb_row][et_pb_row column_structure=&#8221;1_2,1_2&#8243; make_equal=&#8221;on&#8221; admin_label=&#8221;row&#8221; _builder_version=&#8221;4.16&#8243; background_size=&#8221;initial&#8221; background_position=&#8221;top_left&#8221; background_repeat=&#8221;repeat&#8221; global_colors_info=&#8221;{}&#8221; custom_padding=&#8221;81px|||||&#8221;][et_pb_column type=&#8221;1_2&#8243; _builder_version=&#8221;4.16&#8243; custom_padding=&#8221;|||&#8221; global_colors_info=&#8221;{}&#8221; custom_padding__hover=&#8221;|||&#8221;][et_pb_image src=&#8221;https:\/\/www.bionika.hu\/wp-content\/uploads\/bone-grafting.png&#8221; alt=&#8221;T\u00f6ltse le a BIONIKA Csontp\u00f3tl\u00e1s katal\u00f3gust!&#8221; title_text=&#8221;bone-grafting&#8221; url=&#8221;@ET-DC@eyJkeW5hbWljIjp0cnVlLCJjb250ZW50IjoicG9zdF9saW5rX3VybF9hdHRhY2htZW50Iiwic2V0dGluZ3MiOnsicG9zdF9pZCI6IjQ3ODc3In19@&#8221; url_new_window=&#8221;on&#8221; align=&#8221;center&#8221; align_tablet=&#8221;center&#8221; align_phone=&#8221;&#8221; align_last_edited=&#8221;on|desktop&#8221; _builder_version=&#8221;4.25.1&#8243; _dynamic_attributes=&#8221;url&#8221; max_width=&#8221;500px&#8221; animation_style=&#8221;slide&#8221; animation_direction=&#8221;left&#8221; animation_intensity_slide=&#8221;10%&#8221; global_colors_info=&#8221;{}&#8221;][\/et_pb_image][\/et_pb_column][et_pb_column type=&#8221;1_2&#8243; module_class=&#8221;v-kozep&#8221; _builder_version=&#8221;4.16&#8243; custom_padding=&#8221;|||&#8221; global_colors_info=&#8221;{}&#8221; custom_padding__hover=&#8221;|||&#8221;][et_pb_text admin_label=&#8221;Sz\u00f6veg&#8221; _builder_version=&#8221;4.25.1&#8243; text_font=&#8221;||||||||&#8221; text_font_size=&#8221;24px&#8221; text_line_height=&#8221;0.4em&#8221; background_size=&#8221;initial&#8221; background_position=&#8221;top_left&#8221; background_repeat=&#8221;repeat&#8221; text_orientation=&#8221;center&#8221; width=&#8221;100%&#8221; custom_margin=&#8221;|-18px||||&#8221; custom_padding=&#8221;|||0px||&#8221; hover_enabled=&#8221;0&#8243; text_font_size_tablet=&#8221;&#8221; text_font_size_phone=&#8221;18px&#8221; text_font_size_last_edited=&#8221;on|phone&#8221; locked=&#8221;off&#8221; global_colors_info=&#8221;{}&#8221; text_text_color=&#8221;#E09900&#8243; sticky_enabled=&#8221;0&#8243;]<\/p>\n<p style=\"text-align: center;\"><span style=\"color: #e09900;\"><strong>For further information, <\/strong><\/span><\/p>\n<p style=\"text-align: center;\"><span style=\"color: #e09900;\"><strong>check out our catalogue!<\/strong><\/span><\/p>\n<p>[\/et_pb_text][et_pb_button button_url=&#8221;https:\/\/shop.en.bionika.hu\/collections\/bone-regeneration&#8221; url_new_window=&#8221;on&#8221; button_text=&#8221;Visit webshop!&#8221; button_alignment=&#8221;center&#8221; _builder_version=&#8221;4.25.1&#8243; _module_preset=&#8221;default&#8221; custom_button=&#8221;on&#8221; button_text_color=&#8221;#FFFFFF&#8221; button_bg_color=&#8221;#E09900&#8243; button_border_width=&#8221;1px&#8221; button_border_radius=&#8221;11px&#8221; button_icon=&#8221;&#xe07a;||divi||400&#8243; hover_enabled=&#8221;0&#8243; locked=&#8221;off&#8221; global_colors_info=&#8221;{}&#8221; button_bg_enable_color=&#8221;on&#8221; sticky_enabled=&#8221;0&#8243;][\/et_pb_button][\/et_pb_column][\/et_pb_row][\/et_pb_section]<\/p>\n","protected":false},"excerpt":{"rendered":"<p>3D BUILDER TITANIUM MEMBRANE 3D Builder titanium membrane &#8211; A new generation of titanium membranes in bone augmentation It is often necessary to replace thinned bone before implantation. One of the most effective methods for bone grafting is to use a titanium membrane. The 3D Builder titanium membrane by BIONIKA is available in 4 different [&hellip;]<\/p>\n","protected":false},"author":5,"featured_media":0,"parent":0,"menu_order":0,"comment_status":"closed","ping_status":"closed","template":"","meta":{"_et_pb_use_builder":"on","_et_pb_old_content":"","_et_gb_content_width":"","footnotes":""},"class_list":["post-9662","page","type-page","status-publish","hentry"],"_links":{"self":[{"href":"https:\/\/www.bionika.hu\/en\/wp-json\/wp\/v2\/pages\/9662","targetHints":{"allow":["GET"]}}],"collection":[{"href":"https:\/\/www.bionika.hu\/en\/wp-json\/wp\/v2\/pages"}],"about":[{"href":"https:\/\/www.bionika.hu\/en\/wp-json\/wp\/v2\/types\/page"}],"author":[{"embeddable":true,"href":"https:\/\/www.bionika.hu\/en\/wp-json\/wp\/v2\/users\/5"}],"replies":[{"embeddable":true,"href":"https:\/\/www.bionika.hu\/en\/wp-json\/wp\/v2\/comments?post=9662"}],"version-history":[{"count":9,"href":"https:\/\/www.bionika.hu\/en\/wp-json\/wp\/v2\/pages\/9662\/revisions"}],"predecessor-version":[{"id":56811,"href":"https:\/\/www.bionika.hu\/en\/wp-json\/wp\/v2\/pages\/9662\/revisions\/56811"}],"wp:attachment":[{"href":"https:\/\/www.bionika.hu\/en\/wp-json\/wp\/v2\/media?parent=9662"}],"curies":[{"name":"wp","href":"https:\/\/api.w.org\/{rel}","templated":true}]}}