{"id":9842,"date":"2017-06-08T11:13:32","date_gmt":"2017-06-08T09:13:32","guid":{"rendered":"https:\/\/www.bionika.hu\/travel-screwdrivers-and-test-kits\/"},"modified":"2024-08-13T15:52:31","modified_gmt":"2024-08-13T13:52:31","slug":"travel-screwdrivers-and-test-kits","status":"publish","type":"page","link":"https:\/\/www.bionika.hu\/en\/travel-screwdrivers-and-test-kits\/","title":{"rendered":"TRAVEL screwdrivers and test kits"},"content":{"rendered":"<p>[et_pb_section fb_built=&#8221;1&#8243; _builder_version=&#8221;4.25.0&#8243; background_color=&#8221;#f2f2f2&#8243; background_image=&#8221;https:\/\/www.bionika.hu\/wp-content\/uploads\/2017\/10\/background-dual.png&#8221; background_position=&#8221;center_left&#8221; background_horizontal_offset=&#8221;0%&#8221; custom_padding=&#8221;100px||100px||false|false&#8221; global_colors_info=&#8221;{}&#8221;][et_pb_row column_structure=&#8221;1_2,1_2&#8243; make_equal=&#8221;on&#8221; admin_label=&#8221;row&#8221; _builder_version=&#8221;4.16&#8243; background_size=&#8221;initial&#8221; background_position=&#8221;top_left&#8221; background_repeat=&#8221;repeat&#8221; global_colors_info=&#8221;{}&#8221;][et_pb_column type=&#8221;1_2&#8243; module_class=&#8221;v-kozep&#8221; _builder_version=&#8221;4.16&#8243; custom_padding=&#8221;|||&#8221; global_colors_info=&#8221;{}&#8221; custom_padding__hover=&#8221;|||&#8221;][et_pb_text _builder_version=&#8221;4.16&#8243; background_color=&#8221;rgba(255,255,255,0)&#8221; background_size=&#8221;initial&#8221; background_position=&#8221;top_left&#8221; background_repeat=&#8221;repeat&#8221; custom_margin=&#8221;||0px|&#8221; global_colors_info=&#8221;{}&#8221;]<\/p>\n<h2 style=\"text-align: center;\"><\/h2>\n<p>[\/et_pb_text][\/et_pb_column][et_pb_column type=&#8221;1_2&#8243; module_class=&#8221;v-kozep&#8221; _builder_version=&#8221;4.16&#8243; custom_padding=&#8221;|||&#8221; global_colors_info=&#8221;{}&#8221; custom_padding__hover=&#8221;|||&#8221;][et_pb_text _builder_version=&#8221;4.25.0&#8243; custom_margin=&#8221;3px||10px|||&#8221; custom_padding=&#8221;||15px|||&#8221; text_text_shadow_style=&#8221;preset5&#8243; text_text_shadow_color=&#8221;#FFFFFF&#8221; global_colors_info=&#8221;{}&#8221;]<\/p>\n<h1 style=\"text-align: center;\"><b>TRAVEL screwdriver- and test kit<\/b><\/h1>\n<p>[\/et_pb_text][\/et_pb_column][\/et_pb_row][\/et_pb_section][et_pb_section fb_built=&#8221;1&#8243; _builder_version=&#8221;4.16&#8243; global_colors_info=&#8221;{}&#8221;][et_pb_row _builder_version=&#8221;4.16&#8243; custom_margin=&#8221;|||&#8221; custom_padding=&#8221;||0px|&#8221; global_colors_info=&#8221;{}&#8221;][et_pb_column type=&#8221;4_4&#8243; _builder_version=&#8221;4.16&#8243; custom_padding=&#8221;|||&#8221; global_colors_info=&#8221;{}&#8221; custom_padding__hover=&#8221;|||&#8221;][et_pb_text _builder_version=&#8221;4.25.0&#8243; text_font=&#8221;||||||||&#8221; header_font=&#8221;||||||||&#8221; header_font_size=&#8221;41px&#8221; header_5_font=&#8221;||||||||&#8221; header_5_font_size=&#8221;20px&#8221; global_colors_info=&#8221;{}&#8221;]<\/p>\n<h1 style=\"text-align: center;\">BIONIKA TRAVEL kits<\/h1>\n<h5 style=\"text-align: center;\">The helpers of the travelling implantologist and dental technician<\/h5>\n<p>[\/et_pb_text][et_pb_text _builder_version=&#8221;4.16&#8243; global_colors_info=&#8221;{}&#8221;]<\/p>\n<p style=\"text-align: justify;\"><strong>BIONIKA has developed the screwdriver and test kits that provide perfect operation during interventions.<\/strong>\u00a0We have developed these kits in order to simplify the insertion and removal of head screws, implants and abutments. If you &#8220;travel in implantology&#8221;, or patients travel to you with unidentified implants in their mouth, the BIONIKA TRAVEL screwdriver- and test kit is indispensable as it contains the drivers to the most popular implant systems.<\/p>\n<p>[\/et_pb_text][\/et_pb_column][\/et_pb_row][\/et_pb_section][et_pb_section fb_built=&#8221;1&#8243; admin_label=&#8221;section&#8221; _builder_version=&#8221;4.16&#8243; custom_padding=&#8221;0px||0px|&#8221; global_colors_info=&#8221;{}&#8221;][et_pb_row column_structure=&#8221;1_2,1_2&#8243; make_equal=&#8221;on&#8221; admin_label=&#8221;row&#8221; _builder_version=&#8221;4.16&#8243; custom_padding=&#8221;27px|0px|27px|0px&#8221; global_colors_info=&#8221;{}&#8221;][et_pb_column type=&#8221;1_2&#8243; _builder_version=&#8221;4.16&#8243; custom_padding=&#8221;|||&#8221; global_colors_info=&#8221;{}&#8221; custom_padding__hover=&#8221;|||&#8221;][et_pb_image src=&#8221;https:\/\/www.bionika.hu\/wp-content\/uploads\/2017\/06\/utazo-kicsi-doboz.png&#8221; alt=&#8221;Prosthetic set by the supply of BIONIKA&#8221; title_text=&#8221;TRAVEL implant test key kit&#8221; align=&#8221;center&#8221; align_tablet=&#8221;center&#8221; align_phone=&#8221;&#8221; align_last_edited=&#8221;on|desktop&#8221; _builder_version=&#8221;4.18.0&#8243; max_width=&#8221;300px&#8221; animation_style=&#8221;slide&#8221; animation_direction=&#8221;left&#8221; animation_duration=&#8221;500ms&#8221; animation_intensity_slide=&#8221;10%&#8221; sticky=&#8221;off&#8221; global_colors_info=&#8221;{}&#8221;][\/et_pb_image][et_pb_button button_url=&#8221;https:\/\/shop.en.bionika.hu\/products\/travel-screwdriver-set?_pos=1&#038;_fid=a71bc1cee&#038;_ss=c&#8221; url_new_window=&#8221;on&#8221; button_text=&#8221;Visit webshop!&#8221; button_alignment=&#8221;center&#8221; _builder_version=&#8221;4.25.0&#8243; _module_preset=&#8221;default&#8221; custom_button=&#8221;on&#8221; button_text_size=&#8221;19px&#8221; button_text_color=&#8221;#FFFFFF&#8221; button_bg_color=&#8221;#cc3985&#8243; button_border_width=&#8221;0px&#8221; button_border_color=&#8221;#ffffff&#8221; global_colors_info=&#8221;{}&#8221;][\/et_pb_button][\/et_pb_column][et_pb_column type=&#8221;1_2&#8243; module_class=&#8221;v-kozep&#8221; _builder_version=&#8221;4.16&#8243; custom_padding=&#8221;|||&#8221; global_colors_info=&#8221;{}&#8221; custom_padding__hover=&#8221;|||&#8221;][et_pb_text _builder_version=&#8221;4.16&#8243; global_colors_info=&#8221;{}&#8221;]<\/p>\n<p><strong>TRAVEL screwdriver kit<\/strong><\/p>\n<blockquote>\n<p style=\"text-align: justify;\">Our basic set is on market in a light, anodised aluminium box. The kit consists of 13 manual drivers, an adapter for using machine elbow stems, and a ratchet torque wrench. These are the most important instruments for dental implantation. In order to make the utilization easier, we have provided our kits with code letters and notations of dimensions and geometries.<\/p>\n<\/blockquote>\n<p>[\/et_pb_text][\/et_pb_column][\/et_pb_row][\/et_pb_section][et_pb_section fb_built=&#8221;1&#8243; admin_label=&#8221;section&#8221; _builder_version=&#8221;4.16&#8243; background_color=&#8221;#f2f2f2&#8243; custom_padding=&#8221;0px||0px|&#8221; global_colors_info=&#8221;{}&#8221;][et_pb_row column_structure=&#8221;1_2,1_2&#8243; make_equal=&#8221;on&#8221; admin_label=&#8221;row&#8221; _builder_version=&#8221;4.16&#8243; custom_padding=&#8221;27px|0px|27px|0px&#8221; global_colors_info=&#8221;{}&#8221;][et_pb_column type=&#8221;1_2&#8243; module_class=&#8221;v-kozep&#8221; _builder_version=&#8221;4.16&#8243; custom_padding=&#8221;|||&#8221; global_colors_info=&#8221;{}&#8221; custom_padding__hover=&#8221;|||&#8221;][et_pb_text _builder_version=&#8221;4.16&#8243; global_colors_info=&#8221;{}&#8221;]<\/p>\n<p><strong>TRAVEL implant test driver kit<\/strong><\/p>\n<blockquote>\n<p style=\"text-align: justify;\">The implant test driver kit takes place in an enduring, anodised aluminium box. It consists of 23 drivers that are compatible with the most popular implant brands. There are drivers with several diameters for diameters for each brand in this kit. In case of patients with implants inserted, the adequacy of ossification can be tested with the help of this driver kit. And of course, it can also be used for removing the improper implants. The box involves a ratchet torque wrench, too.<\/p>\n<\/blockquote>\n<p>[\/et_pb_text][\/et_pb_column][et_pb_column type=&#8221;1_2&#8243; _builder_version=&#8221;4.16&#8243; custom_padding=&#8221;|||&#8221; global_colors_info=&#8221;{}&#8221; custom_padding__hover=&#8221;|||&#8221;][et_pb_image src=&#8221;https:\/\/www.bionika.hu\/wp-content\/uploads\/2017\/06\/kozepes-utazo-dobozban.png&#8221; alt=&#8221;implant test key kit&#8221; align=&#8221;center&#8221; align_tablet=&#8221;center&#8221; align_phone=&#8221;&#8221; align_last_edited=&#8221;on|desktop&#8221; _builder_version=&#8221;4.18.0&#8243; max_width=&#8221;300px&#8221; animation_style=&#8221;slide&#8221; animation_direction=&#8221;right&#8221; animation_duration=&#8221;500ms&#8221; animation_intensity_slide=&#8221;10%&#8221; animation=&#8221;right&#8221; global_colors_info=&#8221;{}&#8221;][\/et_pb_image][et_pb_button button_url=&#8221;https:\/\/shop.en.bionika.hu\/products\/travel-implant-test-driver-kit?_pos=2&#038;_fid=a71bc1cee&#038;_ss=c&#8221; url_new_window=&#8221;on&#8221; button_text=&#8221;Visit webshop!&#8221; button_alignment=&#8221;center&#8221; _builder_version=&#8221;4.25.0&#8243; _module_preset=&#8221;default&#8221; custom_button=&#8221;on&#8221; button_text_size=&#8221;19px&#8221; button_text_color=&#8221;#FFFFFF&#8221; button_bg_color=&#8221;#cc3985&#8243; button_border_width=&#8221;0px&#8221; button_border_color=&#8221;#ffffff&#8221; global_colors_info=&#8221;{}&#8221;][\/et_pb_button][\/et_pb_column][\/et_pb_row][\/et_pb_section][et_pb_section fb_built=&#8221;1&#8243; admin_label=&#8221;section&#8221; _builder_version=&#8221;4.16&#8243; custom_padding=&#8221;0px|0px|0px|0px&#8221; global_colors_info=&#8221;{}&#8221;][et_pb_row column_structure=&#8221;1_2,1_2&#8243; make_equal=&#8221;on&#8221; admin_label=&#8221;row&#8221; _builder_version=&#8221;4.16&#8243; global_colors_info=&#8221;{}&#8221;][et_pb_column type=&#8221;1_2&#8243; _builder_version=&#8221;4.16&#8243; custom_padding=&#8221;|||&#8221; global_colors_info=&#8221;{}&#8221; custom_padding__hover=&#8221;|||&#8221;][et_pb_image src=&#8221;https:\/\/www.bionika.hu\/wp-content\/uploads\/2017\/10\/utazo-dual.png&#8221; alt=&#8221;TRAVEL Dual wrench and test kit&#8221; align_tablet=&#8221;center&#8221; align_phone=&#8221;&#8221; align_last_edited=&#8221;on|desktop&#8221; _builder_version=&#8221;4.18.0&#8243; max_width=&#8221;400px&#8221; animation_style=&#8221;slide&#8221; animation_direction=&#8221;left&#8221; animation_duration=&#8221;500ms&#8221; animation_intensity_slide=&#8221;10%&#8221; global_colors_info=&#8221;{}&#8221;][\/et_pb_image][et_pb_button button_url=&#8221;https:\/\/shop.en.bionika.hu\/products\/travel-driver-and-test-set?_pos=3&#038;_fid=a71bc1cee&#038;_ss=c&#8221; url_new_window=&#8221;on&#8221; button_text=&#8221;Visit webshop!&#8221; button_alignment=&#8221;center&#8221; _builder_version=&#8221;4.25.1&#8243; _module_preset=&#8221;default&#8221; custom_button=&#8221;on&#8221; button_text_size=&#8221;19px&#8221; button_text_color=&#8221;#FFFFFF&#8221; button_bg_color=&#8221;#cc3985&#8243; button_border_width=&#8221;0px&#8221; button_border_color=&#8221;#ffffff&#8221; global_colors_info=&#8221;{}&#8221;][\/et_pb_button][\/et_pb_column][et_pb_column type=&#8221;1_2&#8243; module_class=&#8221;v-kozep&#8221; _builder_version=&#8221;4.16&#8243; custom_padding=&#8221;|||&#8221; global_colors_info=&#8221;{}&#8221; custom_padding__hover=&#8221;|||&#8221;][et_pb_text _builder_version=&#8221;4.16&#8243; global_colors_info=&#8221;{}&#8221;]<\/p>\n<p style=\"text-align: justify;\"><strong>TRAVEL Dual wrench- and test kit<\/strong><\/p>\n<blockquote>\n<p style=\"text-align: justify;\">This is a mix of the two previously introduced kits on one tray. Every manual drivers can be found in this kit that are needed for the most popular implant brands in the world. It consists of 13 screwdrivers, 23 implant drivers for testing the ossification, an adapter for machine elbow stems, and lastly, a ratchet torque wrench.<\/p>\n<\/blockquote>\n<p>[\/et_pb_text][\/et_pb_column][\/et_pb_row][\/et_pb_section][et_pb_section fb_built=&#8221;1&#8243; make_equal=&#8221;on&#8221; specialty=&#8221;on&#8221; module_class_1=&#8221;v-kozep&#8221; _builder_version=&#8221;4.16&#8243; background_color=&#8221;#f2f2f2&#8243; custom_padding=&#8221;0px||0px|0&#8243; global_colors_info=&#8221;{}&#8221;][et_pb_column type=&#8221;1_2&#8243; specialty_columns=&#8221;2&#8243; module_class=&#8221;v-kozep&#8221; _builder_version=&#8221;4.16&#8243; custom_padding=&#8221;|||&#8221; global_colors_info=&#8221;{}&#8221; custom_padding__hover=&#8221;|||&#8221;][et_pb_row_inner make_equal=&#8221;on&#8221; admin_label=&#8221;Sor&#8221; module_id=&#8221;v-kozep&#8221; _builder_version=&#8221;4.16&#8243; global_colors_info=&#8221;{}&#8221;][et_pb_column_inner saved_specialty_column_type=&#8221;1_2&#8243; _builder_version=&#8221;4.16&#8243; custom_padding=&#8221;|||&#8221; global_colors_info=&#8221;{}&#8221; custom_padding__hover=&#8221;|||&#8221;][et_pb_text _builder_version=&#8221;4.16&#8243; global_colors_info=&#8221;{}&#8221;]<\/p>\n<p style=\"text-align: justify;\"><strong>Ratchet torque wrench<\/strong><\/p>\n<p style=\"text-align: justify;\">The ratchet torque wrench is an instrument for tightening the screws under a given pressure, and for inserting the implants. Using the degree of torque you selected, the wrench provides the optimal power transmission during the insertion of the implant.<\/p>\n<p style=\"text-align: justify;\">The scale of the torque rates from 15 to 35 Ncm. The desired torques, from 15 Ncm, can be reached by rotating the wrench&#8217;s adjuster screw to the right. There is no limit to which the torque can be increased, all you need to do, is to rotate the wrench&#8217;s adjuster screw to the stop. This means that the degree of the torque can be much higher than it is shown on the instrument.<\/p>\n<p>[\/et_pb_text][et_pb_image src=&#8221;https:\/\/www.bionika.hu\/wp-content\/uploads\/2017\/06\/racsniskulcs.png&#8221; alt=&#8221;Ratchet torque wrench with a torque scale and indicators which make the usage easier.&#8221; align_tablet=&#8221;center&#8221; align_phone=&#8221;&#8221; align_last_edited=&#8221;on|desktop&#8221; _builder_version=&#8221;4.18.0&#8243; animation_style=&#8221;slide&#8221; animation_direction=&#8221;left&#8221; animation_duration=&#8221;500ms&#8221; animation_intensity_slide=&#8221;10%&#8221; global_colors_info=&#8221;{}&#8221;][\/et_pb_image][\/et_pb_column_inner][\/et_pb_row_inner][\/et_pb_column][et_pb_column type=&#8221;1_2&#8243; _builder_version=&#8221;4.16&#8243; custom_padding=&#8221;|||&#8221; global_colors_info=&#8221;{}&#8221; custom_padding__hover=&#8221;|||&#8221;][et_pb_image src=&#8221;http:\/\/bionika.hu\/wp-content\/uploads\/2017\/06\/racsnis-nyomatekkulcs-hasznalata.png&#8221; alt=&#8221;The usage of ratchet torque wrench. The locking screw can be screwed to the implant with the help of an implant key driver , with the help of the ratchet torque wrench. The desired torques can be set from 15 Ncm to the right.&#8221; align=&#8221;center&#8221; align_tablet=&#8221;center&#8221; align_phone=&#8221;&#8221; align_last_edited=&#8221;on|desktop&#8221; _builder_version=&#8221;4.18.0&#8243; max_width=&#8221;350px&#8221; animation_style=&#8221;slide&#8221; animation_direction=&#8221;right&#8221; animation_duration=&#8221;500ms&#8221; animation_intensity_slide=&#8221;10%&#8221; animation=&#8221;right&#8221; global_colors_info=&#8221;{}&#8221;][\/et_pb_image][et_pb_button button_url=&#8221;https:\/\/shop.en.bionika.hu\/products\/bionika-ratchet-torque-wrench?_pos=1&#038;_fid=3789cc190&#038;_ss=c&#8221; url_new_window=&#8221;on&#8221; button_text=&#8221;Visit webshop!&#8221; button_alignment=&#8221;center&#8221; _builder_version=&#8221;4.25.1&#8243; _module_preset=&#8221;default&#8221; custom_button=&#8221;on&#8221; button_text_size=&#8221;19px&#8221; button_text_color=&#8221;#FFFFFF&#8221; button_bg_color=&#8221;#cc3985&#8243; button_border_width=&#8221;0px&#8221; button_border_color=&#8221;#ffffff&#8221; custom_margin=&#8221;||20px||false|false&#8221; custom_padding=&#8221;||||false|false&#8221; global_colors_info=&#8221;{}&#8221;][\/et_pb_button][\/et_pb_column][\/et_pb_section][et_pb_section fb_built=&#8221;1&#8243; _builder_version=&#8221;4.16&#8243; custom_padding=&#8221;54px||0px|&#8221; global_colors_info=&#8221;{}&#8221;][et_pb_row column_structure=&#8221;1_2,1_2&#8243; make_equal=&#8221;on&#8221; admin_label=&#8221;row&#8221; _builder_version=&#8221;4.16&#8243; background_size=&#8221;initial&#8221; background_position=&#8221;top_left&#8221; background_repeat=&#8221;repeat&#8221; locked=&#8221;off&#8221; global_colors_info=&#8221;{}&#8221;][et_pb_column type=&#8221;1_2&#8243; _builder_version=&#8221;4.16&#8243; custom_padding=&#8221;|||&#8221; global_colors_info=&#8221;{}&#8221; custom_padding__hover=&#8221;|||&#8221;][et_pb_image src=&#8221;https:\/\/www.bionika.hu\/wp-content\/uploads\/travel-screwdriver-pdf.png&#8221; alt=&#8221;Utaz\u00f3 csavarh\u00faz\u00f3-\u00e9s tesztk\u00e9szletek katal\u00f3gus&#8221; url=&#8221;https:\/\/www.bionika.hu\/wp-content\/uploads\/travel-screwdrivers-ENG.pdf&#8221; url_new_window=&#8221;on&#8221; align=&#8221;center&#8221; align_tablet=&#8221;center&#8221; align_phone=&#8221;&#8221; align_last_edited=&#8221;on|desktop&#8221; _builder_version=&#8221;4.26.0&#8243; animation_style=&#8221;slide&#8221; animation_direction=&#8221;left&#8221; animation_duration=&#8221;500ms&#8221; animation_intensity_slide=&#8221;10%&#8221; hover_enabled=&#8221;0&#8243; global_colors_info=&#8221;{}&#8221; title_text=&#8221;travel-screwdriver-pdf&#8221; sticky_enabled=&#8221;0&#8243;][\/et_pb_image][\/et_pb_column][et_pb_column type=&#8221;1_2&#8243; module_class=&#8221;v-kozep&#8221; _builder_version=&#8221;4.16&#8243; custom_padding=&#8221;|||&#8221; global_colors_info=&#8221;{}&#8221; custom_padding__hover=&#8221;|||&#8221;][et_pb_text admin_label=&#8221;Sz\u00f6veg&#8221; _builder_version=&#8221;4.25.1&#8243; text_font=&#8221;||||||||&#8221; text_font_size=&#8221;24px&#8221; text_line_height=&#8221;1.3em&#8221; background_size=&#8221;initial&#8221; background_position=&#8221;top_left&#8221; background_repeat=&#8221;repeat&#8221; text_orientation=&#8221;center&#8221; width=&#8221;70%&#8221; text_font_size_tablet=&#8221;&#8221; text_font_size_phone=&#8221;18px&#8221; text_font_size_last_edited=&#8221;on|phone&#8221; locked=&#8221;off&#8221; global_colors_info=&#8221;{}&#8221;]<\/p>\n<p><span style=\"color: #02b5ec;\"><strong>For further information, <\/strong><\/span><span style=\"color: #02b5ec;\"><strong>check out our catalogue!<\/strong><\/span><\/p>\n<p>[\/et_pb_text][\/et_pb_column][\/et_pb_row][\/et_pb_section][et_pb_section fb_built=&#8221;1&#8243; _builder_version=&#8221;4.18.0&#8243; background_color=&#8221;#FFFFFF&#8221; custom_padding=&#8221;0px|0px|0px|0px&#8221; global_colors_info=&#8221;{}&#8221;][et_pb_row admin_label=&#8221;row&#8221; _builder_version=&#8221;4.16&#8243; background_size=&#8221;initial&#8221; background_position=&#8221;top_left&#8221; background_repeat=&#8221;repeat&#8221; global_colors_info=&#8221;{}&#8221;][et_pb_column type=&#8221;4_4&#8243; _builder_version=&#8221;4.16&#8243; custom_padding=&#8221;|||&#8221; global_colors_info=&#8221;{}&#8221; custom_padding__hover=&#8221;|||&#8221;][et_pb_button button_url=&#8221;https:\/\/shop.en.bionika.hu\/collections\/dental-implantation-instruments?sort_by=manual&#038;filter.p.m.custom.instruments=Universal+driver+kits#fokategoria&#8221; url_new_window=&#8221;on&#8221; button_text=&#8221;Visit webshop!&#8221; button_alignment=&#8221;center&#8221; _builder_version=&#8221;4.25.1&#8243; _module_preset=&#8221;default&#8221; custom_button=&#8221;on&#8221; button_text_size=&#8221;19px&#8221; button_text_color=&#8221;#FFFFFF&#8221; button_bg_color=&#8221;#cc3985&#8243; button_border_width=&#8221;0px&#8221; button_border_color=&#8221;#ffffff&#8221; global_colors_info=&#8221;{}&#8221;][\/et_pb_button][\/et_pb_column][\/et_pb_row][\/et_pb_section]<\/p>\n","protected":false},"excerpt":{"rendered":"<p>TRAVEL screwdriver- and test kitBIONIKA TRAVEL kits The helpers of the travelling implantologist and dental technicianBIONIKA has developed the screwdriver and test kits that provide perfect operation during interventions.\u00a0We have developed these kits in order to simplify the insertion and removal of head screws, implants and abutments. If you &#8220;travel in implantology&#8221;, or patients travel [&hellip;]<\/p>\n","protected":false},"author":5,"featured_media":0,"parent":0,"menu_order":0,"comment_status":"closed","ping_status":"closed","template":"","meta":{"_et_pb_use_builder":"on","_et_pb_old_content":"","_et_gb_content_width":"","footnotes":""},"class_list":["post-9842","page","type-page","status-publish","hentry"],"_links":{"self":[{"href":"https:\/\/www.bionika.hu\/en\/wp-json\/wp\/v2\/pages\/9842","targetHints":{"allow":["GET"]}}],"collection":[{"href":"https:\/\/www.bionika.hu\/en\/wp-json\/wp\/v2\/pages"}],"about":[{"href":"https:\/\/www.bionika.hu\/en\/wp-json\/wp\/v2\/types\/page"}],"author":[{"embeddable":true,"href":"https:\/\/www.bionika.hu\/en\/wp-json\/wp\/v2\/users\/5"}],"replies":[{"embeddable":true,"href":"https:\/\/www.bionika.hu\/en\/wp-json\/wp\/v2\/comments?post=9842"}],"version-history":[{"count":11,"href":"https:\/\/www.bionika.hu\/en\/wp-json\/wp\/v2\/pages\/9842\/revisions"}],"predecessor-version":[{"id":57855,"href":"https:\/\/www.bionika.hu\/en\/wp-json\/wp\/v2\/pages\/9842\/revisions\/57855"}],"wp:attachment":[{"href":"https:\/\/www.bionika.hu\/en\/wp-json\/wp\/v2\/media?parent=9842"}],"curies":[{"name":"wp","href":"https:\/\/api.w.org\/{rel}","templated":true}]}}